{"id":2512,"date":"2024-03-08T14:34:43","date_gmt":"2024-03-08T13:34:43","guid":{"rendered":"https:\/\/convergen-ce.com\/szolgaltatasok\/befektetes-2"},"modified":"2026-04-07T13:17:04","modified_gmt":"2026-04-07T11:17:04","slug":"befektetes","status":"publish","type":"page","link":"https:\/\/convergen-ce.com\/hu\/szolgaltatasok\/befektetes","title":{"rendered":"Befektet\u00e9s"},"content":{"rendered":"\t\t<div data-elementor-type=\"wp-page\" data-elementor-id=\"2512\" class=\"elementor elementor-2512 elementor-2491\" data-elementor-post-type=\"page\">\n\t\t\t\t<div class=\"elementor-element elementor-element-465425d e-flex e-con-boxed e-con e-parent\" data-id=\"465425d\" data-element_type=\"container\" data-e-type=\"container\" data-settings=\"{&quot;background_background&quot;:&quot;classic&quot;}\">\n\t\t\t\t\t<div class=\"e-con-inner\">\n\t\t\t\t<div class=\"elementor-element elementor-element-939b64e custom-page-title elementor-widget elementor-widget-heading\" data-id=\"939b64e\" data-element_type=\"widget\" data-e-type=\"widget\" data-widget_type=\"heading.default\">\n\t\t\t\t<div class=\"elementor-widget-container\">\n\t\t\t\t\t<h2 class=\"elementor-heading-title elementor-size-default\">Befektet\u00e9s<\/h2>\t\t\t\t<\/div>\n\t\t\t\t<\/div>\n\t\t\t\t<div class=\"elementor-element elementor-element-b11b59a service-text custom-page-description elementor-widget elementor-widget-text-editor\" data-id=\"b11b59a\" data-element_type=\"widget\" data-e-type=\"widget\" data-widget_type=\"text-editor.default\">\n\t\t\t\t<div class=\"elementor-widget-container\">\n\t\t\t\t\t\t\t\t\t<p>A piaci \u00e1tlagn\u00e1l magasabb hozamokat el\u00e9r\u0151 befektet\u00e9si lehet\u0151s\u00e9geket k\u00edn\u00e1lunk partnereinknek a p\u00e9nz\u00fcgyi c\u00e9ljaiknak megfelel\u0151en. Seg\u00edts\u00e9get ny\u00fajtunk az ingatlan v\u00e1s\u00e1rl\u00e1sa \u00e9s elad\u00e1sa sor\u00e1n.<\/p>\t\t\t\t\t\t\t\t<\/div>\n\t\t\t\t<\/div>\n\t\t\t\t\t<\/div>\n\t\t\t\t<\/div>\n\t\t<div class=\"elementor-element elementor-element-0cd4c02 e-flex e-con-boxed e-con e-parent\" data-id=\"0cd4c02\" data-element_type=\"container\" data-e-type=\"container\">\n\t\t\t\t\t<div class=\"e-con-inner\">\n\t\t<div class=\"elementor-element elementor-element-f2fd99e e-con-full e-flex e-con e-child\" data-id=\"f2fd99e\" data-element_type=\"container\" data-e-type=\"container\">\n\t\t<div class=\"elementor-element elementor-element-1f4fe77 e-con-full e-flex e-con e-child\" data-id=\"1f4fe77\" data-element_type=\"container\" data-e-type=\"container\" data-settings=\"{&quot;background_background&quot;:&quot;classic&quot;}\">\n\t\t\t\t<div class=\"elementor-element elementor-element-3c8eb36 elementor-widget elementor-widget-text-editor\" data-id=\"3c8eb36\" data-element_type=\"widget\" data-e-type=\"widget\" data-widget_type=\"text-editor.default\">\n\t\t\t\t<div class=\"elementor-widget-container\">\n\t\t\t\t\t\t\t\t\t<p data-start=\"94\" data-end=\"274\">Tudatos kock\u00e1zatkezel\u00e9ssel \u00e9s j\u00f6v\u0151orient\u00e1lt fejleszt\u00e9sekkel teremt\u00fcnk fenntarthat\u00f3, hossz\u00fa t\u00e1v\u00fa \u00e9rt\u00e9ket ingatlanportf\u00f3li\u00f3nkban.<\/p><p data-start=\"281\" data-end=\"494\">T\u00f6bb, mint \u20ac750 milli\u00f3 \u00e9rt\u00e9k\u0171 ingatlanv\u00e1s\u00e1rl\u00e1ssal \u00e9s \u00e9rt\u00e9kes\u00edt\u00e9ssel kapcsolatos tapasztalatunkkal a h\u00e1tunk m\u00f6g\u00f6tt bonyol\u00edtjuk az ingatlan tranzakci\u00f3kat, legyen sz\u00f3 v\u00e1s\u00e1rl\u00e1sr\u00f3l, elad\u00e1sr\u00f3l vagy \u201esale and lease back\u201d lebonyol\u00edt\u00e1s\u00e1r\u00f3l.<\/p><p data-start=\"501\" data-end=\"803\">Tan\u00e1csad\u00f3k vagyunk, nem br\u00f3kerek. Saj\u00e1t tapasztalatb\u00f3l tudjuk mennyire hi\u00e1baval\u00f3 magas \u00fcgyn\u00f6ks\u00e9gi d\u00edjakat fizetni, ha nem r\u00e9szletes \u00e9s mindenre kiterjed\u0151 t\u00e1mogat\u00e1st kapunk cser\u00e9be. Kiterjedt int\u00e9zm\u00e9nyi, struktur\u00e1l\u00e1si \u00e9s fejleszt\u0151i tapasztalatunk seg\u00edts\u00e9g\u00e9vel jelent\u0151sen hozz\u00e1j\u00e1rulunk a t\u00e1rgyal\u00e1sokhoz mik\u00f6zben mi koncentr\u00e1lunk a sokszor f\u00e1raszt\u00f3 r\u00e9szletekre.  <\/p><p data-start=\"810\" data-end=\"962\">Mivel teljesk\u00f6r\u0171 szolg\u00e1ltat\u00e1sunk r\u00e9sze az akviz\u00edci\u00f3s vagy \u00e9rt\u00e9kes\u00edt\u00e9si d\u00edjaknak \u00edgy a teljes tranzakci\u00f3s k\u00f6lts\u00e9g alacsonyabb \u00e9s biztos\u00edtott az elk\u00f6telezetts\u00e9g.<\/p>\t\t\t\t\t\t\t\t<\/div>\n\t\t\t\t<\/div>\n\t\t\t\t<\/div>\n\t\t<div class=\"elementor-element elementor-element-8af0414 e-con-full e-flex e-con e-child\" data-id=\"8af0414\" data-element_type=\"container\" data-e-type=\"container\">\n\t\t\t\t<div class=\"elementor-element elementor-element-fc60820 elementor-widget__width-auto narancssarga-gomb-balra-nyillal elementor-widget elementor-widget-button\" data-id=\"fc60820\" data-element_type=\"widget\" data-e-type=\"widget\" data-widget_type=\"button.default\">\n\t\t\t\t<div class=\"elementor-widget-container\">\n\t\t\t\t\t\t\t\t\t<div class=\"elementor-button-wrapper\">\n\t\t\t\t\t<a class=\"elementor-button elementor-button-link elementor-size-sm\" href=\"https:\/\/convergen-ce.com\/hu\/szolgaltatasok\/vagyonkezeles-2\">\n\t\t\t\t\t\t<span class=\"elementor-button-content-wrapper\">\n\t\t\t\t\t\t\t\t\t<span class=\"elementor-button-text\">Vagyonkezel\u00e9s<\/span>\n\t\t\t\t\t<\/span>\n\t\t\t\t\t<\/a>\n\t\t\t\t<\/div>\n\t\t\t\t\t\t\t\t<\/div>\n\t\t\t\t<\/div>\n\t\t\t\t<div class=\"elementor-element elementor-element-7f65521 elementor-widget__width-auto narancssarga-gomb-jobbra-nyillal elementor-widget elementor-widget-button\" data-id=\"7f65521\" data-element_type=\"widget\" data-e-type=\"widget\" data-widget_type=\"button.default\">\n\t\t\t\t<div class=\"elementor-widget-container\">\n\t\t\t\t\t\t\t\t\t<div class=\"elementor-button-wrapper\">\n\t\t\t\t\t<a class=\"elementor-button elementor-button-link elementor-size-sm\" href=\"https:\/\/convergen-ce.com\/hu\/szolgaltatasok\/berbeadas-2\">\n\t\t\t\t\t\t<span class=\"elementor-button-content-wrapper\">\n\t\t\t\t\t\t\t\t\t<span class=\"elementor-button-text\">B\u00e9rbead\u00e1s<\/span>\n\t\t\t\t\t<\/span>\n\t\t\t\t\t<\/a>\n\t\t\t\t<\/div>\n\t\t\t\t\t\t\t\t<\/div>\n\t\t\t\t<\/div>\n\t\t\t\t<\/div>\n\t\t\t\t<\/div>\n\t\t<div class=\"elementor-element elementor-element-d09cacd e-con-full custom-highlight-sidebar e-flex e-con e-child\" data-id=\"d09cacd\" data-element_type=\"container\" data-e-type=\"container\" data-settings=\"{&quot;background_background&quot;:&quot;classic&quot;}\">\n\t\t\t\t<div class=\"elementor-element elementor-element-900246f elementor-widget elementor-widget-heading\" data-id=\"900246f\" data-element_type=\"widget\" data-e-type=\"widget\" data-widget_type=\"heading.default\">\n\t\t\t\t<div class=\"elementor-widget-container\">\n\t\t\t\t\t<h5 class=\"elementor-heading-title elementor-size-default\">Bros\u00fara let\u00f6lt\u00e9se<\/h5>\t\t\t\t<\/div>\n\t\t\t\t<\/div>\n\t\t\t\t<div class=\"elementor-element elementor-element-bfcf77f elementor-widget elementor-widget-text-editor\" data-id=\"bfcf77f\" data-element_type=\"widget\" data-e-type=\"widget\" data-widget_type=\"text-editor.default\">\n\t\t\t\t<div class=\"elementor-widget-container\">\n\t\t\t\t\t\t\t\t\t<p>Tov\u00e1bbi inform\u00e1ci\u00f3k\u00e9rt t\u00f6ltsd le bros\u00far\u00e1nkat, vagy l\u00e9pj vel\u00fcnk k\u00f6zvetlen\u00fcl kapcsolatba.<\/p>\t\t\t\t\t\t\t\t<\/div>\n\t\t\t\t<\/div>\n\t\t\t\t<div class=\"elementor-element elementor-element-ac07a90 elementor-widget elementor-widget-button\" data-id=\"ac07a90\" data-element_type=\"widget\" data-e-type=\"widget\" data-widget_type=\"button.default\">\n\t\t\t\t<div class=\"elementor-widget-container\">\n\t\t\t\t\t\t\t\t\t<div class=\"elementor-button-wrapper\">\n\t\t\t\t\t<a class=\"elementor-button elementor-button-link elementor-size-sm\" href=\"https:\/\/convergen-ce.com\/wp-content\/uploads\/2026\/04\/CCE_bemutatkozo_2026.pdf\">\n\t\t\t\t\t\t<span class=\"elementor-button-content-wrapper\">\n\t\t\t\t\t\t<span class=\"elementor-button-icon\">\n\t\t\t\t<svg aria-hidden=\"true\" class=\"e-font-icon-svg e-fas-download\" viewBox=\"0 0 512 512\" xmlns=\"http:\/\/www.w3.org\/2000\/svg\"><path d=\"M216 0h80c13.3 0 24 10.7 24 24v168h87.7c17.8 0 26.7 21.5 14.1 34.1L269.7 378.3c-7.5 7.5-19.8 7.5-27.3 0L90.1 226.1c-12.6-12.6-3.7-34.1 14.1-34.1H192V24c0-13.3 10.7-24 24-24zm296 376v112c0 13.3-10.7 24-24 24H24c-13.3 0-24-10.7-24-24V376c0-13.3 10.7-24 24-24h146.7l49 49c20.1 20.1 52.5 20.1 72.6 0l49-49H488c13.3 0 24 10.7 24 24zm-124 88c0-11-9-20-20-20s-20 9-20 20 9 20 20 20 20-9 20-20zm64 0c0-11-9-20-20-20s-20 9-20 20 9 20 20 20 20-9 20-20z\"><\/path><\/svg>\t\t\t<\/span>\n\t\t\t\t\t\t\t\t\t<span class=\"elementor-button-text\">Marketing Bros\u00fara<\/span>\n\t\t\t\t\t<\/span>\n\t\t\t\t\t<\/a>\n\t\t\t\t<\/div>\n\t\t\t\t\t\t\t\t<\/div>\n\t\t\t\t<\/div>\n\t\t\t\t<div class=\"elementor-element elementor-element-aad0d8e elementor-position-left elementor-vertical-align-middle custom-sidebar-contact elementor-widget elementor-widget-image-box\" data-id=\"aad0d8e\" data-element_type=\"widget\" data-e-type=\"widget\" data-widget_type=\"image-box.default\">\n\t\t\t\t<div class=\"elementor-widget-container\">\n\t\t\t\t\t<div class=\"elementor-image-box-wrapper\"><figure class=\"elementor-image-box-img\"><a href=\"mailto:zligetvari@convergen-ce.com\" tabindex=\"-1\"><img loading=\"lazy\" decoding=\"async\" width=\"1500\" height=\"1500\" src=\"https:\/\/convergen-ce.com\/wp-content\/uploads\/2026\/03\/Zoltan-Ligetvari.png\" class=\"attachment-full size-full wp-image-7309\" alt=\"\" srcset=\"https:\/\/convergen-ce.com\/wp-content\/uploads\/2026\/03\/Zoltan-Ligetvari.png 1500w, https:\/\/convergen-ce.com\/wp-content\/uploads\/2026\/03\/Zoltan-Ligetvari-300x300.png 300w, https:\/\/convergen-ce.com\/wp-content\/uploads\/2026\/03\/Zoltan-Ligetvari-1024x1024.png 1024w, https:\/\/convergen-ce.com\/wp-content\/uploads\/2026\/03\/Zoltan-Ligetvari-150x150.png 150w, https:\/\/convergen-ce.com\/wp-content\/uploads\/2026\/03\/Zoltan-Ligetvari-768x768.png 768w\" sizes=\"auto, (max-width: 1500px) 100vw, 1500px\" \/><\/a><\/figure><div class=\"elementor-image-box-content\"><p class=\"elementor-image-box-description\"><span style=\"color: #142D5A\">\nZolt\u00e1n Ligetv\u00e1ri<\/span><br>Befektet\u00e9si igazgat\u00f3<br>zligetvari@convergen-ce.com<\/p><\/div><\/div>\t\t\t\t<\/div>\n\t\t\t\t<\/div>\n\t\t\t\t<\/div>\n\t\t\t\t\t<\/div>\n\t\t\t\t<\/div>\n\t\t\t\t<\/div>\n\t\t","protected":false},"excerpt":{"rendered":"<p>Befektet\u00e9s A piaci \u00e1tlagn\u00e1l magasabb hozamokat el\u00e9r\u0151 befektet\u00e9si lehet\u0151s\u00e9geket k\u00edn\u00e1lunk partnereinknek a p\u00e9nz\u00fcgyi c\u00e9ljaiknak megfelel\u0151en. Seg\u00edts\u00e9get ny\u00fajtunk az ingatlan v\u00e1s\u00e1rl\u00e1sa \u00e9s elad\u00e1sa sor\u00e1n. Tudatos kock\u00e1zatkezel\u00e9ssel \u00e9s j\u00f6v\u0151orient\u00e1lt fejleszt\u00e9sekkel teremt\u00fcnk fenntarthat\u00f3, hossz\u00fa t\u00e1v\u00fa \u00e9rt\u00e9ket ingatlanportf\u00f3li\u00f3nkban. T\u00f6bb, mint \u20ac750 milli\u00f3 \u00e9rt\u00e9k\u0171 ingatlanv\u00e1s\u00e1rl\u00e1ssal \u00e9s \u00e9rt\u00e9kes\u00edt\u00e9ssel kapcsolatos tapasztalatunkkal a h\u00e1tunk m\u00f6g\u00f6tt bonyol\u00edtjuk az ingatlan tranzakci\u00f3kat, legyen sz\u00f3 v\u00e1s\u00e1rl\u00e1sr\u00f3l, elad\u00e1sr\u00f3l &#8230; <a title=\"Befektet\u00e9s\" class=\"read-more\" href=\"https:\/\/convergen-ce.com\/hu\/szolgaltatasok\/befektetes\" aria-label=\"Read more about Befektet\u00e9s\">Olvasson tov\u00e1bb<\/a><\/p>\n","protected":false},"author":8,"featured_media":0,"parent":527,"menu_order":0,"comment_status":"closed","ping_status":"closed","template":"elementor_header_footer","meta":{"inline_featured_image":false,"footnotes":""},"class_list":["post-2512","page","type-page","status-publish"],"_links":{"self":[{"href":"https:\/\/convergen-ce.com\/hu\/wp-json\/wp\/v2\/pages\/2512","targetHints":{"allow":["GET"]}}],"collection":[{"href":"https:\/\/convergen-ce.com\/hu\/wp-json\/wp\/v2\/pages"}],"about":[{"href":"https:\/\/convergen-ce.com\/hu\/wp-json\/wp\/v2\/types\/page"}],"author":[{"embeddable":true,"href":"https:\/\/convergen-ce.com\/hu\/wp-json\/wp\/v2\/users\/8"}],"replies":[{"embeddable":true,"href":"https:\/\/convergen-ce.com\/hu\/wp-json\/wp\/v2\/comments?post=2512"}],"version-history":[{"count":6,"href":"https:\/\/convergen-ce.com\/hu\/wp-json\/wp\/v2\/pages\/2512\/revisions"}],"predecessor-version":[{"id":8235,"href":"https:\/\/convergen-ce.com\/hu\/wp-json\/wp\/v2\/pages\/2512\/revisions\/8235"}],"up":[{"embeddable":true,"href":"https:\/\/convergen-ce.com\/hu\/wp-json\/wp\/v2\/pages\/527"}],"wp:attachment":[{"href":"https:\/\/convergen-ce.com\/hu\/wp-json\/wp\/v2\/media?parent=2512"}],"curies":[{"name":"wp","href":"https:\/\/api.w.org\/{rel}","templated":true}]}}