{"id":2615,"date":"2024-03-11T13:56:47","date_gmt":"2024-03-11T12:56:47","guid":{"rendered":"https:\/\/convergen-ce.com\/szolgaltatasok\/fejlesztes-2"},"modified":"2026-04-07T13:18:17","modified_gmt":"2026-04-07T11:18:17","slug":"fejlesztes","status":"publish","type":"page","link":"https:\/\/convergen-ce.com\/hu\/szolgaltatasok\/fejlesztes","title":{"rendered":"Fejleszt\u00e9s"},"content":{"rendered":"\t\t<div data-elementor-type=\"wp-page\" data-elementor-id=\"2615\" class=\"elementor elementor-2615 elementor-2606\" data-elementor-post-type=\"page\">\n\t\t\t\t<div class=\"elementor-element elementor-element-50f9c5e e-flex e-con-boxed e-con e-parent\" data-id=\"50f9c5e\" data-element_type=\"container\" data-e-type=\"container\" data-settings=\"{&quot;background_background&quot;:&quot;classic&quot;}\">\n\t\t\t\t\t<div class=\"e-con-inner\">\n\t\t\t\t<div class=\"elementor-element elementor-element-5bf07f5 custom-page-title elementor-widget elementor-widget-heading\" data-id=\"5bf07f5\" data-element_type=\"widget\" data-e-type=\"widget\" data-widget_type=\"heading.default\">\n\t\t\t\t<div class=\"elementor-widget-container\">\n\t\t\t\t\t<h2 class=\"elementor-heading-title elementor-size-default\">Fejleszt\u00e9s<\/h2>\t\t\t\t<\/div>\n\t\t\t\t<\/div>\n\t\t\t\t<div class=\"elementor-element elementor-element-5bf794d service-text custom-page-description elementor-widget elementor-widget-text-editor\" data-id=\"5bf794d\" data-element_type=\"widget\" data-e-type=\"widget\" data-widget_type=\"text-editor.default\">\n\t\t\t\t<div class=\"elementor-widget-container\">\n\t\t\t\t\t\t\t\t\t<p>Az ingatlanfejleszt\u00e9s teljes folyamat\u00e1t menedzselj\u00fck a projekt azonos\u00edt\u00e1s\u00e1t\u00f3l annak \u00e9rt\u00e9kel\u00e9s\u00e9n, megv\u00e1s\u00e1rl\u00e1s\u00e1n, tervez\u00e9s\u00e9n, enged\u00e9lyez\u00e9s\u00e9n \u00e9s megval\u00f3s\u00edt\u00e1s\u00e1n \u00e1t. Tapasztalatunkkal megval\u00f3s\u00edtjuk befektet\u0151ink elk\u00e9pzel\u00e9seit a kereskedelmi ingatlanpiac valamennyi szegmens\u00e9ben.<\/p>\t\t\t\t\t\t\t\t<\/div>\n\t\t\t\t<\/div>\n\t\t\t\t\t<\/div>\n\t\t\t\t<\/div>\n\t\t<div class=\"elementor-element elementor-element-6d50cfc e-flex e-con-boxed e-con e-parent\" data-id=\"6d50cfc\" data-element_type=\"container\" data-e-type=\"container\">\n\t\t\t\t\t<div class=\"e-con-inner\">\n\t\t<div class=\"elementor-element elementor-element-37435c3 e-con-full e-flex e-con e-child\" data-id=\"37435c3\" data-element_type=\"container\" data-e-type=\"container\">\n\t\t<div class=\"elementor-element elementor-element-87bbd18 e-con-full e-flex e-con e-child\" data-id=\"87bbd18\" data-element_type=\"container\" data-e-type=\"container\" data-settings=\"{&quot;background_background&quot;:&quot;classic&quot;}\">\n\t\t\t\t<div class=\"elementor-element elementor-element-3f56bbd elementor-widget__width-initial elementor-widget elementor-widget-text-editor\" data-id=\"3f56bbd\" data-element_type=\"widget\" data-e-type=\"widget\" data-widget_type=\"text-editor.default\">\n\t\t\t\t<div class=\"elementor-widget-container\">\n\t\t\t\t\t\t\t\t\t<p data-start=\"69\" data-end=\"286\">200 000+ m\u00b2 fejleszt\u00e9si tapasztalattal \u00e9s 20+ \u00e9v projektmenedzsment m\u00falttal rendelkez\u00fcnk. Nemzetk\u00f6zi \u00e9s helyi kivitelez\u00e9si szak\u00e9rtelm\u00fcnkre \u00e9p\u00edtve kulcsrak\u00e9sz megval\u00f3s\u00edt\u00e1st biztos\u00edtunk retail, ipari \u00e9s irodai projektekben, garant\u00e1lt k\u00f6lts\u00e9gkeret \u00e9s \u00fctemez\u00e9s mellett<\/p><p data-start=\"293\" data-end=\"488\">Pr\u00e9mium lok\u00e1ci\u00f3j\u00fa, alulhasznos\u00edtott kereskedelmi ingatlanokat azonos\u00edtunk \u00e9s a piaci trendekhez igaz\u00edtott koncepci\u00f3val \u00fajrapozicion\u00e1lunk, fenntarthat\u00f3 m\u00f3don n\u00f6velve azok \u00e9rt\u00e9k\u00e9t \u00e9s \u00e9lettartam\u00e1t.<\/p><p data-start=\"495\" data-end=\"723\">Teljes k\u00f6r\u0171en menedzselj\u00fck a fejleszt\u00e9si folyamatot az azonos\u00edt\u00e1st\u00f3l a kivitelez\u00e9sig, biztos\u00edtva a komplex kereskedelmi ingatlanprojektek sikeres megval\u00f3s\u00edt\u00e1s\u00e1t.<\/p>\t\t\t\t\t\t\t\t<\/div>\n\t\t\t\t<\/div>\n\t\t\t\t<\/div>\n\t\t\t\t<div class=\"elementor-element elementor-element-524877a narancssarga-gomb-jobbra-nyillal elementor-widget elementor-widget-button\" data-id=\"524877a\" data-element_type=\"widget\" data-e-type=\"widget\" data-widget_type=\"button.default\">\n\t\t\t\t<div class=\"elementor-widget-container\">\n\t\t\t\t\t\t\t\t\t<div class=\"elementor-button-wrapper\">\n\t\t\t\t\t<a class=\"elementor-button elementor-button-link elementor-size-sm\" href=\"https:\/\/convergen-ce.com\/hu\/szolgaltatasok\/projekt-menedzsment\">\n\t\t\t\t\t\t<span class=\"elementor-button-content-wrapper\">\n\t\t\t\t\t\t\t\t\t<span class=\"elementor-button-text\">Projektmenedzsment<\/span>\n\t\t\t\t\t<\/span>\n\t\t\t\t\t<\/a>\n\t\t\t\t<\/div>\n\t\t\t\t\t\t\t\t<\/div>\n\t\t\t\t<\/div>\n\t\t\t\t<\/div>\n\t\t<div class=\"elementor-element elementor-element-ea453b4 e-con-full custom-highlight-sidebar e-flex e-con e-child\" data-id=\"ea453b4\" data-element_type=\"container\" data-e-type=\"container\" data-settings=\"{&quot;background_background&quot;:&quot;classic&quot;}\">\n\t\t\t\t<div class=\"elementor-element elementor-element-6772f1b elementor-widget elementor-widget-heading\" data-id=\"6772f1b\" data-element_type=\"widget\" data-e-type=\"widget\" data-widget_type=\"heading.default\">\n\t\t\t\t<div class=\"elementor-widget-container\">\n\t\t\t\t\t<h5 class=\"elementor-heading-title elementor-size-default\">Bros\u00fara let\u00f6lt\u00e9se<\/h5>\t\t\t\t<\/div>\n\t\t\t\t<\/div>\n\t\t\t\t<div class=\"elementor-element elementor-element-b451d87 elementor-widget elementor-widget-text-editor\" data-id=\"b451d87\" data-element_type=\"widget\" data-e-type=\"widget\" data-widget_type=\"text-editor.default\">\n\t\t\t\t<div class=\"elementor-widget-container\">\n\t\t\t\t\t\t\t\t\t<p>Tov\u00e1bbi inform\u00e1ci\u00f3k\u00e9rt t\u00f6ltsd le bros\u00far\u00e1nkat, vagy l\u00e9pj vel\u00fcnk k\u00f6zvetlen\u00fcl kapcsolatba.<\/p>\t\t\t\t\t\t\t\t<\/div>\n\t\t\t\t<\/div>\n\t\t\t\t<div class=\"elementor-element elementor-element-cb07123 narancssarga-gomb-jobbra-nyillal elementor-widget elementor-widget-button\" data-id=\"cb07123\" data-element_type=\"widget\" data-e-type=\"widget\" data-widget_type=\"button.default\">\n\t\t\t\t<div class=\"elementor-widget-container\">\n\t\t\t\t\t\t\t\t\t<div class=\"elementor-button-wrapper\">\n\t\t\t\t\t<a class=\"elementor-button elementor-button-link elementor-size-sm\" href=\"https:\/\/convergen-ce.com\/wp-content\/uploads\/2026\/04\/CCE_bemutatkozo_2026.pdf\">\n\t\t\t\t\t\t<span class=\"elementor-button-content-wrapper\">\n\t\t\t\t\t\t<span class=\"elementor-button-icon\">\n\t\t\t\t<svg aria-hidden=\"true\" class=\"e-font-icon-svg e-fas-download\" viewBox=\"0 0 512 512\" xmlns=\"http:\/\/www.w3.org\/2000\/svg\"><path d=\"M216 0h80c13.3 0 24 10.7 24 24v168h87.7c17.8 0 26.7 21.5 14.1 34.1L269.7 378.3c-7.5 7.5-19.8 7.5-27.3 0L90.1 226.1c-12.6-12.6-3.7-34.1 14.1-34.1H192V24c0-13.3 10.7-24 24-24zm296 376v112c0 13.3-10.7 24-24 24H24c-13.3 0-24-10.7-24-24V376c0-13.3 10.7-24 24-24h146.7l49 49c20.1 20.1 52.5 20.1 72.6 0l49-49H488c13.3 0 24 10.7 24 24zm-124 88c0-11-9-20-20-20s-20 9-20 20 9 20 20 20 20-9 20-20zm64 0c0-11-9-20-20-20s-20 9-20 20 9 20 20 20 20-9 20-20z\"><\/path><\/svg>\t\t\t<\/span>\n\t\t\t\t\t\t\t\t\t<span class=\"elementor-button-text\">Marketing Bros\u00fara<\/span>\n\t\t\t\t\t<\/span>\n\t\t\t\t\t<\/a>\n\t\t\t\t<\/div>\n\t\t\t\t\t\t\t\t<\/div>\n\t\t\t\t<\/div>\n\t\t\t\t<div class=\"elementor-element elementor-element-827026b elementor-position-left elementor-vertical-align-middle custom-sidebar-contact elementor-widget elementor-widget-image-box\" data-id=\"827026b\" data-element_type=\"widget\" data-e-type=\"widget\" data-widget_type=\"image-box.default\">\n\t\t\t\t<div class=\"elementor-widget-container\">\n\t\t\t\t\t<div class=\"elementor-image-box-wrapper\"><figure class=\"elementor-image-box-img\"><img loading=\"lazy\" decoding=\"async\" width=\"1500\" height=\"1500\" src=\"https:\/\/convergen-ce.com\/wp-content\/uploads\/2026\/03\/Csaba-Zeley.png\" class=\"attachment-full size-full wp-image-7291\" alt=\"\" srcset=\"https:\/\/convergen-ce.com\/wp-content\/uploads\/2026\/03\/Csaba-Zeley.png 1500w, https:\/\/convergen-ce.com\/wp-content\/uploads\/2026\/03\/Csaba-Zeley-300x300.png 300w, https:\/\/convergen-ce.com\/wp-content\/uploads\/2026\/03\/Csaba-Zeley-1024x1024.png 1024w, https:\/\/convergen-ce.com\/wp-content\/uploads\/2026\/03\/Csaba-Zeley-150x150.png 150w, https:\/\/convergen-ce.com\/wp-content\/uploads\/2026\/03\/Csaba-Zeley-768x768.png 768w\" sizes=\"auto, (max-width: 1500px) 100vw, 1500px\" \/><\/figure><div class=\"elementor-image-box-content\"><p class=\"elementor-image-box-description\"><span style=\"color: #142D5A\">\n\nCsaba Zeley <\/span><br>\u00dcgyvezet\u0151 igazgat\u00f3<br><a href=\"mailto:%20office@convergen-ce.com\" style=\"color: #142D5A\">office@convergen-ce.com<\/a><\/p><\/div><\/div>\t\t\t\t<\/div>\n\t\t\t\t<\/div>\n\t\t\t\t<\/div>\n\t\t\t\t\t<\/div>\n\t\t\t\t<\/div>\n\t\t\t\t<\/div>\n\t\t","protected":false},"excerpt":{"rendered":"<p>Fejleszt\u00e9s Az ingatlanfejleszt\u00e9s teljes folyamat\u00e1t menedzselj\u00fck a projekt azonos\u00edt\u00e1s\u00e1t\u00f3l annak \u00e9rt\u00e9kel\u00e9s\u00e9n, megv\u00e1s\u00e1rl\u00e1s\u00e1n, tervez\u00e9s\u00e9n, enged\u00e9lyez\u00e9s\u00e9n \u00e9s megval\u00f3s\u00edt\u00e1s\u00e1n \u00e1t. Tapasztalatunkkal megval\u00f3s\u00edtjuk befektet\u0151ink elk\u00e9pzel\u00e9seit a kereskedelmi ingatlanpiac valamennyi szegmens\u00e9ben. 200 000+ m\u00b2 fejleszt\u00e9si tapasztalattal \u00e9s 20+ \u00e9v projektmenedzsment m\u00falttal rendelkez\u00fcnk. Nemzetk\u00f6zi \u00e9s helyi kivitelez\u00e9si szak\u00e9rtelm\u00fcnkre \u00e9p\u00edtve kulcsrak\u00e9sz megval\u00f3s\u00edt\u00e1st biztos\u00edtunk retail, ipari \u00e9s irodai projektekben, garant\u00e1lt k\u00f6lts\u00e9gkeret \u00e9s \u00fctemez\u00e9s &#8230; <a title=\"Fejleszt\u00e9s\" class=\"read-more\" href=\"https:\/\/convergen-ce.com\/hu\/szolgaltatasok\/fejlesztes\" aria-label=\"Read more about Fejleszt\u00e9s\">Olvasson tov\u00e1bb<\/a><\/p>\n","protected":false},"author":8,"featured_media":0,"parent":527,"menu_order":0,"comment_status":"closed","ping_status":"closed","template":"elementor_header_footer","meta":{"inline_featured_image":false,"footnotes":""},"class_list":["post-2615","page","type-page","status-publish"],"_links":{"self":[{"href":"https:\/\/convergen-ce.com\/hu\/wp-json\/wp\/v2\/pages\/2615","targetHints":{"allow":["GET"]}}],"collection":[{"href":"https:\/\/convergen-ce.com\/hu\/wp-json\/wp\/v2\/pages"}],"about":[{"href":"https:\/\/convergen-ce.com\/hu\/wp-json\/wp\/v2\/types\/page"}],"author":[{"embeddable":true,"href":"https:\/\/convergen-ce.com\/hu\/wp-json\/wp\/v2\/users\/8"}],"replies":[{"embeddable":true,"href":"https:\/\/convergen-ce.com\/hu\/wp-json\/wp\/v2\/comments?post=2615"}],"version-history":[{"count":6,"href":"https:\/\/convergen-ce.com\/hu\/wp-json\/wp\/v2\/pages\/2615\/revisions"}],"predecessor-version":[{"id":8238,"href":"https:\/\/convergen-ce.com\/hu\/wp-json\/wp\/v2\/pages\/2615\/revisions\/8238"}],"up":[{"embeddable":true,"href":"https:\/\/convergen-ce.com\/hu\/wp-json\/wp\/v2\/pages\/527"}],"wp:attachment":[{"href":"https:\/\/convergen-ce.com\/hu\/wp-json\/wp\/v2\/media?parent=2615"}],"curies":[{"name":"wp","href":"https:\/\/api.w.org\/{rel}","templated":true}]}}