{"id":2817,"date":"2024-03-11T16:37:31","date_gmt":"2024-03-11T15:37:31","guid":{"rendered":"https:\/\/convergen-ce.com\/szolgaltatasok\/vagyonkezeles-2"},"modified":"2026-04-07T13:20:32","modified_gmt":"2026-04-07T11:20:32","slug":"vagyonkezeles-2","status":"publish","type":"page","link":"https:\/\/convergen-ce.com\/hu\/szolgaltatasok\/vagyonkezeles-2","title":{"rendered":"Vagyonkezel\u00e9s"},"content":{"rendered":"\t\t<div data-elementor-type=\"wp-page\" data-elementor-id=\"2817\" class=\"elementor elementor-2817 elementor-2692\" data-elementor-post-type=\"page\">\n\t\t\t\t<div class=\"elementor-element elementor-element-c96ab3b e-flex e-con-boxed e-con e-parent\" data-id=\"c96ab3b\" data-element_type=\"container\" data-e-type=\"container\" data-settings=\"{&quot;background_background&quot;:&quot;classic&quot;}\">\n\t\t\t\t\t<div class=\"e-con-inner\">\n\t\t\t\t<div class=\"elementor-element elementor-element-4c2e12c custom-page-title elementor-widget elementor-widget-heading\" data-id=\"4c2e12c\" data-element_type=\"widget\" data-e-type=\"widget\" data-widget_type=\"heading.default\">\n\t\t\t\t<div class=\"elementor-widget-container\">\n\t\t\t\t\t<h2 class=\"elementor-heading-title elementor-size-default\">Vagyonkezel\u00e9s<\/h2>\t\t\t\t<\/div>\n\t\t\t\t<\/div>\n\t\t\t\t<div class=\"elementor-element elementor-element-e85ab0d service-text custom-page-description elementor-widget elementor-widget-text-editor\" data-id=\"e85ab0d\" data-element_type=\"widget\" data-e-type=\"widget\" data-widget_type=\"text-editor.default\">\n\t\t\t\t<div class=\"elementor-widget-container\">\n\t\t\t\t\t\t\t\t\t<p>Jogi \u00e9s az ingatlannal kapcsolatos kock\u00e1zatok akt\u00edv helyi kezel\u00e9s\u00e9vel, marketing \u00e9s b\u00e9rl\u0151i kapcsolati tev\u00e9kenys\u00e9g\u00fcnkkel maximaliz\u00e1ljuk az ingatlanok bev\u00e9teleit.<\/p>\t\t\t\t\t\t\t\t<\/div>\n\t\t\t\t<\/div>\n\t\t\t\t\t<\/div>\n\t\t\t\t<\/div>\n\t\t<div class=\"elementor-element elementor-element-f29eac1 e-flex e-con-boxed e-con e-parent\" data-id=\"f29eac1\" data-element_type=\"container\" data-e-type=\"container\">\n\t\t\t\t\t<div class=\"e-con-inner\">\n\t\t<div class=\"elementor-element elementor-element-7cac2dc e-con-full e-flex e-con e-child\" data-id=\"7cac2dc\" data-element_type=\"container\" data-e-type=\"container\">\n\t\t<div class=\"elementor-element elementor-element-0edacef e-con-full e-flex e-con e-child\" data-id=\"0edacef\" data-element_type=\"container\" data-e-type=\"container\" data-settings=\"{&quot;background_background&quot;:&quot;classic&quot;}\">\n\t\t\t\t<div class=\"elementor-element elementor-element-d8068eb elementor-widget elementor-widget-text-editor\" data-id=\"d8068eb\" data-element_type=\"widget\" data-e-type=\"widget\" data-widget_type=\"text-editor.default\">\n\t\t\t\t<div class=\"elementor-widget-container\">\n\t\t\t\t\t\t\t\t\t<p data-start=\"85\" data-end=\"270\">\u00dcgyfeleink nemzetk\u00f6zi vagyonkezel\u0151 csapat\u00e1nak kiterjeszt\u00e9sek\u00e9nt dolgozunk a helyi vagyonkezel\u0151i feladatok ell\u00e1t\u00e1s\u00e1ban.<\/p><p data-start=\"272\" data-end=\"582\">Szolg\u00e1ltat\u00e1saink k\u00f6z\u00e9 tartozik a helyi c\u00e9gvezet\u00e9s, az ingatlant birtokl\u00f3 t\u00e1rsas\u00e1g \u00e9s az \u00e9p\u00fcletek \u00fczemeltet\u00e9s\u00e9vel megb\u00edzott szolg\u00e1ltat\u00f3k fel\u00fcgyelete, az ingatlanok \u00e9rt\u00e9k\u00e9nek emel\u00e9s\u00e9hez elengedhetetlen\u00fcl sz\u00fcks\u00e9ges a b\u00e9rl\u0151i kapcsolatok ki\u00e9p\u00edt\u00e9se \u00e9s fenntart\u00e1sa.<\/p><p data-start=\"584\" data-end=\"856\" data-is-last-node=\"\" data-is-only-node=\"\">Megb\u00edzhat\u00f3 \u00e9s k\u00f6lts\u00e9ghat\u00e9kony \u201eegyablakos\u201d szolg\u00e1ltat\u00e1st ny\u00fajtunk a helyi piacokon ingatlanokkal rendelkez\u0151 befektet\u00e9si alapoknak. <\/p>\t\t\t\t\t\t\t\t<\/div>\n\t\t\t\t<\/div>\n\t\t\t\t<\/div>\n\t\t<div class=\"elementor-element elementor-element-a0b44e7 e-con-full e-flex e-con e-child\" data-id=\"a0b44e7\" data-element_type=\"container\" data-e-type=\"container\">\n\t\t\t\t<div class=\"elementor-element elementor-element-d0b1d95 elementor-widget__width-auto narancssarga-gomb-balra-nyillal elementor-widget elementor-widget-button\" data-id=\"d0b1d95\" data-element_type=\"widget\" data-e-type=\"widget\" data-widget_type=\"button.default\">\n\t\t\t\t<div class=\"elementor-widget-container\">\n\t\t\t\t\t\t\t\t\t<div class=\"elementor-button-wrapper\">\n\t\t\t\t\t<a class=\"elementor-button elementor-button-link elementor-size-sm\" href=\"https:\/\/convergen-ce.com\/hu\/szolgaltatasok\/ingatlankezeles-2\">\n\t\t\t\t\t\t<span class=\"elementor-button-content-wrapper\">\n\t\t\t\t\t\t\t\t\t<span class=\"elementor-button-text\">Ingatlankezel\u00e9s<\/span>\n\t\t\t\t\t<\/span>\n\t\t\t\t\t<\/a>\n\t\t\t\t<\/div>\n\t\t\t\t\t\t\t\t<\/div>\n\t\t\t\t<\/div>\n\t\t\t\t<div class=\"elementor-element elementor-element-6fe45a3 elementor-widget__width-auto narancssarga-gomb-jobbra-nyillal elementor-widget elementor-widget-button\" data-id=\"6fe45a3\" data-element_type=\"widget\" data-e-type=\"widget\" data-widget_type=\"button.default\">\n\t\t\t\t<div class=\"elementor-widget-container\">\n\t\t\t\t\t\t\t\t\t<div class=\"elementor-button-wrapper\">\n\t\t\t\t\t<a class=\"elementor-button elementor-button-link elementor-size-sm\" href=\"https:\/\/convergen-ce.com\/hu\/szolgaltatasok\/befektetes\">\n\t\t\t\t\t\t<span class=\"elementor-button-content-wrapper\">\n\t\t\t\t\t\t\t\t\t<span class=\"elementor-button-text\">Befektet\u00e9s<\/span>\n\t\t\t\t\t<\/span>\n\t\t\t\t\t<\/a>\n\t\t\t\t<\/div>\n\t\t\t\t\t\t\t\t<\/div>\n\t\t\t\t<\/div>\n\t\t\t\t<\/div>\n\t\t\t\t<\/div>\n\t\t<div class=\"elementor-element elementor-element-cae730e e-con-full custom-highlight-sidebar e-flex e-con e-child\" data-id=\"cae730e\" data-element_type=\"container\" data-e-type=\"container\" data-settings=\"{&quot;background_background&quot;:&quot;classic&quot;}\">\n\t\t\t\t<div class=\"elementor-element elementor-element-e1c6de8 elementor-widget elementor-widget-heading\" data-id=\"e1c6de8\" data-element_type=\"widget\" data-e-type=\"widget\" data-widget_type=\"heading.default\">\n\t\t\t\t<div class=\"elementor-widget-container\">\n\t\t\t\t\t<h5 class=\"elementor-heading-title elementor-size-default\">Bros\u00fara let\u00f6lt\u00e9se<\/h5>\t\t\t\t<\/div>\n\t\t\t\t<\/div>\n\t\t\t\t<div class=\"elementor-element elementor-element-071f185 elementor-widget elementor-widget-text-editor\" data-id=\"071f185\" data-element_type=\"widget\" data-e-type=\"widget\" data-widget_type=\"text-editor.default\">\n\t\t\t\t<div class=\"elementor-widget-container\">\n\t\t\t\t\t\t\t\t\t<p>Tov\u00e1bbi inform\u00e1ci\u00f3k\u00e9rt t\u00f6ltsd le bros\u00far\u00e1nkat, vagy l\u00e9pj vel\u00fcnk k\u00f6zvetlen\u00fcl kapcsolatba.<\/p>\t\t\t\t\t\t\t\t<\/div>\n\t\t\t\t<\/div>\n\t\t\t\t<div class=\"elementor-element elementor-element-9e427cf narancssarga-gomb-jobbra-nyillal elementor-widget elementor-widget-button\" data-id=\"9e427cf\" data-element_type=\"widget\" data-e-type=\"widget\" data-widget_type=\"button.default\">\n\t\t\t\t<div class=\"elementor-widget-container\">\n\t\t\t\t\t\t\t\t\t<div class=\"elementor-button-wrapper\">\n\t\t\t\t\t<a class=\"elementor-button elementor-button-link elementor-size-sm\" href=\"https:\/\/convergen-ce.com\/wp-content\/uploads\/2026\/04\/CCE_bemutatkozo_2026.pdf\">\n\t\t\t\t\t\t<span class=\"elementor-button-content-wrapper\">\n\t\t\t\t\t\t<span class=\"elementor-button-icon\">\n\t\t\t\t<svg aria-hidden=\"true\" class=\"e-font-icon-svg e-fas-download\" viewBox=\"0 0 512 512\" xmlns=\"http:\/\/www.w3.org\/2000\/svg\"><path d=\"M216 0h80c13.3 0 24 10.7 24 24v168h87.7c17.8 0 26.7 21.5 14.1 34.1L269.7 378.3c-7.5 7.5-19.8 7.5-27.3 0L90.1 226.1c-12.6-12.6-3.7-34.1 14.1-34.1H192V24c0-13.3 10.7-24 24-24zm296 376v112c0 13.3-10.7 24-24 24H24c-13.3 0-24-10.7-24-24V376c0-13.3 10.7-24 24-24h146.7l49 49c20.1 20.1 52.5 20.1 72.6 0l49-49H488c13.3 0 24 10.7 24 24zm-124 88c0-11-9-20-20-20s-20 9-20 20 9 20 20 20 20-9 20-20zm64 0c0-11-9-20-20-20s-20 9-20 20 9 20 20 20 20-9 20-20z\"><\/path><\/svg>\t\t\t<\/span>\n\t\t\t\t\t\t\t\t\t<span class=\"elementor-button-text\">Marketing Bros\u00fara <\/span>\n\t\t\t\t\t<\/span>\n\t\t\t\t\t<\/a>\n\t\t\t\t<\/div>\n\t\t\t\t\t\t\t\t<\/div>\n\t\t\t\t<\/div>\n\t\t\t\t<div class=\"elementor-element elementor-element-ff3afa8 elementor-position-left elementor-vertical-align-middle custom-sidebar-contact elementor-widget elementor-widget-image-box\" data-id=\"ff3afa8\" data-element_type=\"widget\" data-e-type=\"widget\" data-widget_type=\"image-box.default\">\n\t\t\t\t<div class=\"elementor-widget-container\">\n\t\t\t\t\t<div class=\"elementor-image-box-wrapper\"><figure class=\"elementor-image-box-img\"><img loading=\"lazy\" decoding=\"async\" width=\"1500\" height=\"1500\" src=\"https:\/\/convergen-ce.com\/wp-content\/uploads\/2026\/03\/Csaba-Zeley.png\" class=\"attachment-full size-full wp-image-7291\" alt=\"\" srcset=\"https:\/\/convergen-ce.com\/wp-content\/uploads\/2026\/03\/Csaba-Zeley.png 1500w, https:\/\/convergen-ce.com\/wp-content\/uploads\/2026\/03\/Csaba-Zeley-300x300.png 300w, https:\/\/convergen-ce.com\/wp-content\/uploads\/2026\/03\/Csaba-Zeley-1024x1024.png 1024w, https:\/\/convergen-ce.com\/wp-content\/uploads\/2026\/03\/Csaba-Zeley-150x150.png 150w, https:\/\/convergen-ce.com\/wp-content\/uploads\/2026\/03\/Csaba-Zeley-768x768.png 768w\" sizes=\"auto, (max-width: 1500px) 100vw, 1500px\" \/><\/figure><div class=\"elementor-image-box-content\"><p class=\"elementor-image-box-description\"><span style=\"color: #142D5A\">\n\nCsaba Zeley <\/span><br>\u00dcgyvezet\u0151 igazgat\u00f3<br><a href=\"mailto:%20office@convergen-ce.com\" style=\"color: #142D5A\">office@convergen-ce.com<\/a><\/p><\/div><\/div>\t\t\t\t<\/div>\n\t\t\t\t<\/div>\n\t\t\t\t<\/div>\n\t\t\t\t\t<\/div>\n\t\t\t\t<\/div>\n\t\t\t\t<\/div>\n\t\t","protected":false},"excerpt":{"rendered":"<p>Vagyonkezel\u00e9s Jogi \u00e9s az ingatlannal kapcsolatos kock\u00e1zatok akt\u00edv helyi kezel\u00e9s\u00e9vel, marketing \u00e9s b\u00e9rl\u0151i kapcsolati tev\u00e9kenys\u00e9g\u00fcnkkel maximaliz\u00e1ljuk az ingatlanok bev\u00e9teleit. \u00dcgyfeleink nemzetk\u00f6zi vagyonkezel\u0151 csapat\u00e1nak kiterjeszt\u00e9sek\u00e9nt dolgozunk a helyi vagyonkezel\u0151i feladatok ell\u00e1t\u00e1s\u00e1ban. Szolg\u00e1ltat\u00e1saink k\u00f6z\u00e9 tartozik a helyi c\u00e9gvezet\u00e9s, az ingatlant birtokl\u00f3 t\u00e1rsas\u00e1g \u00e9s az \u00e9p\u00fcletek \u00fczemeltet\u00e9s\u00e9vel megb\u00edzott szolg\u00e1ltat\u00f3k fel\u00fcgyelete, az ingatlanok \u00e9rt\u00e9k\u00e9nek emel\u00e9s\u00e9hez elengedhetetlen\u00fcl sz\u00fcks\u00e9ges a b\u00e9rl\u0151i &#8230; <a title=\"Vagyonkezel\u00e9s\" class=\"read-more\" href=\"https:\/\/convergen-ce.com\/hu\/szolgaltatasok\/vagyonkezeles-2\" aria-label=\"Read more about Vagyonkezel\u00e9s\">Olvasson tov\u00e1bb<\/a><\/p>\n","protected":false},"author":8,"featured_media":0,"parent":527,"menu_order":0,"comment_status":"closed","ping_status":"closed","template":"elementor_header_footer","meta":{"inline_featured_image":false,"footnotes":""},"class_list":["post-2817","page","type-page","status-publish"],"_links":{"self":[{"href":"https:\/\/convergen-ce.com\/hu\/wp-json\/wp\/v2\/pages\/2817","targetHints":{"allow":["GET"]}}],"collection":[{"href":"https:\/\/convergen-ce.com\/hu\/wp-json\/wp\/v2\/pages"}],"about":[{"href":"https:\/\/convergen-ce.com\/hu\/wp-json\/wp\/v2\/types\/page"}],"author":[{"embeddable":true,"href":"https:\/\/convergen-ce.com\/hu\/wp-json\/wp\/v2\/users\/8"}],"replies":[{"embeddable":true,"href":"https:\/\/convergen-ce.com\/hu\/wp-json\/wp\/v2\/comments?post=2817"}],"version-history":[{"count":6,"href":"https:\/\/convergen-ce.com\/hu\/wp-json\/wp\/v2\/pages\/2817\/revisions"}],"predecessor-version":[{"id":8241,"href":"https:\/\/convergen-ce.com\/hu\/wp-json\/wp\/v2\/pages\/2817\/revisions\/8241"}],"up":[{"embeddable":true,"href":"https:\/\/convergen-ce.com\/hu\/wp-json\/wp\/v2\/pages\/527"}],"wp:attachment":[{"href":"https:\/\/convergen-ce.com\/hu\/wp-json\/wp\/v2\/media?parent=2817"}],"curies":[{"name":"wp","href":"https:\/\/api.w.org\/{rel}","templated":true}]}}