{"id":2822,"date":"2024-03-11T20:13:33","date_gmt":"2024-03-11T19:13:33","guid":{"rendered":"https:\/\/convergen-ce.com\/szolgaltatasok\/berbeadas-2"},"modified":"2026-04-07T13:27:18","modified_gmt":"2026-04-07T11:27:18","slug":"berbeadas-2","status":"publish","type":"page","link":"https:\/\/convergen-ce.com\/hu\/szolgaltatasok\/berbeadas-2","title":{"rendered":"B\u00e9rbead\u00e1s"},"content":{"rendered":"\t\t<div data-elementor-type=\"wp-page\" data-elementor-id=\"2822\" class=\"elementor elementor-2822 elementor-2783\" data-elementor-post-type=\"page\">\n\t\t\t\t<div class=\"elementor-element elementor-element-b1e24e5 e-flex e-con-boxed e-con e-parent\" data-id=\"b1e24e5\" data-element_type=\"container\" data-e-type=\"container\" data-settings=\"{&quot;background_background&quot;:&quot;classic&quot;}\">\n\t\t\t\t\t<div class=\"e-con-inner\">\n\t\t\t\t<div class=\"elementor-element elementor-element-680f93c custom-page-title elementor-widget elementor-widget-heading\" data-id=\"680f93c\" data-element_type=\"widget\" data-e-type=\"widget\" data-widget_type=\"heading.default\">\n\t\t\t\t<div class=\"elementor-widget-container\">\n\t\t\t\t\t<h2 class=\"elementor-heading-title elementor-size-default\">B\u00e9rbead\u00e1s<\/h2>\t\t\t\t<\/div>\n\t\t\t\t<\/div>\n\t\t\t\t<div class=\"elementor-element elementor-element-f7c0894 service-text custom-page-description elementor-widget elementor-widget-text-editor\" data-id=\"f7c0894\" data-element_type=\"widget\" data-e-type=\"widget\" data-widget_type=\"text-editor.default\">\n\t\t\t\t<div class=\"elementor-widget-container\">\n\t\t\t\t\t\t\t\t\t<p>Helyi vagyonkezel\u00e9si szolg\u00e1ltat\u00e1saink r\u00e9szek\u00e9nt a portf\u00f3li\u00f3nkban szerepl\u0151, minden \u00e9p\u00fclet\u00fcnknek a marketing \u00e9s b\u00e9rbead\u00e1si feladatainak koordin\u00e1l\u00e1s\u00e1t biztos\u00edtjuk.<\/p>\t\t\t\t\t\t\t\t<\/div>\n\t\t\t\t<\/div>\n\t\t\t\t\t<\/div>\n\t\t\t\t<\/div>\n\t\t<div class=\"elementor-element elementor-element-aa4ab61 e-flex e-con-boxed e-con e-parent\" data-id=\"aa4ab61\" data-element_type=\"container\" data-e-type=\"container\">\n\t\t\t\t\t<div class=\"e-con-inner\">\n\t\t<div class=\"elementor-element elementor-element-8534aae e-con-full e-flex e-con e-child\" data-id=\"8534aae\" data-element_type=\"container\" data-e-type=\"container\">\n\t\t<div class=\"elementor-element elementor-element-3ef4fb4 e-con-full e-flex e-con e-child\" data-id=\"3ef4fb4\" data-element_type=\"container\" data-e-type=\"container\" data-settings=\"{&quot;background_background&quot;:&quot;classic&quot;}\">\n\t\t\t\t<div class=\"elementor-element elementor-element-1372a17 elementor-widget elementor-widget-text-editor\" data-id=\"1372a17\" data-element_type=\"widget\" data-e-type=\"widget\" data-widget_type=\"text-editor.default\">\n\t\t\t\t<div class=\"elementor-widget-container\">\n\t\t\t\t\t\t\t\t\t<p data-start=\"79\" data-end=\"210\">Csapatunk sz\u00e9lesk\u00f6r\u0171 tapasztalat\u00e1nak, a portf\u00f3li\u00f3nkban megl\u00e9v\u0151 -\u00e9s volt b\u00e9rl\u0151inkkel kialak\u00edtott k\u00fcl\u00f6nleges kapcsolatainknak k\u00f6sz\u00f6nhet\u0151en a Convergence csapata p\u00e1ratlan az \u00fcres ter\u00fcletek gyors- \u00e9s sikeres b\u00e9rbead\u00e1s\u00e1ban. F\u00f3kuszban az \u00e1ltalunk kezelt \u00e9p\u00fcletek \u00e1llnak.<\/p><p data-start=\"212\" data-end=\"492\">M\u00e9ly piaci tud\u00e1sunkra \u00e9s kiterjedt b\u00e9rl\u0151i kapcsolatrendszer\u00fcnkre t\u00e1maszkodva a Convergence kiemelked\u0151 eredm\u00e9nyeket \u00e9r el az \u00fcres ter\u00fcletek gyors \u00e9s hat\u00e9kony b\u00e9rbead\u00e1s\u00e1ban. Els\u0151dleges f\u00f3kuszunk a kezelt ingatlanok \u00e9rt\u00e9k\u00e9nek \u00e9s teljes\u00edtm\u00e9ny\u00e9nek maximaliz\u00e1l\u00e1sa.<\/p><p data-start=\"494\" data-end=\"687\" data-is-last-node=\"\" data-is-only-node=\"\">Kiv\u00e1lasztjuk \u00e9s biztos\u00edtjuk a megfelel\u0151 b\u00e9rl\u0151ket, menedzselj\u00fck az \u00faj szerz\u0151d\u00e9seket, hosszabb\u00edt\u00e1sokat \u00e9s b\u0151v\u00edt\u00e9seket, valamint hossz\u00fa t\u00e1v\u00fa, partners\u00e9gre \u00e9p\u00fcl\u0151 b\u00e9rbead\u00e1si strat\u00e9gi\u00e1kat val\u00f3s\u00edtunk meg az ingatlanok fenntarthat\u00f3 \u00e9rt\u00e9kn\u00f6veked\u00e9se \u00e9rdek\u00e9ben.<\/p>\t\t\t\t\t\t\t\t<\/div>\n\t\t\t\t<\/div>\n\t\t\t\t<\/div>\n\t\t\t\t<div class=\"elementor-element elementor-element-62d378a narancssarga-gomb-balra-nyillal elementor-widget elementor-widget-button\" data-id=\"62d378a\" data-element_type=\"widget\" data-e-type=\"widget\" data-widget_type=\"button.default\">\n\t\t\t\t<div class=\"elementor-widget-container\">\n\t\t\t\t\t\t\t\t\t<div class=\"elementor-button-wrapper\">\n\t\t\t\t\t<a class=\"elementor-button elementor-button-link elementor-size-sm\" href=\"https:\/\/convergen-ce.com\/hu\/szolgaltatasok\/befektetes\">\n\t\t\t\t\t\t<span class=\"elementor-button-content-wrapper\">\n\t\t\t\t\t\t\t\t\t<span class=\"elementor-button-text\">Befektet\u00e9s<\/span>\n\t\t\t\t\t<\/span>\n\t\t\t\t\t<\/a>\n\t\t\t\t<\/div>\n\t\t\t\t\t\t\t\t<\/div>\n\t\t\t\t<\/div>\n\t\t\t\t<\/div>\n\t\t<div class=\"elementor-element elementor-element-00976a3 e-con-full custom-highlight-sidebar e-flex e-con e-child\" data-id=\"00976a3\" data-element_type=\"container\" data-e-type=\"container\" data-settings=\"{&quot;background_background&quot;:&quot;classic&quot;}\">\n\t\t\t\t<div class=\"elementor-element elementor-element-76380a1 elementor-widget elementor-widget-heading\" data-id=\"76380a1\" data-element_type=\"widget\" data-e-type=\"widget\" data-widget_type=\"heading.default\">\n\t\t\t\t<div class=\"elementor-widget-container\">\n\t\t\t\t\t<h5 class=\"elementor-heading-title elementor-size-default\">Bros\u00fara let\u00f6lt\u00e9se<\/h5>\t\t\t\t<\/div>\n\t\t\t\t<\/div>\n\t\t\t\t<div class=\"elementor-element elementor-element-df12415 elementor-widget elementor-widget-text-editor\" data-id=\"df12415\" data-element_type=\"widget\" data-e-type=\"widget\" data-widget_type=\"text-editor.default\">\n\t\t\t\t<div class=\"elementor-widget-container\">\n\t\t\t\t\t\t\t\t\t<p>Tov\u00e1bbi inform\u00e1ci\u00f3k\u00e9rt t\u00f6ltsd le bros\u00far\u00e1nkat, vagy l\u00e9pj vel\u00fcnk k\u00f6zvetlen\u00fcl kapcsolatba.<\/p>\t\t\t\t\t\t\t\t<\/div>\n\t\t\t\t<\/div>\n\t\t\t\t<div class=\"elementor-element elementor-element-2758071 narancssarga-gomb-jobbra-nyillal elementor-widget elementor-widget-button\" data-id=\"2758071\" data-element_type=\"widget\" data-e-type=\"widget\" data-widget_type=\"button.default\">\n\t\t\t\t<div class=\"elementor-widget-container\">\n\t\t\t\t\t\t\t\t\t<div class=\"elementor-button-wrapper\">\n\t\t\t\t\t<a class=\"elementor-button elementor-button-link elementor-size-sm\" href=\"https:\/\/convergen-ce.com\/wp-content\/uploads\/2026\/04\/CCE_bemutatkozo_2026.pdf\">\n\t\t\t\t\t\t<span class=\"elementor-button-content-wrapper\">\n\t\t\t\t\t\t<span class=\"elementor-button-icon\">\n\t\t\t\t<svg aria-hidden=\"true\" class=\"e-font-icon-svg e-fas-download\" viewBox=\"0 0 512 512\" xmlns=\"http:\/\/www.w3.org\/2000\/svg\"><path d=\"M216 0h80c13.3 0 24 10.7 24 24v168h87.7c17.8 0 26.7 21.5 14.1 34.1L269.7 378.3c-7.5 7.5-19.8 7.5-27.3 0L90.1 226.1c-12.6-12.6-3.7-34.1 14.1-34.1H192V24c0-13.3 10.7-24 24-24zm296 376v112c0 13.3-10.7 24-24 24H24c-13.3 0-24-10.7-24-24V376c0-13.3 10.7-24 24-24h146.7l49 49c20.1 20.1 52.5 20.1 72.6 0l49-49H488c13.3 0 24 10.7 24 24zm-124 88c0-11-9-20-20-20s-20 9-20 20 9 20 20 20 20-9 20-20zm64 0c0-11-9-20-20-20s-20 9-20 20 9 20 20 20 20-9 20-20z\"><\/path><\/svg>\t\t\t<\/span>\n\t\t\t\t\t\t\t\t\t<span class=\"elementor-button-text\">Marketing Bros\u00fara <\/span>\n\t\t\t\t\t<\/span>\n\t\t\t\t\t<\/a>\n\t\t\t\t<\/div>\n\t\t\t\t\t\t\t\t<\/div>\n\t\t\t\t<\/div>\n\t\t\t\t<div class=\"elementor-element elementor-element-48e8c98 elementor-widget elementor-widget-template\" data-id=\"48e8c98\" data-element_type=\"widget\" data-e-type=\"widget\" data-widget_type=\"template.default\">\n\t\t\t\t<div class=\"elementor-widget-container\">\n\t\t\t\t\t\t\t<div class=\"elementor-template\">\n\t\t\t\t\t<div data-elementor-type=\"container\" data-elementor-id=\"4592\" class=\"elementor elementor-4592 elementor-4583 elementor-4583\" data-elementor-post-type=\"elementor_library\">\n\t\t\t\t<div class=\"elementor-element elementor-element-301087f csaba-zeley-template e-flex e-con-boxed e-con e-parent\" data-id=\"301087f\" data-element_type=\"container\" data-e-type=\"container\">\n\t\t\t\t\t<div class=\"e-con-inner\">\n\t\t\t\t<div class=\"elementor-element elementor-element-281dd1f elementor-position-left elementor-vertical-align-middle custom-sidebar-contact elementor-widget elementor-widget-image-box\" data-id=\"281dd1f\" data-element_type=\"widget\" data-e-type=\"widget\" data-widget_type=\"image-box.default\">\n\t\t\t\t<div class=\"elementor-widget-container\">\n\t\t\t\t\t<div class=\"elementor-image-box-wrapper\"><figure class=\"elementor-image-box-img\"><img loading=\"lazy\" decoding=\"async\" width=\"1500\" height=\"1500\" src=\"https:\/\/convergen-ce.com\/wp-content\/uploads\/2026\/03\/Dora-Papp-Vas.png\" class=\"attachment-full size-full wp-image-7293\" alt=\"\" srcset=\"https:\/\/convergen-ce.com\/wp-content\/uploads\/2026\/03\/Dora-Papp-Vas.png 1500w, https:\/\/convergen-ce.com\/wp-content\/uploads\/2026\/03\/Dora-Papp-Vas-300x300.png 300w, https:\/\/convergen-ce.com\/wp-content\/uploads\/2026\/03\/Dora-Papp-Vas-1024x1024.png 1024w, https:\/\/convergen-ce.com\/wp-content\/uploads\/2026\/03\/Dora-Papp-Vas-150x150.png 150w, https:\/\/convergen-ce.com\/wp-content\/uploads\/2026\/03\/Dora-Papp-Vas-768x768.png 768w\" sizes=\"auto, (max-width: 1500px) 100vw, 1500px\" \/><\/figure><div class=\"elementor-image-box-content\"><p class=\"elementor-image-box-description\"><span style=\"color: #142D5A\">\n\nPapp-Vas D\u00f3ra<\/span><br>B\u00e9rbead\u00e1si igazgat\u00f3<br><a href=\"mailto:dpappvas@convergen-ce.com\" style=\"color: #142D5A\">dpappvas@convergen-ce.com<\/a><br>+36703688183<\/br><\/p><\/div><\/div>\t\t\t\t<\/div>\n\t\t\t\t<\/div>\n\t\t\t\t\t<\/div>\n\t\t\t\t<\/div>\n\t\t\t\t<\/div>\n\t\t\t\t<\/div>\n\t\t\t\t\t\t<\/div>\n\t\t\t\t<\/div>\n\t\t\t\t<\/div>\n\t\t\t\t\t<\/div>\n\t\t\t\t<\/div>\n\t\t\t\t<\/div>\n\t\t","protected":false},"excerpt":{"rendered":"<p>B\u00e9rbead\u00e1s Helyi vagyonkezel\u00e9si szolg\u00e1ltat\u00e1saink r\u00e9szek\u00e9nt a portf\u00f3li\u00f3nkban szerepl\u0151, minden \u00e9p\u00fclet\u00fcnknek a marketing \u00e9s b\u00e9rbead\u00e1si feladatainak koordin\u00e1l\u00e1s\u00e1t biztos\u00edtjuk. Csapatunk sz\u00e9lesk\u00f6r\u0171 tapasztalat\u00e1nak, a portf\u00f3li\u00f3nkban megl\u00e9v\u0151 -\u00e9s volt b\u00e9rl\u0151inkkel kialak\u00edtott k\u00fcl\u00f6nleges kapcsolatainknak k\u00f6sz\u00f6nhet\u0151en a Convergence csapata p\u00e1ratlan az \u00fcres ter\u00fcletek gyors- \u00e9s sikeres b\u00e9rbead\u00e1s\u00e1ban. F\u00f3kuszban az \u00e1ltalunk kezelt \u00e9p\u00fcletek \u00e1llnak. M\u00e9ly piaci tud\u00e1sunkra \u00e9s kiterjedt b\u00e9rl\u0151i kapcsolatrendszer\u00fcnkre t\u00e1maszkodva &#8230; <a title=\"B\u00e9rbead\u00e1s\" class=\"read-more\" href=\"https:\/\/convergen-ce.com\/hu\/szolgaltatasok\/berbeadas-2\" aria-label=\"Read more about B\u00e9rbead\u00e1s\">Olvasson tov\u00e1bb<\/a><\/p>\n","protected":false},"author":8,"featured_media":0,"parent":527,"menu_order":0,"comment_status":"closed","ping_status":"closed","template":"elementor_header_footer","meta":{"inline_featured_image":false,"footnotes":""},"class_list":["post-2822","page","type-page","status-publish"],"_links":{"self":[{"href":"https:\/\/convergen-ce.com\/hu\/wp-json\/wp\/v2\/pages\/2822","targetHints":{"allow":["GET"]}}],"collection":[{"href":"https:\/\/convergen-ce.com\/hu\/wp-json\/wp\/v2\/pages"}],"about":[{"href":"https:\/\/convergen-ce.com\/hu\/wp-json\/wp\/v2\/types\/page"}],"author":[{"embeddable":true,"href":"https:\/\/convergen-ce.com\/hu\/wp-json\/wp\/v2\/users\/8"}],"replies":[{"embeddable":true,"href":"https:\/\/convergen-ce.com\/hu\/wp-json\/wp\/v2\/comments?post=2822"}],"version-history":[{"count":6,"href":"https:\/\/convergen-ce.com\/hu\/wp-json\/wp\/v2\/pages\/2822\/revisions"}],"predecessor-version":[{"id":8250,"href":"https:\/\/convergen-ce.com\/hu\/wp-json\/wp\/v2\/pages\/2822\/revisions\/8250"}],"up":[{"embeddable":true,"href":"https:\/\/convergen-ce.com\/hu\/wp-json\/wp\/v2\/pages\/527"}],"wp:attachment":[{"href":"https:\/\/convergen-ce.com\/hu\/wp-json\/wp\/v2\/media?parent=2822"}],"curies":[{"name":"wp","href":"https:\/\/api.w.org\/{rel}","templated":true}]}}