{"id":2830,"date":"2024-03-11T16:51:42","date_gmt":"2024-03-11T15:51:42","guid":{"rendered":"https:\/\/convergen-ce.com\/szolgaltatasok\/projekt-menedzsment"},"modified":"2026-04-07T13:26:07","modified_gmt":"2026-04-07T11:26:07","slug":"projekt-menedzsment","status":"publish","type":"page","link":"https:\/\/convergen-ce.com\/hu\/szolgaltatasok\/projekt-menedzsment","title":{"rendered":"Projekt menedzsment"},"content":{"rendered":"\t\t<div data-elementor-type=\"wp-page\" data-elementor-id=\"2830\" class=\"elementor elementor-2830 elementor-2709\" data-elementor-post-type=\"page\">\n\t\t\t\t<div class=\"elementor-element elementor-element-90af37d e-flex e-con-boxed e-con e-parent\" data-id=\"90af37d\" data-element_type=\"container\" data-e-type=\"container\" data-settings=\"{&quot;background_background&quot;:&quot;classic&quot;}\">\n\t\t\t\t\t<div class=\"e-con-inner\">\n\t\t\t\t<div class=\"elementor-element elementor-element-7585ef5 custom-page-title elementor-widget elementor-widget-heading\" data-id=\"7585ef5\" data-element_type=\"widget\" data-e-type=\"widget\" data-widget_type=\"heading.default\">\n\t\t\t\t<div class=\"elementor-widget-container\">\n\t\t\t\t\t<h2 class=\"elementor-heading-title elementor-size-default\">Projektmenedzsment<\/h2>\t\t\t\t<\/div>\n\t\t\t\t<\/div>\n\t\t\t\t<div class=\"elementor-element elementor-element-b74f499 service-text custom-page-description elementor-widget elementor-widget-text-editor\" data-id=\"b74f499\" data-element_type=\"widget\" data-e-type=\"widget\" data-widget_type=\"text-editor.default\">\n\t\t\t\t<div class=\"elementor-widget-container\">\n\t\t\t\t\t\t\t\t\t<p>Az \u00f6sszetett kivitelez\u00e9si projektek k\u00f6lts\u00e9geinek \u00e9s \u00fctemez\u00e9s\u00e9nek fel\u00fcgyelet\u00e9hez tapasztalatra, a helyi piaci saj\u00e1toss\u00e1gok ismeret\u00e9re \u00e9s hossz\u00fat\u00e1v\u00fa szakmai kapcsolatokra van sz\u00fcks\u00e9g.<\/p>\t\t\t\t\t\t\t\t<\/div>\n\t\t\t\t<\/div>\n\t\t\t\t\t<\/div>\n\t\t\t\t<\/div>\n\t\t<div class=\"elementor-element elementor-element-e487a90 e-flex e-con-boxed e-con e-parent\" data-id=\"e487a90\" data-element_type=\"container\" data-e-type=\"container\">\n\t\t\t\t\t<div class=\"e-con-inner\">\n\t\t<div class=\"elementor-element elementor-element-81909ee e-con-full e-flex e-con e-child\" data-id=\"81909ee\" data-element_type=\"container\" data-e-type=\"container\">\n\t\t<div class=\"elementor-element elementor-element-f4f3d94 e-con-full custom-list-items e-flex e-con e-child\" data-id=\"f4f3d94\" data-element_type=\"container\" data-e-type=\"container\" data-settings=\"{&quot;background_background&quot;:&quot;classic&quot;}\">\n\t\t\t\t<div class=\"elementor-element elementor-element-4aa4310 elementor-widget elementor-widget-text-editor\" data-id=\"4aa4310\" data-element_type=\"widget\" data-e-type=\"widget\" data-widget_type=\"text-editor.default\">\n\t\t\t\t<div class=\"elementor-widget-container\">\n\t\t\t\t\t\t\t\t\t<p data-start=\"71\" data-end=\"212\">A komplex kivitelez\u00e9si projektek k\u00f6lts\u00e9g- \u00e9s id\u0151menedzsmentje m\u00e9ly szak\u00e9rtelmet, piaci ismeretet \u00e9s megb\u00edzhat\u00f3 partneri kapcsolatokat ig\u00e9nyel.<\/p><p data-start=\"214\" data-end=\"546\">200 000+ m\u00b2 fejleszt\u00e9si tapasztalattal \u00e9s 20+ \u00e9v projektmenedzsment m\u00falttal rendelkez\u00fcnk. Nemzetk\u00f6zi \u00e9s helyi kivitelez\u00e9si szak\u00e9rtelm\u00fcnkre \u00e9p\u00edtve kulcsrak\u00e9sz megval\u00f3s\u00edt\u00e1st biztos\u00edtunk retail, ipari \u00e9s irodai projektekben, garant\u00e1lt k\u00f6lts\u00e9gkeret \u00e9s \u00fctemez\u00e9s mellett. Nemzetk\u00f6zi szerz\u0151d\u00e9ses tapasztalatunkat a helyi kivitelez\u00e9si piac alapos ismeret\u00e9vel \u00f6tv\u00f6zve biztos\u00edtjuk a glob\u00e1lis sztenderdek \u00e9s helyi saj\u00e1toss\u00e1gok \u00f6sszehangol\u00e1s\u00e1t.<\/p><p data-start=\"548\" data-end=\"680\" data-is-last-node=\"\" data-is-only-node=\"\">A kulcsrak\u00e9sz kivitelez\u00e9st\u0151l az irodai, ipari \u00e9s kiskereskedelmi fit-out projektekig minden esetben biztos\u00edtjuk a hat\u00e1rid\u0151re \u00e9s k\u00f6lts\u00e9gkereten bel\u00fcli megval\u00f3s\u00edt\u00e1st.<\/p>\t\t\t\t\t\t\t\t<\/div>\n\t\t\t\t<\/div>\n\t\t\t\t<div class=\"elementor-element elementor-element-b757517 elementor-widget elementor-widget-text-editor\" data-id=\"b757517\" data-element_type=\"widget\" data-e-type=\"widget\" data-widget_type=\"text-editor.default\">\n\t\t\t\t<div class=\"elementor-widget-container\">\n\t\t\t\t\t\t\t\t\t<h5>El\u0151k\u00e9sz\u00edt\u00e9s<\/h5><ul><li>Tervez\u0151k, tan\u00e1csad\u00f3k \u00e9s alv\u00e1llalkoz\u00f3k kiv\u00e1laszt\u00e1sa<\/li><li>El\u0151k\u00e9sz\u00edt\u0151 \u00e1rbecsl\u00e9s \u00e9s k\u00f6lts\u00e9gtervez\u00e9s<\/li><li>M\u0171szaki elv\u00e1r\u00e1sok r\u00e9szleteinek el\u0151k\u00e9sz\u00edt\u00e9se<\/li><li>K\u00f6lts\u00e9goptimaliz\u00e1l\u00e1s az el\u0151zetes tervek \u00e9s m\u0171szaki elv\u00e1r\u00e1sok szerint<\/li><li>Tervez\u00e9si folyamat ir\u00e1ny\u00edt\u00e1sa \u00e9s fel\u00fcgyelete<\/li><\/ul><h5>Fejleszt\u00e9s<\/h5><ul><li>Alv\u00e1llalkoz\u00f3k fel\u00fcgyelete \u00e9s koordin\u00e1ci\u00f3ja<\/li><li>Min\u0151s\u00e9g-, biztons\u00e1g- \u00e9s \u00e9letv\u00e9delem biztos\u00edt\u00e1s<\/li><li>K\u00f6rnyezetv\u00e9delmi besorol\u00e1s fel\u00fclvizsg\u00e1lata<\/li><li>M\u0171szaki fel\u00fcgyelet a kivitelez\u00e9si ter\u00fclet rendszeres l\u00e1togat\u00e1s\u00e1val<\/li><li>Folyamatos besz\u00e1mol\u00f3k a megb\u00edz\u00f3nak<\/li><\/ul>\t\t\t\t\t\t\t\t<\/div>\n\t\t\t\t<\/div>\n\t\t\t\t<\/div>\n\t\t<div class=\"elementor-element elementor-element-666fcfb e-con-full e-flex e-con e-child\" data-id=\"666fcfb\" data-element_type=\"container\" data-e-type=\"container\">\n\t\t\t\t<div class=\"elementor-element elementor-element-97967f7 elementor-widget__width-auto narancssarga-gomb-balra-nyillal elementor-widget elementor-widget-button\" data-id=\"97967f7\" data-element_type=\"widget\" data-e-type=\"widget\" data-widget_type=\"button.default\">\n\t\t\t\t<div class=\"elementor-widget-container\">\n\t\t\t\t\t\t\t\t\t<div class=\"elementor-button-wrapper\">\n\t\t\t\t\t<a class=\"elementor-button elementor-button-link elementor-size-sm\" href=\"https:\/\/convergen-ce.com\/hu\/szolgaltatasok\/fejlesztes\">\n\t\t\t\t\t\t<span class=\"elementor-button-content-wrapper\">\n\t\t\t\t\t\t\t\t\t<span class=\"elementor-button-text\">Fejleszt\u00e9s<\/span>\n\t\t\t\t\t<\/span>\n\t\t\t\t\t<\/a>\n\t\t\t\t<\/div>\n\t\t\t\t\t\t\t\t<\/div>\n\t\t\t\t<\/div>\n\t\t\t\t<div class=\"elementor-element elementor-element-180a11d elementor-widget__width-auto narancssarga-gomb-jobbra-nyillal elementor-widget elementor-widget-button\" data-id=\"180a11d\" data-element_type=\"widget\" data-e-type=\"widget\" data-widget_type=\"button.default\">\n\t\t\t\t<div class=\"elementor-widget-container\">\n\t\t\t\t\t\t\t\t\t<div class=\"elementor-button-wrapper\">\n\t\t\t\t\t<a class=\"elementor-button elementor-button-link elementor-size-sm\" href=\"https:\/\/convergen-ce.com\/hu\/szolgaltatasok\/ingatlankezeles-2\">\n\t\t\t\t\t\t<span class=\"elementor-button-content-wrapper\">\n\t\t\t\t\t\t\t\t\t<span class=\"elementor-button-text\">Ingatlankezel\u00e9s<\/span>\n\t\t\t\t\t<\/span>\n\t\t\t\t\t<\/a>\n\t\t\t\t<\/div>\n\t\t\t\t\t\t\t\t<\/div>\n\t\t\t\t<\/div>\n\t\t\t\t<\/div>\n\t\t\t\t<\/div>\n\t\t<div class=\"elementor-element elementor-element-b6d27e7 e-con-full custom-highlight-sidebar e-flex e-con e-child\" data-id=\"b6d27e7\" data-element_type=\"container\" data-e-type=\"container\" data-settings=\"{&quot;background_background&quot;:&quot;classic&quot;}\">\n\t\t\t\t<div class=\"elementor-element elementor-element-4a6801c elementor-widget elementor-widget-heading\" data-id=\"4a6801c\" data-element_type=\"widget\" data-e-type=\"widget\" data-widget_type=\"heading.default\">\n\t\t\t\t<div class=\"elementor-widget-container\">\n\t\t\t\t\t<h5 class=\"elementor-heading-title elementor-size-default\">Bros\u00fara fejleszt\u00e9se<\/h5>\t\t\t\t<\/div>\n\t\t\t\t<\/div>\n\t\t\t\t<div class=\"elementor-element elementor-element-8de912e elementor-widget elementor-widget-text-editor\" data-id=\"8de912e\" data-element_type=\"widget\" data-e-type=\"widget\" data-widget_type=\"text-editor.default\">\n\t\t\t\t<div class=\"elementor-widget-container\">\n\t\t\t\t\t\t\t\t\t<p>Tov\u00e1bbi inform\u00e1ci\u00f3k\u00e9rt t\u00f6ltsd le bros\u00far\u00e1nkat, vagy l\u00e9pj vel\u00fcnk k\u00f6zvetlen\u00fcl kapcsolatba.<\/p>\t\t\t\t\t\t\t\t<\/div>\n\t\t\t\t<\/div>\n\t\t\t\t<div class=\"elementor-element elementor-element-929e4aa narancssarga-gomb-jobbra-nyillal elementor-widget elementor-widget-button\" data-id=\"929e4aa\" data-element_type=\"widget\" data-e-type=\"widget\" data-widget_type=\"button.default\">\n\t\t\t\t<div class=\"elementor-widget-container\">\n\t\t\t\t\t\t\t\t\t<div class=\"elementor-button-wrapper\">\n\t\t\t\t\t<a class=\"elementor-button elementor-button-link elementor-size-sm\" href=\"https:\/\/convergen-ce.com\/wp-content\/uploads\/2026\/04\/CCE_bemutatkozo_2026.pdf\">\n\t\t\t\t\t\t<span class=\"elementor-button-content-wrapper\">\n\t\t\t\t\t\t<span class=\"elementor-button-icon\">\n\t\t\t\t<svg aria-hidden=\"true\" class=\"e-font-icon-svg e-fas-download\" viewBox=\"0 0 512 512\" xmlns=\"http:\/\/www.w3.org\/2000\/svg\"><path d=\"M216 0h80c13.3 0 24 10.7 24 24v168h87.7c17.8 0 26.7 21.5 14.1 34.1L269.7 378.3c-7.5 7.5-19.8 7.5-27.3 0L90.1 226.1c-12.6-12.6-3.7-34.1 14.1-34.1H192V24c0-13.3 10.7-24 24-24zm296 376v112c0 13.3-10.7 24-24 24H24c-13.3 0-24-10.7-24-24V376c0-13.3 10.7-24 24-24h146.7l49 49c20.1 20.1 52.5 20.1 72.6 0l49-49H488c13.3 0 24 10.7 24 24zm-124 88c0-11-9-20-20-20s-20 9-20 20 9 20 20 20 20-9 20-20zm64 0c0-11-9-20-20-20s-20 9-20 20 9 20 20 20 20-9 20-20z\"><\/path><\/svg>\t\t\t<\/span>\n\t\t\t\t\t\t\t\t\t<span class=\"elementor-button-text\">Marketing Bros\u00fara <\/span>\n\t\t\t\t\t<\/span>\n\t\t\t\t\t<\/a>\n\t\t\t\t<\/div>\n\t\t\t\t\t\t\t\t<\/div>\n\t\t\t\t<\/div>\n\t\t\t\t<div class=\"elementor-element elementor-element-16e6c21 elementor-position-left elementor-vertical-align-middle custom-sidebar-contact elementor-widget elementor-widget-image-box\" data-id=\"16e6c21\" data-element_type=\"widget\" data-e-type=\"widget\" data-widget_type=\"image-box.default\">\n\t\t\t\t<div class=\"elementor-widget-container\">\n\t\t\t\t\t<div class=\"elementor-image-box-wrapper\"><figure class=\"elementor-image-box-img\"><img loading=\"lazy\" decoding=\"async\" width=\"1500\" height=\"1500\" src=\"https:\/\/convergen-ce.com\/wp-content\/uploads\/2026\/03\/Gabor-Kovacs.png\" class=\"attachment-full size-full wp-image-7295\" alt=\"\" srcset=\"https:\/\/convergen-ce.com\/wp-content\/uploads\/2026\/03\/Gabor-Kovacs.png 1500w, https:\/\/convergen-ce.com\/wp-content\/uploads\/2026\/03\/Gabor-Kovacs-300x300.png 300w, https:\/\/convergen-ce.com\/wp-content\/uploads\/2026\/03\/Gabor-Kovacs-1024x1024.png 1024w, https:\/\/convergen-ce.com\/wp-content\/uploads\/2026\/03\/Gabor-Kovacs-150x150.png 150w, https:\/\/convergen-ce.com\/wp-content\/uploads\/2026\/03\/Gabor-Kovacs-768x768.png 768w\" sizes=\"auto, (max-width: 1500px) 100vw, 1500px\" \/><\/figure><div class=\"elementor-image-box-content\"><p class=\"elementor-image-box-description\">\n<span style=\"color: #142D5A\">Kov\u00e1cs G\u00e1bor<\/span><br>Projektmenedzsment vezet\u0151<br>gkovacs@convergen-ce.com<\/p><\/div><\/div>\t\t\t\t<\/div>\n\t\t\t\t<\/div>\n\t\t\t\t<\/div>\n\t\t\t\t\t<\/div>\n\t\t\t\t<\/div>\n\t\t\t\t<\/div>\n\t\t","protected":false},"excerpt":{"rendered":"<p>Projektmenedzsment Az \u00f6sszetett kivitelez\u00e9si projektek k\u00f6lts\u00e9geinek \u00e9s \u00fctemez\u00e9s\u00e9nek fel\u00fcgyelet\u00e9hez tapasztalatra, a helyi piaci saj\u00e1toss\u00e1gok ismeret\u00e9re \u00e9s hossz\u00fat\u00e1v\u00fa szakmai kapcsolatokra van sz\u00fcks\u00e9g. A komplex kivitelez\u00e9si projektek k\u00f6lts\u00e9g- \u00e9s id\u0151menedzsmentje m\u00e9ly szak\u00e9rtelmet, piaci ismeretet \u00e9s megb\u00edzhat\u00f3 partneri kapcsolatokat ig\u00e9nyel. 200 000+ m\u00b2 fejleszt\u00e9si tapasztalattal \u00e9s 20+ \u00e9v projektmenedzsment m\u00falttal rendelkez\u00fcnk. Nemzetk\u00f6zi \u00e9s helyi kivitelez\u00e9si szak\u00e9rtelm\u00fcnkre \u00e9p\u00edtve kulcsrak\u00e9sz &#8230; <a title=\"Projekt menedzsment\" class=\"read-more\" href=\"https:\/\/convergen-ce.com\/hu\/szolgaltatasok\/projekt-menedzsment\" aria-label=\"Read more about Projekt menedzsment\">Olvasson tov\u00e1bb<\/a><\/p>\n","protected":false},"author":8,"featured_media":0,"parent":527,"menu_order":0,"comment_status":"closed","ping_status":"closed","template":"elementor_header_footer","meta":{"inline_featured_image":false,"footnotes":""},"class_list":["post-2830","page","type-page","status-publish"],"_links":{"self":[{"href":"https:\/\/convergen-ce.com\/hu\/wp-json\/wp\/v2\/pages\/2830","targetHints":{"allow":["GET"]}}],"collection":[{"href":"https:\/\/convergen-ce.com\/hu\/wp-json\/wp\/v2\/pages"}],"about":[{"href":"https:\/\/convergen-ce.com\/hu\/wp-json\/wp\/v2\/types\/page"}],"author":[{"embeddable":true,"href":"https:\/\/convergen-ce.com\/hu\/wp-json\/wp\/v2\/users\/8"}],"replies":[{"embeddable":true,"href":"https:\/\/convergen-ce.com\/hu\/wp-json\/wp\/v2\/comments?post=2830"}],"version-history":[{"count":6,"href":"https:\/\/convergen-ce.com\/hu\/wp-json\/wp\/v2\/pages\/2830\/revisions"}],"predecessor-version":[{"id":8244,"href":"https:\/\/convergen-ce.com\/hu\/wp-json\/wp\/v2\/pages\/2830\/revisions\/8244"}],"up":[{"embeddable":true,"href":"https:\/\/convergen-ce.com\/hu\/wp-json\/wp\/v2\/pages\/527"}],"wp:attachment":[{"href":"https:\/\/convergen-ce.com\/hu\/wp-json\/wp\/v2\/media?parent=2830"}],"curies":[{"name":"wp","href":"https:\/\/api.w.org\/{rel}","templated":true}]}}