{"id":2839,"date":"2024-03-11T19:19:26","date_gmt":"2024-03-11T18:19:26","guid":{"rendered":"https:\/\/convergen-ce.com\/szolgaltatasok\/ingatlankezeles-2"},"modified":"2026-04-07T13:26:40","modified_gmt":"2026-04-07T11:26:40","slug":"ingatlankezeles-2","status":"publish","type":"page","link":"https:\/\/convergen-ce.com\/hu\/szolgaltatasok\/ingatlankezeles-2","title":{"rendered":"Ingatlankezel\u00e9s"},"content":{"rendered":"\t\t<div data-elementor-type=\"wp-page\" data-elementor-id=\"2839\" class=\"elementor elementor-2839 elementor-2728\" data-elementor-post-type=\"page\">\n\t\t\t\t<div class=\"elementor-element elementor-element-b0bac0d e-flex e-con-boxed e-con e-parent\" data-id=\"b0bac0d\" data-element_type=\"container\" data-e-type=\"container\" data-settings=\"{&quot;background_background&quot;:&quot;classic&quot;}\">\n\t\t\t\t\t<div class=\"e-con-inner\">\n\t\t\t\t<div class=\"elementor-element elementor-element-46e863b custom-page-title elementor-widget elementor-widget-heading\" data-id=\"46e863b\" data-element_type=\"widget\" data-e-type=\"widget\" data-widget_type=\"heading.default\">\n\t\t\t\t<div class=\"elementor-widget-container\">\n\t\t\t\t\t<h2 class=\"elementor-heading-title elementor-size-default\">Ingatlankezel\u00e9s<\/h2>\t\t\t\t<\/div>\n\t\t\t\t<\/div>\n\t\t\t\t<div class=\"elementor-element elementor-element-70846f4 service-text custom-page-description elementor-widget elementor-widget-text-editor\" data-id=\"70846f4\" data-element_type=\"widget\" data-e-type=\"widget\" data-widget_type=\"text-editor.default\">\n\t\t\t\t<div class=\"elementor-widget-container\">\n\t\t\t\t\t\t\t\t\t<p>K\u00f6lts\u00e9ghat\u00e9kony \u00e9s kimagasl\u00f3 figyelemmel v\u00e9gzett ingatlankezel\u00e9si szolg\u00e1ltat\u00e1sunk r\u00e9sze teljesk\u00f6r\u0171 szeml\u00e9let\u00fcnknek, mellyel az ingatlanok \u00e9rt\u00e9k\u00e9t n\u00f6velj\u00fck.<\/p>\t\t\t\t\t\t\t\t<\/div>\n\t\t\t\t<\/div>\n\t\t\t\t\t<\/div>\n\t\t\t\t<\/div>\n\t\t<div class=\"elementor-element elementor-element-37b50bf e-flex e-con-boxed e-con e-parent\" data-id=\"37b50bf\" data-element_type=\"container\" data-e-type=\"container\">\n\t\t\t\t\t<div class=\"e-con-inner\">\n\t\t<div class=\"elementor-element elementor-element-162c873 e-con-full e-flex e-con e-child\" data-id=\"162c873\" data-element_type=\"container\" data-e-type=\"container\">\n\t\t<div class=\"elementor-element elementor-element-329bf79 e-con-full custom-list-items e-flex e-con e-child\" data-id=\"329bf79\" data-element_type=\"container\" data-e-type=\"container\" data-settings=\"{&quot;background_background&quot;:&quot;classic&quot;}\">\n\t\t\t\t<div class=\"elementor-element elementor-element-1bb10f4 elementor-widget elementor-widget-text-editor\" data-id=\"1bb10f4\" data-element_type=\"widget\" data-e-type=\"widget\" data-widget_type=\"text-editor.default\">\n\t\t\t\t<div class=\"elementor-widget-container\">\n\t\t\t\t\t\t\t\t\t<section class=\"text-token-text-primary w-full focus:outline-none [--shadow-height:45px] has-data-writing-block:pointer-events-none has-data-writing-block:-mt-(--shadow-height) has-data-writing-block:pt-(--shadow-height) [&amp;:has([data-writing-block])&gt;*]:pointer-events-auto R6Vx5W_threadScrollVars scroll-mb-[calc(var(--scroll-root-safe-area-inset-bottom,0px)+var(--thread-response-height,0px))] scroll-mt-[calc(var(--header-height)+min(200px,max(70px,20svh)))]\" dir=\"auto\" data-turn-id=\"request-699f039f-ab8c-832d-a9fb-9db357e3727f-20\" data-testid=\"conversation-turn-72\" data-scroll-anchor=\"false\" data-turn=\"assistant\"><div class=\"text-base my-auto mx-auto pb-10 [--thread-content-margin:var(--thread-content-margin-xs,calc(var(--spacing)*4))] @w-sm\/main:[--thread-content-margin:var(--thread-content-margin-sm,calc(var(--spacing)*6))] @w-lg\/main:[--thread-content-margin:var(--thread-content-margin-lg,calc(var(--spacing)*16))] px-(--thread-content-margin)\"><div class=\"[--thread-content-max-width:40rem] @w-lg\/main:[--thread-content-max-width:48rem] mx-auto max-w-(--thread-content-max-width) flex-1 group\/turn-messages focus-visible:outline-hidden relative flex w-full min-w-0 flex-col agent-turn\"><div class=\"flex max-w-full flex-col gap-4 grow\"><div class=\"min-h-8 text-message relative flex w-full flex-col items-end gap-2 text-start break-words whitespace-normal outline-none keyboard-focused:focus-ring [.text-message+&amp;]:mt-1\" dir=\"auto\" tabindex=\"0\" data-message-author-role=\"assistant\" data-message-id=\"b79eeae2-7f35-4faf-a626-724cc61a56fd\" data-message-model-slug=\"gpt-5-3\" data-turn-start-message=\"true\"><div class=\"flex w-full flex-col gap-1 empty:hidden\"><div class=\"markdown prose dark:prose-invert w-full wrap-break-word light markdown-new-styling\"><p data-start=\"80\" data-end=\"212\">K\u00f6lts\u00e9ghat\u00e9kony \u00e9s kimagasl\u00f3 figyelemmel v\u00e9gzett ingatlankezel\u00e9si szolg\u00e1ltat\u00e1sunk r\u00e9sze teljesk\u00f6r\u0171 szeml\u00e9let\u00fcnknek, mellyel az ingatlanok \u00e9rt\u00e9k\u00e9t n\u00f6velj\u00fck.<\/p><p data-start=\"214\" data-end=\"493\">Magas elv\u00e1r\u00e1saink ment\u00e9n saj\u00e1t ingatlankezel\u0151 csapatot hoztunk l\u00e9tre. Az \u00fczemeltet\u00e9s, b\u00e9rl\u0151i kapcsolatok, marketing \u00e9s b\u00e9rbead\u00e1s integr\u00e1lt menedzsmentj\u00e9vel maximaliz\u00e1ljuk az ingatlanok \u00e9rt\u00e9k\u00e9t, kiemelked\u0151 szolg\u00e1ltat\u00e1st ny\u00fajtva ig\u00e9nyes befektet\u0151k sz\u00e1m\u00e1ra. <\/p><p data-start=\"495\" data-end=\"762\" data-is-last-node=\"\" data-is-only-node=\"\">Boutique szolg\u00e1ltat\u00f3k\u00e9nt nem a nagy volumen\u0171, alacsony k\u00f6lts\u00e9g\u0171 ingatlankezel\u00e9sre t\u00f6reksz\u00fcnk, hanem magas hozz\u00e1adott \u00e9rt\u00e9k\u0171, pr\u00e9mium szolg\u00e1ltat\u00e1st ny\u00fajtunk egy sz\u0171k, tapasztalt befektet\u0151i k\u00f6r sz\u00e1m\u00e1ra, akik felismerik megk\u00f6zel\u00edt\u00e9s\u00fcnk val\u00f3di \u00e9rt\u00e9k\u00e9t. <\/p><\/div><\/div><\/div><\/div><\/div><\/div><\/section>\t\t\t\t\t\t\t\t<\/div>\n\t\t\t\t<\/div>\n\t\t\t\t<div class=\"elementor-element elementor-element-c18152a elementor-widget elementor-widget-text-editor\" data-id=\"c18152a\" data-element_type=\"widget\" data-e-type=\"widget\" data-widget_type=\"text-editor.default\">\n\t\t\t\t<div class=\"elementor-widget-container\">\n\t\t\t\t\t\t\t\t\t<h5>Ingatlankezel\u00e9s<\/h5><ul><li>\u00c9p\u00fcletspecifikus m\u0171szaki, p\u00e9nz\u00fcgyi adminisztr\u00e1ci\u00f3s \u00e9s marketing feladatok<\/li><li>Kezdem\u00e9nyez\u0151 \u00e9s b\u00e9rl\u0151kre koncentr\u00e1l\u00f3 \u00e9p\u00fcletkezel\u00e9s<\/li><li>M\u0171szaki \u00fczemeltet\u00e9s szervez\u00e9se \u00e9s fel\u00fcgyelete<\/li><li>\u00c9p\u00fclet szolg\u00e1ltat\u00e1sainak versenyeztet\u00e9se \u00e9s megszervez\u00e9se<\/li><li>Energiahat\u00e9konys\u00e1g megszervez\u00e9se<\/li><li>Napi m\u0171k\u00f6d\u00e9s optimaliz\u00e1l\u00e1sa<\/li><li>Jogtan\u00e1csad\u00f3k \u00e9s k\u00f6nyvel\u0151k koordin\u00e1l\u00e1sa<\/li><li>Z\u00f6ld \u00e9p\u00fclet menedzsment<\/li><li>Rendszeres jelent\u00e9sek k\u00e9sz\u00edt\u00e9se az \u00fcgyfelek \u00e9s b\u00e9rl\u0151k r\u00e9sz\u00e9re<\/li><\/ul><h5>FM Management<\/h5><ul><li>A leghat\u00e9konyabb szolg\u00e1ltat\u00e1si strukt\u00fara kialak\u00edt\u00e1sa<\/li><li>\u00c9p\u00fcletek szolg\u00e1ltat\u00e1sainak folyamatos fel\u00fcgyelete \u00e9s rendszeres megversenyeztet\u00e9se<\/li><li>Kezdem\u00e9nyez\u0151 \u00e9s dedik\u00e1lt szem\u00e9lyzet a helysz\u00ednen<\/li><li>Min\u0151s\u00e9gbiztos\u00edt\u00e1s, \u00e9let- \u00e9s k\u00f6rnyezetv\u00e9delmi fel\u00fcgyelet<\/li><li>Ter\u00fcletek \u00e1tad\u00e1s\u00e1nak fel\u00fcgyelete<\/li><li>Biztos\u00edt\u00e1si \u00e9s garanci\u00e1lis \u00fcgyek kezel\u00e9se<\/li><li>Megval\u00f3sul\u00e1si tervdokument\u00e1ci\u00f3k kezel\u00e9se<\/li><\/ul>\t\t\t\t\t\t\t\t<\/div>\n\t\t\t\t<\/div>\n\t\t\t\t<\/div>\n\t\t<div class=\"elementor-element elementor-element-5ec74d1 e-con-full e-flex e-con e-child\" data-id=\"5ec74d1\" data-element_type=\"container\" data-e-type=\"container\">\n\t\t\t\t<div class=\"elementor-element elementor-element-5e44d18 elementor-widget__width-auto narancssarga-gomb-balra-nyillal elementor-widget elementor-widget-button\" data-id=\"5e44d18\" data-element_type=\"widget\" data-e-type=\"widget\" data-widget_type=\"button.default\">\n\t\t\t\t<div class=\"elementor-widget-container\">\n\t\t\t\t\t\t\t\t\t<div class=\"elementor-button-wrapper\">\n\t\t\t\t\t<a class=\"elementor-button elementor-button-link elementor-size-sm\" href=\"https:\/\/convergen-ce.com\/hu\/szolgaltatasok\/fejlesztes\">\n\t\t\t\t\t\t<span class=\"elementor-button-content-wrapper\">\n\t\t\t\t\t\t\t\t\t<span class=\"elementor-button-text\">Fejleszt\u00e9s<\/span>\n\t\t\t\t\t<\/span>\n\t\t\t\t\t<\/a>\n\t\t\t\t<\/div>\n\t\t\t\t\t\t\t\t<\/div>\n\t\t\t\t<\/div>\n\t\t\t\t<div class=\"elementor-element elementor-element-cfc3f19 elementor-widget__width-auto narancssarga-gomb-jobbra-nyillal elementor-widget elementor-widget-button\" data-id=\"cfc3f19\" data-element_type=\"widget\" data-e-type=\"widget\" data-widget_type=\"button.default\">\n\t\t\t\t<div class=\"elementor-widget-container\">\n\t\t\t\t\t\t\t\t\t<div class=\"elementor-button-wrapper\">\n\t\t\t\t\t<a class=\"elementor-button elementor-button-link elementor-size-sm\" href=\"https:\/\/convergen-ce.com\/hu\/szolgaltatasok\/vagyonkezeles-2\">\n\t\t\t\t\t\t<span class=\"elementor-button-content-wrapper\">\n\t\t\t\t\t\t\t\t\t<span class=\"elementor-button-text\">Vagyonkezel\u00e9s<\/span>\n\t\t\t\t\t<\/span>\n\t\t\t\t\t<\/a>\n\t\t\t\t<\/div>\n\t\t\t\t\t\t\t\t<\/div>\n\t\t\t\t<\/div>\n\t\t\t\t<\/div>\n\t\t\t\t<\/div>\n\t\t<div class=\"elementor-element elementor-element-0ee3813 e-con-full custom-highlight-sidebar e-flex e-con e-child\" data-id=\"0ee3813\" data-element_type=\"container\" data-e-type=\"container\" data-settings=\"{&quot;background_background&quot;:&quot;classic&quot;}\">\n\t\t\t\t<div class=\"elementor-element elementor-element-f018a86 elementor-widget elementor-widget-heading\" data-id=\"f018a86\" data-element_type=\"widget\" data-e-type=\"widget\" data-widget_type=\"heading.default\">\n\t\t\t\t<div class=\"elementor-widget-container\">\n\t\t\t\t\t<h5 class=\"elementor-heading-title elementor-size-default\">Bros\u00fara let\u00f6lt\u00e9se<\/h5>\t\t\t\t<\/div>\n\t\t\t\t<\/div>\n\t\t\t\t<div class=\"elementor-element elementor-element-152655d elementor-widget elementor-widget-text-editor\" data-id=\"152655d\" data-element_type=\"widget\" data-e-type=\"widget\" data-widget_type=\"text-editor.default\">\n\t\t\t\t<div class=\"elementor-widget-container\">\n\t\t\t\t\t\t\t\t\t<p>Tov\u00e1bbi inform\u00e1ci\u00f3k\u00e9rt t\u00f6ltsd le bros\u00far\u00e1nkat, vagy l\u00e9pj vel\u00fcnk k\u00f6zvetlen\u00fcl kapcsolatba.<\/p>\t\t\t\t\t\t\t\t<\/div>\n\t\t\t\t<\/div>\n\t\t\t\t<div class=\"elementor-element elementor-element-1a9ab5f narancssarga-gomb-jobbra-nyillal elementor-widget elementor-widget-button\" data-id=\"1a9ab5f\" data-element_type=\"widget\" data-e-type=\"widget\" data-widget_type=\"button.default\">\n\t\t\t\t<div class=\"elementor-widget-container\">\n\t\t\t\t\t\t\t\t\t<div class=\"elementor-button-wrapper\">\n\t\t\t\t\t<a class=\"elementor-button elementor-button-link elementor-size-sm\" href=\"https:\/\/convergen-ce.com\/wp-content\/uploads\/2026\/04\/CCE_bemutatkozo_2026.pdf\">\n\t\t\t\t\t\t<span class=\"elementor-button-content-wrapper\">\n\t\t\t\t\t\t<span class=\"elementor-button-icon\">\n\t\t\t\t<svg aria-hidden=\"true\" class=\"e-font-icon-svg e-fas-download\" viewBox=\"0 0 512 512\" xmlns=\"http:\/\/www.w3.org\/2000\/svg\"><path d=\"M216 0h80c13.3 0 24 10.7 24 24v168h87.7c17.8 0 26.7 21.5 14.1 34.1L269.7 378.3c-7.5 7.5-19.8 7.5-27.3 0L90.1 226.1c-12.6-12.6-3.7-34.1 14.1-34.1H192V24c0-13.3 10.7-24 24-24zm296 376v112c0 13.3-10.7 24-24 24H24c-13.3 0-24-10.7-24-24V376c0-13.3 10.7-24 24-24h146.7l49 49c20.1 20.1 52.5 20.1 72.6 0l49-49H488c13.3 0 24 10.7 24 24zm-124 88c0-11-9-20-20-20s-20 9-20 20 9 20 20 20 20-9 20-20zm64 0c0-11-9-20-20-20s-20 9-20 20 9 20 20 20 20-9 20-20z\"><\/path><\/svg>\t\t\t<\/span>\n\t\t\t\t\t\t\t\t\t<span class=\"elementor-button-text\">Marketing Bros\u00fara<\/span>\n\t\t\t\t\t<\/span>\n\t\t\t\t\t<\/a>\n\t\t\t\t<\/div>\n\t\t\t\t\t\t\t\t<\/div>\n\t\t\t\t<\/div>\n\t\t\t\t<div class=\"elementor-element elementor-element-a6d47d3 elementor-position-left elementor-vertical-align-middle custom-sidebar-contact elementor-widget elementor-widget-image-box\" data-id=\"a6d47d3\" data-element_type=\"widget\" data-e-type=\"widget\" data-widget_type=\"image-box.default\">\n\t\t\t\t<div class=\"elementor-widget-container\">\n\t\t\t\t\t<div class=\"elementor-image-box-wrapper\"><figure class=\"elementor-image-box-img\"><a href=\"mailto:gberkes@convergen-ce.com\" tabindex=\"-1\"><img loading=\"lazy\" decoding=\"async\" width=\"1500\" height=\"1500\" src=\"https:\/\/convergen-ce.com\/wp-content\/uploads\/2026\/03\/Gellert-Berkes-e1774617419354.png\" class=\"attachment-full size-full wp-image-7297\" alt=\"\" \/><\/a><\/figure><div class=\"elementor-image-box-content\"><p class=\"elementor-image-box-description\"><span style=\"color: #142D5A\">\nGell\u00e9rt Berkes<\/span><br>Ingatlankezel\u00e9si vezet\u0151<br>gberkes@convergen-ce.com<\/p><\/div><\/div>\t\t\t\t<\/div>\n\t\t\t\t<\/div>\n\t\t\t\t<\/div>\n\t\t\t\t\t<\/div>\n\t\t\t\t<\/div>\n\t\t\t\t<\/div>\n\t\t","protected":false},"excerpt":{"rendered":"<p>Ingatlankezel\u00e9s K\u00f6lts\u00e9ghat\u00e9kony \u00e9s kimagasl\u00f3 figyelemmel v\u00e9gzett ingatlankezel\u00e9si szolg\u00e1ltat\u00e1sunk r\u00e9sze teljesk\u00f6r\u0171 szeml\u00e9let\u00fcnknek, mellyel az ingatlanok \u00e9rt\u00e9k\u00e9t n\u00f6velj\u00fck. K\u00f6lts\u00e9ghat\u00e9kony \u00e9s kimagasl\u00f3 figyelemmel v\u00e9gzett ingatlankezel\u00e9si szolg\u00e1ltat\u00e1sunk r\u00e9sze teljesk\u00f6r\u0171 szeml\u00e9let\u00fcnknek, mellyel az ingatlanok \u00e9rt\u00e9k\u00e9t n\u00f6velj\u00fck. Magas elv\u00e1r\u00e1saink ment\u00e9n saj\u00e1t ingatlankezel\u0151 csapatot hoztunk l\u00e9tre. Az \u00fczemeltet\u00e9s, b\u00e9rl\u0151i kapcsolatok, marketing \u00e9s b\u00e9rbead\u00e1s integr\u00e1lt menedzsmentj\u00e9vel maximaliz\u00e1ljuk az ingatlanok \u00e9rt\u00e9k\u00e9t, kiemelked\u0151 szolg\u00e1ltat\u00e1st ny\u00fajtva &#8230; <a title=\"Ingatlankezel\u00e9s\" class=\"read-more\" href=\"https:\/\/convergen-ce.com\/hu\/szolgaltatasok\/ingatlankezeles-2\" aria-label=\"Read more about Ingatlankezel\u00e9s\">Olvasson tov\u00e1bb<\/a><\/p>\n","protected":false},"author":8,"featured_media":0,"parent":527,"menu_order":0,"comment_status":"closed","ping_status":"closed","template":"elementor_header_footer","meta":{"inline_featured_image":false,"footnotes":""},"class_list":["post-2839","page","type-page","status-publish"],"_links":{"self":[{"href":"https:\/\/convergen-ce.com\/hu\/wp-json\/wp\/v2\/pages\/2839","targetHints":{"allow":["GET"]}}],"collection":[{"href":"https:\/\/convergen-ce.com\/hu\/wp-json\/wp\/v2\/pages"}],"about":[{"href":"https:\/\/convergen-ce.com\/hu\/wp-json\/wp\/v2\/types\/page"}],"author":[{"embeddable":true,"href":"https:\/\/convergen-ce.com\/hu\/wp-json\/wp\/v2\/users\/8"}],"replies":[{"embeddable":true,"href":"https:\/\/convergen-ce.com\/hu\/wp-json\/wp\/v2\/comments?post=2839"}],"version-history":[{"count":6,"href":"https:\/\/convergen-ce.com\/hu\/wp-json\/wp\/v2\/pages\/2839\/revisions"}],"predecessor-version":[{"id":8247,"href":"https:\/\/convergen-ce.com\/hu\/wp-json\/wp\/v2\/pages\/2839\/revisions\/8247"}],"up":[{"embeddable":true,"href":"https:\/\/convergen-ce.com\/hu\/wp-json\/wp\/v2\/pages\/527"}],"wp:attachment":[{"href":"https:\/\/convergen-ce.com\/hu\/wp-json\/wp\/v2\/media?parent=2839"}],"curies":[{"name":"wp","href":"https:\/\/api.w.org\/{rel}","templated":true}]}}