{"id":3501,"date":"2024-03-22T10:36:35","date_gmt":"2024-03-22T09:36:35","guid":{"rendered":"https:\/\/convergen-ce.com\/park-one"},"modified":"2026-04-07T14:20:18","modified_gmt":"2026-04-07T12:20:18","slug":"park-one","status":"publish","type":"page","link":"https:\/\/convergen-ce.com\/hu\/park-one","title":{"rendered":"Park One"},"content":{"rendered":"\t\t<div data-elementor-type=\"wp-page\" data-elementor-id=\"3501\" class=\"elementor elementor-3501 elementor-3378\" data-elementor-post-type=\"page\">\n\t\t\t\t<div class=\"elementor-element elementor-element-3478bcd e-flex e-con-boxed e-con e-parent\" data-id=\"3478bcd\" data-element_type=\"container\" data-e-type=\"container\" data-settings=\"{&quot;background_background&quot;:&quot;classic&quot;}\">\n\t\t\t\t\t<div class=\"e-con-inner\">\n\t\t\t\t<div class=\"elementor-element elementor-element-8e0b2a4 custom-page-title elementor-widget elementor-widget-heading\" data-id=\"8e0b2a4\" data-element_type=\"widget\" data-e-type=\"widget\" data-widget_type=\"heading.default\">\n\t\t\t\t<div class=\"elementor-widget-container\">\n\t\t\t\t\t<h2 class=\"elementor-heading-title elementor-size-default\">Park One<\/h2>\t\t\t\t<\/div>\n\t\t\t\t<\/div>\n\t\t\t\t\t<\/div>\n\t\t\t\t<\/div>\n\t\t<div class=\"elementor-element elementor-element-a88a4bc e-flex e-con-boxed e-con e-parent\" data-id=\"a88a4bc\" data-element_type=\"container\" data-e-type=\"container\">\n\t\t\t\t\t<div class=\"e-con-inner\">\n\t\t<div class=\"elementor-element elementor-element-fcab432 e-con-full e-flex e-con e-child\" data-id=\"fcab432\" data-element_type=\"container\" data-e-type=\"container\">\n\t\t<div class=\"elementor-element elementor-element-ea18eaa e-con-full e-flex e-con e-child\" data-id=\"ea18eaa\" data-element_type=\"container\" data-e-type=\"container\" data-settings=\"{&quot;background_background&quot;:&quot;classic&quot;}\">\n\t\t\t\t<div class=\"elementor-element elementor-element-2a5b6d9 service-header elementor-widget elementor-widget-heading\" data-id=\"2a5b6d9\" data-element_type=\"widget\" data-e-type=\"widget\" data-widget_type=\"heading.default\">\n\t\t\t\t<div class=\"elementor-widget-container\">\n\t\t\t\t\t<h2 class=\"elementor-heading-title elementor-size-default\">A Convergence 2007-ben rekordhozam\u00e9rt fejlesztette \u00e9s \u00e9rt\u00e9kes\u00edtette a m\u00e9rf\u00f6ldk\u0151nek sz\u00e1m\u00edt\u00f3 pozsonyi Park One irodah\u00e1zat.<\/h2>\t\t\t\t<\/div>\n\t\t\t\t<\/div>\n\t\t\t\t<div class=\"elementor-element elementor-element-79a2c75 elementor-widget elementor-widget-text-editor\" data-id=\"79a2c75\" data-element_type=\"widget\" data-e-type=\"widget\" data-widget_type=\"text-editor.default\">\n\t\t\t\t<div class=\"elementor-widget-container\">\n\t\t\t\t\t\t\t\t\t<p>A Convergence fejlesztette ezt a magas min\u0151s\u00e9g\u0171 irodah\u00e1zat Pozsony sz\u00edv\u00e9ben 2005 \u00e9s 2007 k\u00f6z\u00f6tt. Az irodah\u00e1z t\u00f6bb mint brutt\u00f3 19.000 m\u00b2 b\u00e9rbeadhat\u00f3 ter\u00fclettel rendelkezik, \u00e9s 2007-ben megnyerte a CiJ \u201cLegjobb Irodafejleszt\u00e9s\u201d d\u00edj\u00e1t.<\/p>\t\t\t\t\t\t\t\t<\/div>\n\t\t\t\t<\/div>\n\t\t\t\t<\/div>\n\t\t\t\t<div class=\"elementor-element elementor-element-4cb39a3 custom-radius-iframe elementor-widget elementor-widget-html\" data-id=\"4cb39a3\" data-element_type=\"widget\" data-e-type=\"widget\" data-widget_type=\"html.default\">\n\t\t\t\t<div class=\"elementor-widget-container\">\n\t\t\t\t\t<iframe src=\"https:\/\/www.google.com\/maps\/embed?pb=!1m14!1m8!1m3!1d19243.56215056607!2d17.111799!3d48.150084!3m2!1i1024!2i768!4f13.1!3m3!1m2!1s0x476c89454d97e603%3A0x6932f73c25e0338e!2sN%C3%A1mestie%201.%20m%C3%A1ja%207286%2F18%2C%20811%2006%20Bratislava%2C%20Szlov%C3%A1kia!5e1!3m2!1shu!2sus!4v1711100377434!5m2!1shu!2sus\" width=\"100%\" height=\"350\" style=\"border:0;\" allowfullscreen=\"\" loading=\"lazy\" referrerpolicy=\"no-referrer-when-downgrade\"><\/iframe>\t\t\t\t<\/div>\n\t\t\t\t<\/div>\n\t\t\t\t<\/div>\n\t\t\t\t\t<\/div>\n\t\t\t\t<\/div>\n\t\t<div class=\"elementor-element elementor-element-8cabc4f e-flex e-con-boxed e-con e-parent\" data-id=\"8cabc4f\" data-element_type=\"container\" data-e-type=\"container\">\n\t\t\t\t\t<div class=\"e-con-inner\">\n\t\t<div class=\"elementor-element elementor-element-e038d47 e-con-full e-flex e-con e-child\" data-id=\"e038d47\" data-element_type=\"container\" data-e-type=\"container\">\n\t\t\t\t<div class=\"elementor-element elementor-element-4eac0e4 elementor-widget elementor-widget-heading\" data-id=\"4eac0e4\" data-element_type=\"widget\" data-e-type=\"widget\" data-widget_type=\"heading.default\">\n\t\t\t\t<div class=\"elementor-widget-container\">\n\t\t\t\t\t<h4 class=\"elementor-heading-title elementor-size-default\">Kapcsol\u00f3d\u00f3 H\u00edrek<\/h4>\t\t\t\t<\/div>\n\t\t\t\t<\/div>\n\t\t\t\t<div class=\"elementor-element elementor-element-dcacece elementor-widget elementor-widget-shortcode\" data-id=\"dcacece\" data-element_type=\"widget\" data-e-type=\"widget\" data-widget_type=\"shortcode.default\">\n\t\t\t\t<div class=\"elementor-widget-container\">\n\t\t\t\t\t\t\t<div class=\"elementor-shortcode\"><table class=\"custom-related-articles-table\" style=\"border-radius: 16px; border: 1px solid #ffffff1a;\"><\/table><\/div>\n\t\t\t\t\t\t<\/div>\n\t\t\t\t<\/div>\n\t\t<div class=\"elementor-element elementor-element-c125c8f e-flex e-con-boxed e-con e-child\" data-id=\"c125c8f\" data-element_type=\"container\" data-e-type=\"container\">\n\t\t\t\t\t<div class=\"e-con-inner\">\n\t\t\t\t<div class=\"elementor-element elementor-element-5862e58 elementor-widget__width-auto narancssarga-gomb-balra-nyillal elementor-widget elementor-widget-button\" data-id=\"5862e58\" data-element_type=\"widget\" data-e-type=\"widget\" data-widget_type=\"button.default\">\n\t\t\t\t<div class=\"elementor-widget-container\">\n\t\t\t\t\t\t\t\t\t<div class=\"elementor-button-wrapper\">\n\t\t\t\t\t<a class=\"elementor-button elementor-button-link elementor-size-sm\" href=\"https:\/\/convergen-ce.com\/hu\/kpmg-headquarters-vision-towers\">\n\t\t\t\t\t\t<span class=\"elementor-button-content-wrapper\">\n\t\t\t\t\t\t\t\t\t<span class=\"elementor-button-text\">El\u0151z\u0151 projekt<\/span>\n\t\t\t\t\t<\/span>\n\t\t\t\t\t<\/a>\n\t\t\t\t<\/div>\n\t\t\t\t\t\t\t\t<\/div>\n\t\t\t\t<\/div>\n\t\t\t\t<div class=\"elementor-element elementor-element-5017f59 elementor-widget__width-auto narancssarga-gomb-jobbra-nyillal elementor-widget elementor-widget-button\" data-id=\"5017f59\" data-element_type=\"widget\" data-e-type=\"widget\" data-widget_type=\"button.default\">\n\t\t\t\t<div class=\"elementor-widget-container\">\n\t\t\t\t\t\t\t\t\t<div class=\"elementor-button-wrapper\">\n\t\t\t\t\t<a class=\"elementor-button elementor-button-link elementor-size-sm\" href=\"https:\/\/convergen-ce.com\/hu\/jp-morgan-portfolio\">\n\t\t\t\t\t\t<span class=\"elementor-button-content-wrapper\">\n\t\t\t\t\t\t\t\t\t<span class=\"elementor-button-text\">K\u00f6vetkez\u0151 projekt<\/span>\n\t\t\t\t\t<\/span>\n\t\t\t\t\t<\/a>\n\t\t\t\t<\/div>\n\t\t\t\t\t\t\t\t<\/div>\n\t\t\t\t<\/div>\n\t\t\t\t\t<\/div>\n\t\t\t\t<\/div>\n\t\t\t\t<\/div>\n\t\t\t\t\t<\/div>\n\t\t\t\t<\/div>\n\t\t\t\t<\/div>\n\t\t","protected":false},"excerpt":{"rendered":"<p>Park One A Convergence 2007-ben rekordhozam\u00e9rt fejlesztette \u00e9s \u00e9rt\u00e9kes\u00edtette a m\u00e9rf\u00f6ldk\u0151nek sz\u00e1m\u00edt\u00f3 pozsonyi Park One irodah\u00e1zat. A Convergence fejlesztette ezt a magas min\u0151s\u00e9g\u0171 irodah\u00e1zat Pozsony sz\u00edv\u00e9ben 2005 \u00e9s 2007 k\u00f6z\u00f6tt. Az irodah\u00e1z t\u00f6bb mint brutt\u00f3 19.000 m\u00b2 b\u00e9rbeadhat\u00f3 ter\u00fclettel rendelkezik, \u00e9s 2007-ben megnyerte a CiJ \u201cLegjobb Irodafejleszt\u00e9s\u201d d\u00edj\u00e1t. Kapcsol\u00f3d\u00f3 H\u00edrek El\u0151z\u0151 projekt K\u00f6vetkez\u0151 projekt<\/p>\n","protected":false},"author":8,"featured_media":0,"parent":0,"menu_order":0,"comment_status":"closed","ping_status":"closed","template":"elementor_header_footer","meta":{"inline_featured_image":false,"footnotes":""},"class_list":["post-3501","page","type-page","status-publish"],"_links":{"self":[{"href":"https:\/\/convergen-ce.com\/hu\/wp-json\/wp\/v2\/pages\/3501","targetHints":{"allow":["GET"]}}],"collection":[{"href":"https:\/\/convergen-ce.com\/hu\/wp-json\/wp\/v2\/pages"}],"about":[{"href":"https:\/\/convergen-ce.com\/hu\/wp-json\/wp\/v2\/types\/page"}],"author":[{"embeddable":true,"href":"https:\/\/convergen-ce.com\/hu\/wp-json\/wp\/v2\/users\/8"}],"replies":[{"embeddable":true,"href":"https:\/\/convergen-ce.com\/hu\/wp-json\/wp\/v2\/comments?post=3501"}],"version-history":[{"count":6,"href":"https:\/\/convergen-ce.com\/hu\/wp-json\/wp\/v2\/pages\/3501\/revisions"}],"predecessor-version":[{"id":8298,"href":"https:\/\/convergen-ce.com\/hu\/wp-json\/wp\/v2\/pages\/3501\/revisions\/8298"}],"wp:attachment":[{"href":"https:\/\/convergen-ce.com\/hu\/wp-json\/wp\/v2\/media?parent=3501"}],"curies":[{"name":"wp","href":"https:\/\/api.w.org\/{rel}","templated":true}]}}