{"id":3513,"date":"2024-03-22T09:55:57","date_gmt":"2024-03-22T08:55:57","guid":{"rendered":"https:\/\/convergen-ce.com\/ao-hostel-budapest"},"modified":"2026-04-07T14:10:11","modified_gmt":"2026-04-07T12:10:11","slug":"ao-hostel-budapest","status":"publish","type":"page","link":"https:\/\/convergen-ce.com\/hu\/ao-hostel-budapest","title":{"rendered":"a&amp;o Hostel Budapest"},"content":{"rendered":"\t\t<div data-elementor-type=\"wp-page\" data-elementor-id=\"3513\" class=\"elementor elementor-3513 elementor-3348\" data-elementor-post-type=\"page\">\n\t\t\t\t<div class=\"elementor-element elementor-element-629c113 e-flex e-con-boxed e-con e-parent\" data-id=\"629c113\" data-element_type=\"container\" data-e-type=\"container\" data-settings=\"{&quot;background_background&quot;:&quot;classic&quot;}\">\n\t\t\t\t\t<div class=\"e-con-inner\">\n\t\t\t\t<div class=\"elementor-element elementor-element-68ce3d9 custom-page-title elementor-widget elementor-widget-heading\" data-id=\"68ce3d9\" data-element_type=\"widget\" data-e-type=\"widget\" data-widget_type=\"heading.default\">\n\t\t\t\t<div class=\"elementor-widget-container\">\n\t\t\t\t\t<h2 class=\"elementor-heading-title elementor-size-default\">a&amp;o Hostel Budapest<\/h2>\t\t\t\t<\/div>\n\t\t\t\t<\/div>\n\t\t\t\t\t<\/div>\n\t\t\t\t<\/div>\n\t\t<div class=\"elementor-element elementor-element-1c2bd41 e-flex e-con-boxed e-con e-parent\" data-id=\"1c2bd41\" data-element_type=\"container\" data-e-type=\"container\">\n\t\t\t\t\t<div class=\"e-con-inner\">\n\t\t<div class=\"elementor-element elementor-element-459a7c8 e-con-full e-flex e-con e-child\" data-id=\"459a7c8\" data-element_type=\"container\" data-e-type=\"container\">\n\t\t<div class=\"elementor-element elementor-element-ac2d851 e-con-full e-flex e-con e-child\" data-id=\"ac2d851\" data-element_type=\"container\" data-e-type=\"container\" data-settings=\"{&quot;background_background&quot;:&quot;classic&quot;}\">\n\t\t\t\t<div class=\"elementor-element elementor-element-ba7c14f service-header elementor-widget elementor-widget-heading\" data-id=\"ba7c14f\" data-element_type=\"widget\" data-e-type=\"widget\" data-widget_type=\"heading.default\">\n\t\t\t\t<div class=\"elementor-widget-container\">\n\t\t\t\t\t<h2 class=\"elementor-heading-title elementor-size-default\">Hotelfejleszt\u00e9sben vett r\u00e9szt a Convergence Budapesten\n<\/h2>\t\t\t\t<\/div>\n\t\t\t\t<\/div>\n\t\t\t\t<div class=\"elementor-element elementor-element-e1d648e elementor-widget elementor-widget-text-editor\" data-id=\"e1d648e\" data-element_type=\"widget\" data-e-type=\"widget\" data-widget_type=\"text-editor.default\">\n\t\t\t\t<div class=\"elementor-widget-container\">\n\t\t\t\t\t\t\t\t\t<p>Eur\u00f3pa legnagyobb mag\u00e1nk\u00e9zben l\u00e9v\u0151 hostel l\u00e1nca, az a&amp;o Group 2019-ben nyitotta meg els\u0151 helysz\u00edn\u00e9t Budapesten. A n\u00e9met csoport modern sz\u00e1ll\u00f3t hozott l\u00e9tre egy t\u00f6rt\u00e9nelmi ingatlan helyre\u00e1ll\u00edt\u00e1s\u00e1val \u00e9s 108 szob\u00e1s hostell\u00e9 alak\u00edt\u00e1s\u00e1val. A Convergence vezette a kiv\u00e1lasztott Csengery utcai ingatlan teljes rekonstrukci\u00f3j\u00e1t.<\/p><p>Az a&amp;o Group a VII. ker\u00fclet sz\u00edv\u00e9ben tal\u00e1lta meg els\u0151 magyarorsz\u00e1gi sz\u00e1ll\u00f3j\u00e1nak ide\u00e1lis helysz\u00edn\u00e9t. A sz\u00e1zadfordul\u00f3s Csengery utcai \u00e9p\u00fclet eredetileg egy Ferdinand Piatnik &amp; S\u00f6hne K\u00e1rtyagy\u00e1r volt, Hossz\u00fa t\u00f6rt\u00e9nete sor\u00e1n ifj\u00fas\u00e1gi sz\u00e1ll\u00f3k\u00e9nt, k\u00e9s\u0151bb irodah\u00e1zk\u00e9nt hasznos\u00edtott\u00e1k.<\/p><p>Az a&amp;o megb\u00edz\u00e1s\u00e1b\u00f3l a Convergence a rekonstrukci\u00f3t a tervez\u00e9st\u0151l a kivitelez\u00e9sig vezette, meg\u0151rizve az \u00e9p\u00fclet eredeti karakter\u00e9t \u00e9s \u00e9p\u00edt\u00e9szeti jelent\u0151s\u00e9g\u00e9t. Romos homlokzat\u00e1t a r\u00e9gi f\u00e9nyk\u00e9peken k\u00e9sz\u00fclt k\u00e9pek alapj\u00e1n \u00e1ll\u00edtott\u00e1k vissza eredeti form\u00e1j\u00e1ba, az \u00e9p\u00fclet belsej\u00e9t pedig teljes eg\u00e9sz\u00e9ben fel\u00faj\u00edtott\u00e1k. Sz\u00e1mos irodai \u00e9s eg\u00e9szs\u00e9g\u00fcgyi beruh\u00e1z\u00e1s projektmenedzsmentje ut\u00e1n a Convergence\u00a0<strong>projektmenedzsment tapasztalatait <\/strong> a sz\u00e1llodafejleszt\u00e9sben is kamatoztatta.<\/p><p><em>\u201eKiv\u00e1l\u00f3 elhelyezked\u00e9se \u00e9s az \u00e9p\u00fclet adotts\u00e1gai teszik a Csengery utcai ingatlant az idegenforgalmi hasznos\u00edt\u00e1sra igaz\u00e1n alkalmass\u00e1. Az a&amp;o c\u00e9lja a Convergence-vel k\u00f6z\u00f6sen az, hogy helyre\u00e1ll\u00edtjuk az ingatlan homlokzat\u00e1nak eredeti jelleg\u00e9t, a bels\u0151 terek megfeleljenek a modern kor k\u00edv\u00e1nalmaknak \u00e9s minden ig\u00e9nyt kiel\u00e9g\u00edt\u0151 hostelnek adhassanak otthont\u201d <\/em> \u2013 mondta <strong> Zeley Csaba<\/strong>, a Convergence vagyonkezel\u00e9si igazgat\u00f3ja.<\/p><p><strong>Henri Wilmes,<\/strong> az a&amp;o befektet\u00e9si igazgat\u00f3ja meger\u0151s\u00edtette: \u201e<em>Ez az \u00e9p\u00fclet nagyon izgalmasan kieg\u00e9sz\u00edti portf\u00f3li\u00f3nkat. \u00d6r\u00fcl\u00fcnk, hogy Eur\u00f3pa egyik legkeresettebb sz\u00e1llodapiac\u00e1n tal\u00e1ltunk egy ilyen ingatlant.\u201d <\/em> 21 v\u00e1rosban \u00e9s hat orsz\u00e1gban 34 \u00e9p\u00fclettel az a&amp;o jelenleg Eur\u00f3pa legnagyobb mag\u00e1ntulajdonban l\u00e9v\u0151 sz\u00e1ll\u00f3l\u00e1nca. Tov\u00e1bbi projektek v\u00e1rhat\u00f3k Kelet- \u00e9s D\u00e9l-Eur\u00f3p\u00e1ban. Els\u0151 budapesti sz\u00e9khely\u0171 sz\u00e1ll\u00f3juk 2019 harmadik negyed\u00e9v\u00e9ben nyitotta meg kapuit.<\/p>\t\t\t\t\t\t\t\t<\/div>\n\t\t\t\t<\/div>\n\t\t\t\t<\/div>\n\t\t\t\t<div class=\"elementor-element elementor-element-13c6850 custom-radius-iframe elementor-widget elementor-widget-html\" data-id=\"13c6850\" data-element_type=\"widget\" data-e-type=\"widget\" data-widget_type=\"html.default\">\n\t\t\t\t<div class=\"elementor-widget-container\">\n\t\t\t\t\t<iframe src=\"https:\/\/www.google.com\/maps\/embed?pb=!1m14!1m8!1m3!1d21562.690602288367!2d19.070041!3d47.502841!3m2!1i1024!2i768!4f13.1!3m3!1m2!1s0x4741dc65906d1215%3A0x5e779567fa2a1c68!2sBudapest%2C%20Csengery%20u.%2011%2C%201074%20Magyarorsz%C3%A1g!5e0!3m2!1shu!2sus!4v1711097946368!5m2!1shu!2sus\" width=\"100%\" height=\"350\" style=\"border:0;\" allowfullscreen=\"\" loading=\"lazy\" referrerpolicy=\"no-referrer-when-downgrade\"><\/iframe>\t\t\t\t<\/div>\n\t\t\t\t<\/div>\n\t\t\t\t<\/div>\n\t\t<div class=\"elementor-element elementor-element-ce882d4 e-con-full academia-data-table custom-highlight-sidebar e-flex e-con e-child\" data-id=\"ce882d4\" data-element_type=\"container\" data-e-type=\"container\" data-settings=\"{&quot;background_background&quot;:&quot;classic&quot;}\">\n\t\t\t\t<div class=\"elementor-element elementor-element-a6d226f elementor-widget elementor-widget-heading\" data-id=\"a6d226f\" data-element_type=\"widget\" data-e-type=\"widget\" data-widget_type=\"heading.default\">\n\t\t\t\t<div class=\"elementor-widget-container\">\n\t\t\t\t\t<h5 class=\"elementor-heading-title elementor-size-default\">Projekt adatok:<\/h5>\t\t\t\t<\/div>\n\t\t\t\t<\/div>\n\t\t<div class=\"elementor-element elementor-element-027cd6d e-flex e-con-boxed e-con e-child\" data-id=\"027cd6d\" data-element_type=\"container\" data-e-type=\"container\">\n\t\t\t\t\t<div class=\"e-con-inner\">\n\t\t\t\t<div class=\"elementor-element elementor-element-c6956cc elementor-widget-divider--view-line elementor-widget elementor-widget-divider\" data-id=\"c6956cc\" data-element_type=\"widget\" data-e-type=\"widget\" data-widget_type=\"divider.default\">\n\t\t\t\t<div class=\"elementor-widget-container\">\n\t\t\t\t\t\t\t<div class=\"elementor-divider\">\n\t\t\t<span class=\"elementor-divider-separator\">\n\t\t\t\t\t\t<\/span>\n\t\t<\/div>\n\t\t\t\t\t\t<\/div>\n\t\t\t\t<\/div>\n\t\t\t\t<div class=\"elementor-element elementor-element-650ac74 elementor-widget__width-initial lightblue-text elementor-widget elementor-widget-text-editor\" data-id=\"650ac74\" data-element_type=\"widget\" data-e-type=\"widget\" data-widget_type=\"text-editor.default\">\n\t\t\t\t<div class=\"elementor-widget-container\">\n\t\t\t\t\t\t\t\t\t<p>Tulajdonos<\/p>\t\t\t\t\t\t\t\t<\/div>\n\t\t\t\t<\/div>\n\t\t\t\t<div class=\"elementor-element elementor-element-0ddfa75 elementor-widget__width-initial elementor-widget elementor-widget-text-editor\" data-id=\"0ddfa75\" data-element_type=\"widget\" data-e-type=\"widget\" data-widget_type=\"text-editor.default\">\n\t\t\t\t<div class=\"elementor-widget-container\">\n\t\t\t\t\t\t\t\t\t<p>a&amp;o<\/p>\t\t\t\t\t\t\t\t<\/div>\n\t\t\t\t<\/div>\n\t\t\t\t<div class=\"elementor-element elementor-element-f8a7ff2 elementor-widget-divider--view-line elementor-widget elementor-widget-divider\" data-id=\"f8a7ff2\" data-element_type=\"widget\" data-e-type=\"widget\" data-widget_type=\"divider.default\">\n\t\t\t\t<div class=\"elementor-widget-container\">\n\t\t\t\t\t\t\t<div class=\"elementor-divider\">\n\t\t\t<span class=\"elementor-divider-separator\">\n\t\t\t\t\t\t<\/span>\n\t\t<\/div>\n\t\t\t\t\t\t<\/div>\n\t\t\t\t<\/div>\n\t\t\t\t<div class=\"elementor-element elementor-element-9e0d14d elementor-widget__width-initial lightblue-text elementor-widget elementor-widget-text-editor\" data-id=\"9e0d14d\" data-element_type=\"widget\" data-e-type=\"widget\" data-widget_type=\"text-editor.default\">\n\t\t\t\t<div class=\"elementor-widget-container\">\n\t\t\t\t\t\t\t\t\t<p>Elhelyezked\u00e9s<\/p>\t\t\t\t\t\t\t\t<\/div>\n\t\t\t\t<\/div>\n\t\t\t\t<div class=\"elementor-element elementor-element-4ad7465 elementor-widget__width-initial elementor-widget elementor-widget-text-editor\" data-id=\"4ad7465\" data-element_type=\"widget\" data-e-type=\"widget\" data-widget_type=\"text-editor.default\">\n\t\t\t\t<div class=\"elementor-widget-container\">\n\t\t\t\t\t\t\t\t\t<p>Belv\u00e1ros<\/p>\t\t\t\t\t\t\t\t<\/div>\n\t\t\t\t<\/div>\n\t\t\t\t<div class=\"elementor-element elementor-element-84c0c4a elementor-widget-divider--view-line elementor-widget elementor-widget-divider\" data-id=\"84c0c4a\" data-element_type=\"widget\" data-e-type=\"widget\" data-widget_type=\"divider.default\">\n\t\t\t\t<div class=\"elementor-widget-container\">\n\t\t\t\t\t\t\t<div class=\"elementor-divider\">\n\t\t\t<span class=\"elementor-divider-separator\">\n\t\t\t\t\t\t<\/span>\n\t\t<\/div>\n\t\t\t\t\t\t<\/div>\n\t\t\t\t<\/div>\n\t\t\t\t<div class=\"elementor-element elementor-element-6a5a2b4 elementor-widget__width-initial lightblue-text elementor-widget elementor-widget-text-editor\" data-id=\"6a5a2b4\" data-element_type=\"widget\" data-e-type=\"widget\" data-widget_type=\"text-editor.default\">\n\t\t\t\t<div class=\"elementor-widget-container\">\n\t\t\t\t\t\t\t\t\t<p>Kateg\u00f3ria:<\/p>\t\t\t\t\t\t\t\t<\/div>\n\t\t\t\t<\/div>\n\t\t\t\t<div class=\"elementor-element elementor-element-8eb200c elementor-widget__width-initial elementor-widget elementor-widget-text-editor\" data-id=\"8eb200c\" data-element_type=\"widget\" data-e-type=\"widget\" data-widget_type=\"text-editor.default\">\n\t\t\t\t<div class=\"elementor-widget-container\">\n\t\t\t\t\t\t\t\t\t<p>2* hostel<\/p>\t\t\t\t\t\t\t\t<\/div>\n\t\t\t\t<\/div>\n\t\t\t\t<div class=\"elementor-element elementor-element-9cc978f elementor-widget-divider--view-line elementor-widget elementor-widget-divider\" data-id=\"9cc978f\" data-element_type=\"widget\" data-e-type=\"widget\" data-widget_type=\"divider.default\">\n\t\t\t\t<div class=\"elementor-widget-container\">\n\t\t\t\t\t\t\t<div class=\"elementor-divider\">\n\t\t\t<span class=\"elementor-divider-separator\">\n\t\t\t\t\t\t<\/span>\n\t\t<\/div>\n\t\t\t\t\t\t<\/div>\n\t\t\t\t<\/div>\n\t\t\t\t<div class=\"elementor-element elementor-element-f3122dc elementor-widget__width-initial lightblue-text elementor-widget elementor-widget-text-editor\" data-id=\"f3122dc\" data-element_type=\"widget\" data-e-type=\"widget\" data-widget_type=\"text-editor.default\">\n\t\t\t\t<div class=\"elementor-widget-container\">\n\t\t\t\t\t\t\t\t\t<p>Brutt\u00f3:<\/p>\t\t\t\t\t\t\t\t<\/div>\n\t\t\t\t<\/div>\n\t\t\t\t<div class=\"elementor-element elementor-element-5d05226 elementor-widget__width-initial elementor-widget elementor-widget-text-editor\" data-id=\"5d05226\" data-element_type=\"widget\" data-e-type=\"widget\" data-widget_type=\"text-editor.default\">\n\t\t\t\t<div class=\"elementor-widget-container\">\n\t\t\t\t\t\t\t\t\t<p>5 083 m\u00b2<\/p>\t\t\t\t\t\t\t\t<\/div>\n\t\t\t\t<\/div>\n\t\t\t\t\t<\/div>\n\t\t\t\t<\/div>\n\t\t\t\t<div class=\"elementor-element elementor-element-76bf1f1 elementor-widget elementor-widget-template\" data-id=\"76bf1f1\" data-element_type=\"widget\" data-e-type=\"widget\" data-widget_type=\"template.default\">\n\t\t\t\t<div class=\"elementor-widget-container\">\n\t\t\t\t\t\t\t<div class=\"elementor-template\">\n\t\t\t\t\t<div data-elementor-type=\"container\" data-elementor-id=\"4565\" class=\"elementor elementor-4565 elementor-3740 elementor-3740\" data-elementor-post-type=\"elementor_library\">\n\t\t\t\t<div class=\"elementor-element elementor-element-ffee99b csaba-zeley-template e-flex e-con-boxed e-con e-parent\" data-id=\"ffee99b\" data-element_type=\"container\" data-e-type=\"container\">\n\t\t\t\t\t<div class=\"e-con-inner\">\n\t\t\t\t<div class=\"elementor-element elementor-element-2400f56 elementor-position-left elementor-vertical-align-middle custom-sidebar-contact elementor-widget elementor-widget-image-box\" data-id=\"2400f56\" data-element_type=\"widget\" data-e-type=\"widget\" data-widget_type=\"image-box.default\">\n\t\t\t\t<div class=\"elementor-widget-container\">\n\t\t\t\t\t<div class=\"elementor-image-box-wrapper\"><figure class=\"elementor-image-box-img\"><img loading=\"lazy\" decoding=\"async\" width=\"1500\" height=\"1500\" src=\"https:\/\/convergen-ce.com\/wp-content\/uploads\/2026\/03\/Csaba-Zeley.png\" class=\"attachment-full size-full wp-image-7291\" alt=\"\" srcset=\"https:\/\/convergen-ce.com\/wp-content\/uploads\/2026\/03\/Csaba-Zeley.png 1500w, https:\/\/convergen-ce.com\/wp-content\/uploads\/2026\/03\/Csaba-Zeley-300x300.png 300w, https:\/\/convergen-ce.com\/wp-content\/uploads\/2026\/03\/Csaba-Zeley-1024x1024.png 1024w, https:\/\/convergen-ce.com\/wp-content\/uploads\/2026\/03\/Csaba-Zeley-150x150.png 150w, https:\/\/convergen-ce.com\/wp-content\/uploads\/2026\/03\/Csaba-Zeley-768x768.png 768w\" sizes=\"auto, (max-width: 1500px) 100vw, 1500px\" \/><\/figure><div class=\"elementor-image-box-content\"><p class=\"elementor-image-box-description\"><span style=\"color: #142D5A\">\n\nZeley Csaba <\/span><br>\u00dcgyvezet\u0151 igazgat\u00f3<br><a href=\"mailto:%20office@convergen-ce.com\" style=\"color: #142D5A\">office@convergen-ce.com<\/a><\/p><\/div><\/div>\t\t\t\t<\/div>\n\t\t\t\t<\/div>\n\t\t\t\t\t<\/div>\n\t\t\t\t<\/div>\n\t\t\t\t<\/div>\n\t\t\t\t<\/div>\n\t\t\t\t\t\t<\/div>\n\t\t\t\t<\/div>\n\t\t\t\t<\/div>\n\t\t\t\t\t<\/div>\n\t\t\t\t<\/div>\n\t\t<div class=\"elementor-element elementor-element-4dd2015 e-flex e-con-boxed e-con e-parent\" data-id=\"4dd2015\" data-element_type=\"container\" data-e-type=\"container\">\n\t\t\t\t\t<div class=\"e-con-inner\">\n\t\t<div class=\"elementor-element elementor-element-ffa983c e-con-full e-flex e-con e-child\" data-id=\"ffa983c\" data-element_type=\"container\" data-e-type=\"container\">\n\t\t\t\t<div class=\"elementor-element elementor-element-4671fde elementor-widget elementor-widget-heading\" data-id=\"4671fde\" data-element_type=\"widget\" data-e-type=\"widget\" data-widget_type=\"heading.default\">\n\t\t\t\t<div class=\"elementor-widget-container\">\n\t\t\t\t\t<h4 class=\"elementor-heading-title elementor-size-default\">Kapcsol\u00f3d\u00f3 H\u00edrek<\/h4>\t\t\t\t<\/div>\n\t\t\t\t<\/div>\n\t\t\t\t<div class=\"elementor-element elementor-element-857a787 elementor-widget elementor-widget-shortcode\" data-id=\"857a787\" data-element_type=\"widget\" data-e-type=\"widget\" data-widget_type=\"shortcode.default\">\n\t\t\t\t<div class=\"elementor-widget-container\">\n\t\t\t\t\t\t\t<div class=\"elementor-shortcode\"><table class=\"custom-related-articles-table\" style=\"border-radius: 16px; border: 1px solid #ffffff1a;\"><\/table><\/div>\n\t\t\t\t\t\t<\/div>\n\t\t\t\t<\/div>\n\t\t<div class=\"elementor-element elementor-element-722182d e-flex e-con-boxed e-con e-child\" data-id=\"722182d\" data-element_type=\"container\" data-e-type=\"container\">\n\t\t\t\t\t<div class=\"e-con-inner\">\n\t\t\t\t<div class=\"elementor-element elementor-element-c475dae elementor-widget__width-auto narancssarga-gomb-balra-nyillal elementor-widget elementor-widget-button\" data-id=\"c475dae\" data-element_type=\"widget\" data-e-type=\"widget\" data-widget_type=\"button.default\">\n\t\t\t\t<div class=\"elementor-widget-container\">\n\t\t\t\t\t\t\t\t\t<div class=\"elementor-button-wrapper\">\n\t\t\t\t\t<a class=\"elementor-button elementor-button-link elementor-size-sm\" href=\"https:\/\/convergen-ce.com\/hu\/canada-square\">\n\t\t\t\t\t\t<span class=\"elementor-button-content-wrapper\">\n\t\t\t\t\t\t\t\t\t<span class=\"elementor-button-text\">El\u0151z\u0151 projekt<\/span>\n\t\t\t\t\t<\/span>\n\t\t\t\t\t<\/a>\n\t\t\t\t<\/div>\n\t\t\t\t\t\t\t\t<\/div>\n\t\t\t\t<\/div>\n\t\t\t\t<div class=\"elementor-element elementor-element-5fa92fd elementor-widget__width-auto narancssarga-gomb-jobbra-nyillal elementor-widget elementor-widget-button\" data-id=\"5fa92fd\" data-element_type=\"widget\" data-e-type=\"widget\" data-widget_type=\"button.default\">\n\t\t\t\t<div class=\"elementor-widget-container\">\n\t\t\t\t\t\t\t\t\t<div class=\"elementor-button-wrapper\">\n\t\t\t\t\t<a class=\"elementor-button elementor-button-link elementor-size-sm\" href=\"https:\/\/convergen-ce.com\/hu\/eiffel-ter\">\n\t\t\t\t\t\t<span class=\"elementor-button-content-wrapper\">\n\t\t\t\t\t\t\t\t\t<span class=\"elementor-button-text\">K\u00f6vetkez\u0151 projekt<\/span>\n\t\t\t\t\t<\/span>\n\t\t\t\t\t<\/a>\n\t\t\t\t<\/div>\n\t\t\t\t\t\t\t\t<\/div>\n\t\t\t\t<\/div>\n\t\t\t\t\t<\/div>\n\t\t\t\t<\/div>\n\t\t\t\t<\/div>\n\t\t\t\t\t<\/div>\n\t\t\t\t<\/div>\n\t\t\t\t<\/div>\n\t\t","protected":false},"excerpt":{"rendered":"<p>a&amp;o Hostel Budapest Hotelfejleszt\u00e9sben vett r\u00e9szt a Convergence Budapesten Eur\u00f3pa legnagyobb mag\u00e1nk\u00e9zben l\u00e9v\u0151 hostel l\u00e1nca, az a&amp;o Group 2019-ben nyitotta meg els\u0151 helysz\u00edn\u00e9t Budapesten. A n\u00e9met csoport modern sz\u00e1ll\u00f3t hozott l\u00e9tre egy t\u00f6rt\u00e9nelmi ingatlan helyre\u00e1ll\u00edt\u00e1s\u00e1val \u00e9s 108 szob\u00e1s hostell\u00e9 alak\u00edt\u00e1s\u00e1val. A Convergence vezette a kiv\u00e1lasztott Csengery utcai ingatlan teljes rekonstrukci\u00f3j\u00e1t. Az a&amp;o Group a VII. &#8230; <a title=\"a&amp;o Hostel Budapest\" class=\"read-more\" href=\"https:\/\/convergen-ce.com\/hu\/ao-hostel-budapest\" aria-label=\"Read more about a&amp;o Hostel Budapest\">Olvasson tov\u00e1bb<\/a><\/p>\n","protected":false},"author":8,"featured_media":0,"parent":0,"menu_order":0,"comment_status":"closed","ping_status":"closed","template":"elementor_header_footer","meta":{"inline_featured_image":false,"footnotes":""},"class_list":["post-3513","page","type-page","status-publish"],"_links":{"self":[{"href":"https:\/\/convergen-ce.com\/hu\/wp-json\/wp\/v2\/pages\/3513","targetHints":{"allow":["GET"]}}],"collection":[{"href":"https:\/\/convergen-ce.com\/hu\/wp-json\/wp\/v2\/pages"}],"about":[{"href":"https:\/\/convergen-ce.com\/hu\/wp-json\/wp\/v2\/types\/page"}],"author":[{"embeddable":true,"href":"https:\/\/convergen-ce.com\/hu\/wp-json\/wp\/v2\/users\/8"}],"replies":[{"embeddable":true,"href":"https:\/\/convergen-ce.com\/hu\/wp-json\/wp\/v2\/comments?post=3513"}],"version-history":[{"count":6,"href":"https:\/\/convergen-ce.com\/hu\/wp-json\/wp\/v2\/pages\/3513\/revisions"}],"predecessor-version":[{"id":8285,"href":"https:\/\/convergen-ce.com\/hu\/wp-json\/wp\/v2\/pages\/3513\/revisions\/8285"}],"wp:attachment":[{"href":"https:\/\/convergen-ce.com\/hu\/wp-json\/wp\/v2\/media?parent=3513"}],"curies":[{"name":"wp","href":"https:\/\/api.w.org\/{rel}","templated":true}]}}