{"id":3531,"date":"2024-03-22T14:45:23","date_gmt":"2024-03-22T13:45:23","guid":{"rendered":"https:\/\/convergen-ce.com\/b52-irodahaz"},"modified":"2024-06-12T16:51:03","modified_gmt":"2024-06-12T14:51:03","slug":"b52-irodahaz","status":"publish","type":"page","link":"https:\/\/convergen-ce.com\/hu\/b52-irodahaz","title":{"rendered":"B52 Irodah\u00e1z"},"content":{"rendered":"\t\t<div data-elementor-type=\"wp-page\" data-elementor-id=\"3531\" class=\"elementor elementor-3531 elementor-3360\" data-elementor-post-type=\"page\">\n\t\t\t\t<div class=\"elementor-element elementor-element-08e1c10 e-con-full e-flex e-con e-parent\" data-id=\"08e1c10\" data-element_type=\"container\" data-e-type=\"container\">\n\t\t\t\t<div class=\"elementor-element elementor-element-5aa82df elementor--h-position-center elementor--v-position-middle elementor-pagination-position-inside elementor-widget elementor-widget-slides\" data-id=\"5aa82df\" data-element_type=\"widget\" data-e-type=\"widget\" data-settings=\"{&quot;navigation&quot;:&quot;dots&quot;,&quot;autoplay&quot;:&quot;yes&quot;,&quot;pause_on_hover&quot;:&quot;yes&quot;,&quot;pause_on_interaction&quot;:&quot;yes&quot;,&quot;autoplay_speed&quot;:5000,&quot;infinite&quot;:&quot;yes&quot;,&quot;transition&quot;:&quot;slide&quot;,&quot;transition_speed&quot;:500}\" data-widget_type=\"slides.default\">\n\t\t\t\t<div class=\"elementor-widget-container\">\n\t\t\t\t\t\t\t\t\t<div class=\"elementor-swiper\">\n\t\t\t\t\t<div class=\"elementor-slides-wrapper elementor-main-swiper swiper\" role=\"region\" aria-roledescription=\"carousel\" aria-label=\"Slides\" dir=\"ltr\" data-animation=\"fadeInUp\">\n\t\t\t\t<div class=\"swiper-wrapper elementor-slides\">\n\t\t\t\t\t\t\t\t\t\t<div class=\"elementor-repeater-item-23bab6f swiper-slide\" role=\"group\" aria-roledescription=\"slide\"><div class=\"swiper-slide-bg\" role=\"img\" aria-label=\"B52_117_WEB\"><\/div><div class=\"swiper-slide-inner\" ><div class=\"swiper-slide-contents\"><\/div><\/div><\/div><div class=\"elementor-repeater-item-ca97ed8 swiper-slide\" role=\"group\" aria-roledescription=\"slide\"><div class=\"swiper-slide-bg\" role=\"img\" aria-label=\"B52_101_WEB\"><\/div><div class=\"swiper-slide-inner\" ><div class=\"swiper-slide-contents\"><\/div><\/div><\/div>\t\t\t\t<\/div>\n\t\t\t\t\t\t\t\t\t\t\t\t\t\t\t\t\t\t\t\t<div class=\"swiper-pagination\"><\/div>\n\t\t\t\t\t\t\t\t\t\t\t\t<\/div>\n\t\t\t\t<\/div>\n\t\t\t\t\t\t\t\t<\/div>\n\t\t\t\t<\/div>\n\t\t\t\t<\/div>\n\t\t<div class=\"elementor-element elementor-element-c7cc384 e-flex e-con-boxed e-con e-parent\" data-id=\"c7cc384\" data-element_type=\"container\" data-e-type=\"container\">\n\t\t\t\t\t<div class=\"e-con-inner\">\n\t\t<div class=\"elementor-element elementor-element-f520a61 e-con-full e-flex e-con e-child\" data-id=\"f520a61\" data-element_type=\"container\" data-e-type=\"container\">\n\t\t\t\t<div class=\"elementor-element elementor-element-15036c4 service-header elementor-widget elementor-widget-heading\" data-id=\"15036c4\" data-element_type=\"widget\" data-e-type=\"widget\" data-widget_type=\"heading.default\">\n\t\t\t\t<div class=\"elementor-widget-container\">\n\t\t\t\t\t<h2 class=\"elementor-heading-title elementor-size-default\">Egy egyetemekkel, k\u00f6nyvt\u00e1rakkal \u00e9s m\u00fazeumokkal k\u00f6rbevett iroda a legkiv\u00e1l\u00f3bb hely a kreat\u00edv munk\u00e1hoz.<\/h2>\t\t\t\t<\/div>\n\t\t\t\t<\/div>\n\t\t\t\t<div class=\"elementor-element elementor-element-91d3f2e elementor-widget elementor-widget-text-editor\" data-id=\"91d3f2e\" data-element_type=\"widget\" data-e-type=\"widget\" data-widget_type=\"text-editor.default\">\n\t\t\t\t<div class=\"elementor-widget-container\">\n\t\t\t\t\t\t\t\t\t<p>A ConvergenCE vagyon- \u00e9s ingatlankezelte a B52 Irodah\u00e1zat annak 2015-\u00f6s megv\u00e1s\u00e1rl\u00e1sa \u00f3ta az Europa Capital befektet\u0151, majd k\u00e9s\u0151bb a CCE Investment Kft \u00e1ltal. A ConvergenCE tov\u00e1bbra is ny\u00fajtotta ezeket a szolg\u00e1ltat\u00e1sokat, miut\u00e1n az \u00e9p\u00fcletet 2017-ben eladt\u00e1k a CCE Investmentnek. C\u00e9g\u00fcnk v\u00e9gezte a b\u00e9rl\u0151i kialak\u00edt\u00e1sok bonyol\u00edt\u00e1s\u00e1t is az \u00e9p\u00fclet 2018. m\u00e1jus\u00e1ban t\u00f6rt\u00e9nt \u00e9rt\u00e9kes\u00edt\u00e9s\u00e9ig.<\/p>\n<p>Az \u201cA\u201d kateg\u00f3ri\u00e1s B52 Irodah\u00e1z t\u00f6bb mint 5.300 n\u00e9gyzetm\u00e9ter rugalmasan alak\u00edthat\u00f3 irodater\u00fclettel rendelkezik. v<\/p>\n<p>F\u0151 b\u00e9rl\u0151k: NSZFH, B52 Business Center<\/p>\n\t\t\t\t\t\t\t\t<\/div>\n\t\t\t\t<\/div>\n\t\t\t\t<div class=\"elementor-element elementor-element-8a13bc9 narancssarga-gomb-jobbra-nyillal elementor-widget elementor-widget-button\" data-id=\"8a13bc9\" data-element_type=\"widget\" data-e-type=\"widget\" id=\"kalvin-square-link-button\" data-widget_type=\"button.default\">\n\t\t\t\t<div class=\"elementor-widget-container\">\n\t\t\t\t\t\t\t\t\t<div class=\"elementor-button-wrapper\">\n\t\t\t\t\t<a class=\"elementor-button elementor-button-link elementor-size-sm\" href=\"#\">\n\t\t\t\t\t\t<span class=\"elementor-button-content-wrapper\">\n\t\t\t\t\t\t\t\t\t<span class=\"elementor-button-text\">baross52.hu\/en\/<\/span>\n\t\t\t\t\t<\/span>\n\t\t\t\t\t<\/a>\n\t\t\t\t<\/div>\n\t\t\t\t\t\t\t\t<\/div>\n\t\t\t\t<\/div>\n\t\t\t\t<div class=\"elementor-element elementor-element-e652471 elementor-widget elementor-widget-html\" data-id=\"e652471\" data-element_type=\"widget\" data-e-type=\"widget\" data-widget_type=\"html.default\">\n\t\t\t\t<div class=\"elementor-widget-container\">\n\t\t\t\t\t<iframe src=\"https:\/\/www.google.com\/maps\/embed?pb=!1m14!1m8!1m3!1d5392.016977183835!2d19.069774!3d47.489748!3m2!1i1024!2i768!4f13.1!3m3!1m2!1s0x4741dc593d395f57%3A0x82309c04b5cfdff!2sBudapest%2C%20Baross%20u%2052%2C%201085%20Magyarorsz%C3%A1g!5e0!3m2!1shu!2sus!4v1711098874687!5m2!1shu!2sus\" width=\"100%\" height=\"350\" style=\"border:0;\" allowfullscreen=\"\" loading=\"lazy\" referrerpolicy=\"no-referrer-when-downgrade\"><\/iframe>\t\t\t\t<\/div>\n\t\t\t\t<\/div>\n\t\t\t\t<\/div>\n\t\t<div class=\"elementor-element elementor-element-c9b40b4 e-con-full academia-data-table e-flex e-con e-child\" data-id=\"c9b40b4\" data-element_type=\"container\" data-e-type=\"container\" data-settings=\"{&quot;background_background&quot;:&quot;classic&quot;}\">\n\t\t\t\t<div class=\"elementor-element elementor-element-784050a elementor-widget elementor-widget-heading\" data-id=\"784050a\" data-element_type=\"widget\" data-e-type=\"widget\" data-widget_type=\"heading.default\">\n\t\t\t\t<div class=\"elementor-widget-container\">\n\t\t\t\t\t<h5 class=\"elementor-heading-title elementor-size-default\">Project adatok:<\/h5>\t\t\t\t<\/div>\n\t\t\t\t<\/div>\n\t\t<div class=\"elementor-element elementor-element-db6e84d e-flex e-con-boxed e-con e-child\" data-id=\"db6e84d\" data-element_type=\"container\" data-e-type=\"container\">\n\t\t\t\t\t<div class=\"e-con-inner\">\n\t\t\t\t<div class=\"elementor-element elementor-element-0e84ef5 elementor-widget-divider--view-line elementor-widget elementor-widget-divider\" data-id=\"0e84ef5\" data-element_type=\"widget\" data-e-type=\"widget\" data-widget_type=\"divider.default\">\n\t\t\t\t<div class=\"elementor-widget-container\">\n\t\t\t\t\t\t\t<div class=\"elementor-divider\">\n\t\t\t<span class=\"elementor-divider-separator\">\n\t\t\t\t\t\t<\/span>\n\t\t<\/div>\n\t\t\t\t\t\t<\/div>\n\t\t\t\t<\/div>\n\t\t\t\t<div class=\"elementor-element elementor-element-2eaf2ff elementor-widget__width-initial lightblue-text elementor-widget elementor-widget-text-editor\" data-id=\"2eaf2ff\" data-element_type=\"widget\" data-e-type=\"widget\" data-widget_type=\"text-editor.default\">\n\t\t\t\t<div class=\"elementor-widget-container\">\n\t\t\t\t\t\t\t\t\t<p>Tulajdonos<\/p>\n\t\t\t\t\t\t\t\t<\/div>\n\t\t\t\t<\/div>\n\t\t\t\t<div class=\"elementor-element elementor-element-f251dda elementor-widget__width-initial elementor-widget elementor-widget-text-editor\" data-id=\"f251dda\" data-element_type=\"widget\" data-e-type=\"widget\" data-widget_type=\"text-editor.default\">\n\t\t\t\t<div class=\"elementor-widget-container\">\n\t\t\t\t\t\t\t\t\t<p>CCE Investment<\/p>\n\t\t\t\t\t\t\t\t<\/div>\n\t\t\t\t<\/div>\n\t\t\t\t<div class=\"elementor-element elementor-element-f675405 elementor-widget-divider--view-line elementor-widget elementor-widget-divider\" data-id=\"f675405\" data-element_type=\"widget\" data-e-type=\"widget\" data-widget_type=\"divider.default\">\n\t\t\t\t<div class=\"elementor-widget-container\">\n\t\t\t\t\t\t\t<div class=\"elementor-divider\">\n\t\t\t<span class=\"elementor-divider-separator\">\n\t\t\t\t\t\t<\/span>\n\t\t<\/div>\n\t\t\t\t\t\t<\/div>\n\t\t\t\t<\/div>\n\t\t\t\t<div class=\"elementor-element elementor-element-81a3910 elementor-widget__width-initial lightblue-text elementor-widget elementor-widget-text-editor\" data-id=\"81a3910\" data-element_type=\"widget\" data-e-type=\"widget\" data-widget_type=\"text-editor.default\">\n\t\t\t\t<div class=\"elementor-widget-container\">\n\t\t\t\t\t\t\t\t\t<p>Elhelyezked\u00e9s<\/p>\n\t\t\t\t\t\t\t\t<\/div>\n\t\t\t\t<\/div>\n\t\t\t\t<div class=\"elementor-element elementor-element-c5a32f6 elementor-widget__width-initial elementor-widget elementor-widget-text-editor\" data-id=\"c5a32f6\" data-element_type=\"widget\" data-e-type=\"widget\" data-widget_type=\"text-editor.default\">\n\t\t\t\t<div class=\"elementor-widget-container\">\n\t\t\t\t\t\t\t\t\t<p>v<\/p>\n\t\t\t\t\t\t\t\t<\/div>\n\t\t\t\t<\/div>\n\t\t\t\t<div class=\"elementor-element elementor-element-efe206e elementor-widget-divider--view-line elementor-widget elementor-widget-divider\" data-id=\"efe206e\" data-element_type=\"widget\" data-e-type=\"widget\" data-widget_type=\"divider.default\">\n\t\t\t\t<div class=\"elementor-widget-container\">\n\t\t\t\t\t\t\t<div class=\"elementor-divider\">\n\t\t\t<span class=\"elementor-divider-separator\">\n\t\t\t\t\t\t<\/span>\n\t\t<\/div>\n\t\t\t\t\t\t<\/div>\n\t\t\t\t<\/div>\n\t\t\t\t<div class=\"elementor-element elementor-element-33594d6 elementor-widget__width-initial lightblue-text elementor-widget elementor-widget-text-editor\" data-id=\"33594d6\" data-element_type=\"widget\" data-e-type=\"widget\" data-widget_type=\"text-editor.default\">\n\t\t\t\t<div class=\"elementor-widget-container\">\n\t\t\t\t\t\t\t\t\t<p>Kateg\u00f3ria:<\/p>\n\t\t\t\t\t\t\t\t<\/div>\n\t\t\t\t<\/div>\n\t\t\t\t<div class=\"elementor-element elementor-element-321babd elementor-widget__width-initial elementor-widget elementor-widget-text-editor\" data-id=\"321babd\" data-element_type=\"widget\" data-e-type=\"widget\" data-widget_type=\"text-editor.default\">\n\t\t\t\t<div class=\"elementor-widget-container\">\n\t\t\t\t\t\t\t\t\t<p>A<\/p>\n\t\t\t\t\t\t\t\t<\/div>\n\t\t\t\t<\/div>\n\t\t\t\t<div class=\"elementor-element elementor-element-be45ed7 elementor-widget-divider--view-line elementor-widget elementor-widget-divider\" data-id=\"be45ed7\" data-element_type=\"widget\" data-e-type=\"widget\" data-widget_type=\"divider.default\">\n\t\t\t\t<div class=\"elementor-widget-container\">\n\t\t\t\t\t\t\t<div class=\"elementor-divider\">\n\t\t\t<span class=\"elementor-divider-separator\">\n\t\t\t\t\t\t<\/span>\n\t\t<\/div>\n\t\t\t\t\t\t<\/div>\n\t\t\t\t<\/div>\n\t\t\t\t<div class=\"elementor-element elementor-element-c5eb109 elementor-widget__width-initial lightblue-text elementor-widget elementor-widget-text-editor\" data-id=\"c5eb109\" data-element_type=\"widget\" data-e-type=\"widget\" data-widget_type=\"text-editor.default\">\n\t\t\t\t<div class=\"elementor-widget-container\">\n\t\t\t\t\t\t\t\t\t<p>GLA:<\/p>\n\t\t\t\t\t\t\t\t<\/div>\n\t\t\t\t<\/div>\n\t\t\t\t<div class=\"elementor-element elementor-element-b79dbb9 elementor-widget__width-initial elementor-widget elementor-widget-text-editor\" data-id=\"b79dbb9\" data-element_type=\"widget\" data-e-type=\"widget\" data-widget_type=\"text-editor.default\">\n\t\t\t\t<div class=\"elementor-widget-container\">\n\t\t\t\t\t\t\t\t\t<p>5300<\/p>\n\t\t\t\t\t\t\t\t<\/div>\n\t\t\t\t<\/div>\n\t\t\t\t<div class=\"elementor-element elementor-element-a0a149a elementor-widget-divider--view-line elementor-widget elementor-widget-divider\" data-id=\"a0a149a\" data-element_type=\"widget\" data-e-type=\"widget\" data-widget_type=\"divider.default\">\n\t\t\t\t<div class=\"elementor-widget-container\">\n\t\t\t\t\t\t\t<div class=\"elementor-divider\">\n\t\t\t<span class=\"elementor-divider-separator\">\n\t\t\t\t\t\t<\/span>\n\t\t<\/div>\n\t\t\t\t\t\t<\/div>\n\t\t\t\t<\/div>\n\t\t\t\t<div class=\"elementor-element elementor-element-2e98927 elementor-widget__width-initial lightblue-text elementor-widget elementor-widget-text-editor\" data-id=\"2e98927\" data-element_type=\"widget\" data-e-type=\"widget\" data-widget_type=\"text-editor.default\">\n\t\t\t\t<div class=\"elementor-widget-container\">\n\t\t\t\t\t\t\t\t\t<p>Parkol\u00f3:<\/p>\n\t\t\t\t\t\t\t\t<\/div>\n\t\t\t\t<\/div>\n\t\t\t\t<div class=\"elementor-element elementor-element-d8420ea elementor-widget__width-initial elementor-widget elementor-widget-text-editor\" data-id=\"d8420ea\" data-element_type=\"widget\" data-e-type=\"widget\" data-widget_type=\"text-editor.default\">\n\t\t\t\t<div class=\"elementor-widget-container\">\n\t\t\t\t\t\t\t\t\t<p>30 hely<\/p>\n\t\t\t\t\t\t\t\t<\/div>\n\t\t\t\t<\/div>\n\t\t\t\t\t<\/div>\n\t\t\t\t<\/div>\n\t\t\t\t<div class=\"elementor-element elementor-element-72ed3c5 elementor-position-left elementor-vertical-align-middle elementor-widget elementor-widget-image-box\" data-id=\"72ed3c5\" data-element_type=\"widget\" data-e-type=\"widget\" data-widget_type=\"image-box.default\">\n\t\t\t\t<div class=\"elementor-widget-container\">\n\t\t\t\t\t<div class=\"elementor-image-box-wrapper\"><figure class=\"elementor-image-box-img\"><img loading=\"lazy\" decoding=\"async\" width=\"500\" height=\"500\" src=\"https:\/\/convergen-ce.com\/wp-content\/uploads\/2024\/03\/zeleycsaba_2020_square.jpg\" class=\"attachment-full size-full wp-image-3135\" alt=\"\" srcset=\"https:\/\/convergen-ce.com\/wp-content\/uploads\/2024\/03\/zeleycsaba_2020_square.jpg 500w, https:\/\/convergen-ce.com\/wp-content\/uploads\/2024\/03\/zeleycsaba_2020_square-300x300.jpg 300w, https:\/\/convergen-ce.com\/wp-content\/uploads\/2024\/03\/zeleycsaba_2020_square-150x150.jpg 150w\" sizes=\"auto, (max-width: 500px) 100vw, 500px\" \/><\/figure><div class=\"elementor-image-box-content\"><p class=\"elementor-image-box-description\"><span style=\"color: #142D5A\">\n\nCsaba Zeley <\/span><br>\n\u00dcgyvezet\u0151 igazgat\u00f3<br>\n<a href=\"mailto:%20csaba.zeley@convergen-ce.com\" style=\"color: #142D5A\">csaba.zeley@convergen-ce.com<\/a><\/p><\/div><\/div>\t\t\t\t<\/div>\n\t\t\t\t<\/div>\n\t\t\t\t<\/div>\n\t\t\t\t\t<\/div>\n\t\t\t\t<\/div>\n\t\t<div class=\"elementor-element elementor-element-ff83ba9 e-con-full e-flex e-con e-parent\" data-id=\"ff83ba9\" data-element_type=\"container\" data-e-type=\"container\">\n\t\t<div class=\"elementor-element elementor-element-ceff3a0 e-con-full e-flex e-con e-child\" data-id=\"ceff3a0\" data-element_type=\"container\" data-e-type=\"container\">\n\t\t\t\t<div class=\"elementor-element elementor-element-b7d1390 elementor-widget elementor-widget-heading\" data-id=\"b7d1390\" data-element_type=\"widget\" data-e-type=\"widget\" data-widget_type=\"heading.default\">\n\t\t\t\t<div class=\"elementor-widget-container\">\n\t\t\t\t\t<h4 class=\"elementor-heading-title elementor-size-default\">Kapcsol\u00f3d\u00f3 H\u00edrek<\/h4>\t\t\t\t<\/div>\n\t\t\t\t<\/div>\n\t\t\t\t<div class=\"elementor-element elementor-element-d0484d5 elementor-widget elementor-widget-shortcode\" data-id=\"d0484d5\" data-element_type=\"widget\" data-e-type=\"widget\" data-widget_type=\"shortcode.default\">\n\t\t\t\t<div class=\"elementor-widget-container\">\n\t\t\t\t\t\t\t<div class=\"elementor-shortcode\"><table class=\"custom-related-articles-table\" style=\"border-radius: 16px; border: 1px solid #ffffff1a;\"><tr><td style=\"border: solid #ffffff1a; border-width: 0 1px 1px 0; color: #7a7a7a;\">2016.05.18<\/td><td style=\"border-bottom: solid #ffffff1a; border-width: 0 0 1px 0;\"><a href=\"https:\/\/convergen-ce.com\/hu\/epiteni-mindenki-tud-szinvonalat-tartani-mar-joval-kevesebben\">\u00c9p\u00edteni mindenki tud, sz\u00ednvonalat tartani m\u00e1r j\u00f3val kevesebben<\/a><\/td><\/tr><tr><td style=\"border: solid #ffffff1a; border-width: 0 1px 1px 0; color: #7a7a7a;\">2015.04.21<\/td><td style=\"border-bottom: solid #ffffff1a; border-width: 0 0 1px 0;\"><a href=\"https:\/\/convergen-ce.com\/hu\/a-convergence-irodahaz-portfoliot-vasarolt-budapest-kozponti-helyein-az-europa-capital-szamara\">A ConvergenCE irodah\u00e1z portf\u00f3li\u00f3t v\u00e1s\u00e1rolt Budapest k\u00f6zponti helyein az Europa Capital sz\u00e1m\u00e1ra<\/a><\/td><\/tr><tr><td style=\"border: solid #ffffff1a; border-width: 0 1px 1px 0; color: #7a7a7a;\">2012.06.08<\/td><td style=\"border-bottom: solid #ffffff1a; border-width: 0 0 1px 0;\"><a href=\"https:\/\/convergen-ce.com\/hu\/a-convergence-erositi-ingatlankezelesi-uzletagat\">A ConvergenCE er\u0151s\u00edti ingatlankezel\u00e9si \u00fczlet\u00e1g\u00e1t<\/a><\/td><\/tr><\/table><\/div>\n\t\t\t\t\t\t<\/div>\n\t\t\t\t<\/div>\n\t\t<div class=\"elementor-element elementor-element-7e5ff43 e-flex e-con-boxed e-con e-child\" data-id=\"7e5ff43\" data-element_type=\"container\" data-e-type=\"container\">\n\t\t\t\t\t<div class=\"e-con-inner\">\n\t\t\t\t<div class=\"elementor-element elementor-element-ca374cc elementor-widget__width-auto narancssarga-gomb-balra-nyillal elementor-widget elementor-widget-button\" data-id=\"ca374cc\" data-element_type=\"widget\" data-e-type=\"widget\" data-widget_type=\"button.default\">\n\t\t\t\t<div class=\"elementor-widget-container\">\n\t\t\t\t\t\t\t\t\t<div class=\"elementor-button-wrapper\">\n\t\t\t\t\t<a class=\"elementor-button elementor-button-link elementor-size-sm\" href=\"https:\/\/convergen-ce.com\/hu\/eiffel-ter\">\n\t\t\t\t\t\t<span class=\"elementor-button-content-wrapper\">\n\t\t\t\t\t\t\t\t\t<span class=\"elementor-button-text\">El\u0151z\u0151 projekt<\/span>\n\t\t\t\t\t<\/span>\n\t\t\t\t\t<\/a>\n\t\t\t\t<\/div>\n\t\t\t\t\t\t\t\t<\/div>\n\t\t\t\t<\/div>\n\t\t\t\t<div class=\"elementor-element elementor-element-3480e50 elementor-widget__width-auto narancssarga-gomb-jobbra-nyillal elementor-widget elementor-widget-button\" data-id=\"3480e50\" data-element_type=\"widget\" data-e-type=\"widget\" data-widget_type=\"button.default\">\n\t\t\t\t<div class=\"elementor-widget-container\">\n\t\t\t\t\t\t\t\t\t<div class=\"elementor-button-wrapper\">\n\t\t\t\t\t<a class=\"elementor-button elementor-button-link elementor-size-sm\" href=\"https:\/\/convergen-ce.com\/hu\/kpmg-headquarters-vision-towers\">\n\t\t\t\t\t\t<span class=\"elementor-button-content-wrapper\">\n\t\t\t\t\t\t\t\t\t<span class=\"elementor-button-text\">K\u00f6vetkez\u0151 projekt<\/span>\n\t\t\t\t\t<\/span>\n\t\t\t\t\t<\/a>\n\t\t\t\t<\/div>\n\t\t\t\t\t\t\t\t<\/div>\n\t\t\t\t<\/div>\n\t\t\t\t\t<\/div>\n\t\t\t\t<\/div>\n\t\t\t\t<\/div>\n\t\t\t\t<\/div>\n\t\t\t\t<\/div>\n\t\t","protected":false},"excerpt":{"rendered":"<p>Egy egyetemekkel, k\u00f6nyvt\u00e1rakkal \u00e9s m\u00fazeumokkal k\u00f6rbevett iroda a legkiv\u00e1l\u00f3bb hely a kreat\u00edv munk\u00e1hoz. A ConvergenCE vagyon- \u00e9s ingatlankezelte a B52 Irodah\u00e1zat annak 2015-\u00f6s megv\u00e1s\u00e1rl\u00e1sa \u00f3ta az Europa Capital befektet\u0151, majd k\u00e9s\u0151bb a CCE Investment Kft \u00e1ltal. A ConvergenCE tov\u00e1bbra is ny\u00fajtotta ezeket a szolg\u00e1ltat\u00e1sokat, miut\u00e1n az \u00e9p\u00fcletet 2017-ben eladt\u00e1k a CCE Investmentnek. C\u00e9g\u00fcnk v\u00e9gezte a &#8230; <a title=\"B52 Irodah\u00e1z\" class=\"read-more\" href=\"https:\/\/convergen-ce.com\/hu\/b52-irodahaz\" aria-label=\"Read more about B52 Irodah\u00e1z\">Olvasson tov\u00e1bb<\/a><\/p>\n","protected":false},"author":8,"featured_media":0,"parent":0,"menu_order":0,"comment_status":"closed","ping_status":"closed","template":"elementor_header_footer","meta":{"inline_featured_image":false,"footnotes":""},"class_list":["post-3531","page","type-page","status-publish"],"_links":{"self":[{"href":"https:\/\/convergen-ce.com\/hu\/wp-json\/wp\/v2\/pages\/3531","targetHints":{"allow":["GET"]}}],"collection":[{"href":"https:\/\/convergen-ce.com\/hu\/wp-json\/wp\/v2\/pages"}],"about":[{"href":"https:\/\/convergen-ce.com\/hu\/wp-json\/wp\/v2\/types\/page"}],"author":[{"embeddable":true,"href":"https:\/\/convergen-ce.com\/hu\/wp-json\/wp\/v2\/users\/8"}],"replies":[{"embeddable":true,"href":"https:\/\/convergen-ce.com\/hu\/wp-json\/wp\/v2\/comments?post=3531"}],"version-history":[{"count":6,"href":"https:\/\/convergen-ce.com\/hu\/wp-json\/wp\/v2\/pages\/3531\/revisions"}],"predecessor-version":[{"id":4755,"href":"https:\/\/convergen-ce.com\/hu\/wp-json\/wp\/v2\/pages\/3531\/revisions\/4755"}],"wp:attachment":[{"href":"https:\/\/convergen-ce.com\/hu\/wp-json\/wp\/v2\/media?parent=3531"}],"curies":[{"name":"wp","href":"https:\/\/api.w.org\/{rel}","templated":true}]}}