{"id":3535,"date":"2024-03-22T10:46:10","date_gmt":"2024-03-22T09:46:10","guid":{"rendered":"https:\/\/convergen-ce.com\/citypoint9"},"modified":"2026-04-07T14:23:25","modified_gmt":"2026-04-07T12:23:25","slug":"citypoint9","status":"publish","type":"page","link":"https:\/\/convergen-ce.com\/hu\/citypoint9","title":{"rendered":"CityPoint9"},"content":{"rendered":"\t\t<div data-elementor-type=\"wp-page\" data-elementor-id=\"3535\" class=\"elementor elementor-3535 elementor-3394\" data-elementor-post-type=\"page\">\n\t\t\t\t<div class=\"elementor-element elementor-element-506fa2f e-flex e-con-boxed e-con e-parent\" data-id=\"506fa2f\" data-element_type=\"container\" data-e-type=\"container\" data-settings=\"{&quot;background_background&quot;:&quot;classic&quot;}\">\n\t\t\t\t\t<div class=\"e-con-inner\">\n\t\t\t\t<div class=\"elementor-element elementor-element-ce54ad4 custom-page-title elementor-widget elementor-widget-heading\" data-id=\"ce54ad4\" data-element_type=\"widget\" data-e-type=\"widget\" data-widget_type=\"heading.default\">\n\t\t\t\t<div class=\"elementor-widget-container\">\n\t\t\t\t\t<h2 class=\"elementor-heading-title elementor-size-default\">CityPoint9<\/h2>\t\t\t\t<\/div>\n\t\t\t\t<\/div>\n\t\t\t\t\t<\/div>\n\t\t\t\t<\/div>\n\t\t<div class=\"elementor-element elementor-element-f9f3b85 e-flex e-con-boxed e-con e-parent\" data-id=\"f9f3b85\" data-element_type=\"container\" data-e-type=\"container\">\n\t\t\t\t\t<div class=\"e-con-inner\">\n\t\t<div class=\"elementor-element elementor-element-4ac6786 e-con-full e-flex e-con e-child\" data-id=\"4ac6786\" data-element_type=\"container\" data-e-type=\"container\">\n\t\t<div class=\"elementor-element elementor-element-cf11510 e-con-full e-flex e-con e-child\" data-id=\"cf11510\" data-element_type=\"container\" data-e-type=\"container\" data-settings=\"{&quot;background_background&quot;:&quot;classic&quot;}\">\n\t\t\t\t<div class=\"elementor-element elementor-element-a382fa0 service-header elementor-widget elementor-widget-heading\" data-id=\"a382fa0\" data-element_type=\"widget\" data-e-type=\"widget\" data-widget_type=\"heading.default\">\n\t\t\t\t<div class=\"elementor-widget-container\">\n\t\t\t\t\t<h2 class=\"elementor-heading-title elementor-size-default\">A Convergence fejlesztette, vagyon- \u00e9s ingatlan kezelte Budapest egyik els\u0151 v\u00e1rosi logisztikai k\u00f6zpontj\u00e1t.\n<\/h2>\t\t\t\t<\/div>\n\t\t\t\t<\/div>\n\t\t\t\t<div class=\"elementor-element elementor-element-5503e22 elementor-widget elementor-widget-text-editor\" data-id=\"5503e22\" data-element_type=\"widget\" data-e-type=\"widget\" data-widget_type=\"text-editor.default\">\n\t\t\t\t<div class=\"elementor-widget-container\">\n\t\t\t\t\t\t\t\t\t<p>A CityPoint9 kimagasl\u00f3 min\u0151s\u00e9g\u0171 rakt\u00e1r-, \u00e9s k\u00f6nny\u0171ipari k\u00f6zpont fejleszt\u00e9s\u00e9t a Convergence v\u00e9gezte 2007 \u00e9s 2009 k\u00f6z\u00f6tt. Sikeress\u00e9g\u00e9t a kiv\u00e1l\u00f3 elhelyezked\u00e9s\u00e9nek \u00e9s t\u00f6megk\u00f6zleked\u00e9si kapcsolatainak k\u00f6sz\u00f6nheti. A CityPoint9 t\u00f6bb mint 20 000 m\u00b2 en k\u00edn\u00e1l rendk\u00edv\u00fcl rugalmas \u00e9s hat\u00e9kony rakt\u00e1r \u00e9s irodater\u00fcleteket.<\/p>\t\t\t\t\t\t\t\t<\/div>\n\t\t\t\t<\/div>\n\t\t\t\t<\/div>\n\t\t\t\t<div class=\"elementor-element elementor-element-c353e46 custom-radius-iframe elementor-widget elementor-widget-html\" data-id=\"c353e46\" data-element_type=\"widget\" data-e-type=\"widget\" data-widget_type=\"html.default\">\n\t\t\t\t<div class=\"elementor-widget-container\">\n\t\t\t\t\t<iframe src=\"https:\/\/www.google.com\/maps\/embed?pb=!1m14!1m8!1m3!1d21584.500867231043!2d19.09922!3d47.449719!3m2!1i1024!2i768!4f13.1!3m3!1m2!1s0x4741dd4a0464e80f%3A0x1631f9d2c0a83e66!2sBudapest%2C%20Gubacsi%20%C3%BAt%2024%2C%201097%20Magyarorsz%C3%A1g!5e0!3m2!1shu!2sus!4v1711100863630!5m2!1shu!2sus\" width=\"100%\" height=\"650\" style=\"border:0;\" allowfullscreen=\"\" loading=\"lazy\" referrerpolicy=\"no-referrer-when-downgrade\"><\/iframe>\t\t\t\t<\/div>\n\t\t\t\t<\/div>\n\t\t\t\t<\/div>\n\t\t\t\t\t<\/div>\n\t\t\t\t<\/div>\n\t\t<div class=\"elementor-element elementor-element-fb0810d e-flex e-con-boxed e-con e-parent\" data-id=\"fb0810d\" data-element_type=\"container\" data-e-type=\"container\">\n\t\t\t\t\t<div class=\"e-con-inner\">\n\t\t<div class=\"elementor-element elementor-element-82b32d3 e-con-full e-flex e-con e-child\" data-id=\"82b32d3\" data-element_type=\"container\" data-e-type=\"container\">\n\t\t\t\t<div class=\"elementor-element elementor-element-928e2fd elementor-widget elementor-widget-heading\" data-id=\"928e2fd\" data-element_type=\"widget\" data-e-type=\"widget\" data-widget_type=\"heading.default\">\n\t\t\t\t<div class=\"elementor-widget-container\">\n\t\t\t\t\t<h4 class=\"elementor-heading-title elementor-size-default\">Kapcsol\u00f3d\u00f3 H\u00edrek<\/h4>\t\t\t\t<\/div>\n\t\t\t\t<\/div>\n\t\t\t\t<div class=\"elementor-element elementor-element-79313ed elementor-widget elementor-widget-shortcode\" data-id=\"79313ed\" data-element_type=\"widget\" data-e-type=\"widget\" data-widget_type=\"shortcode.default\">\n\t\t\t\t<div class=\"elementor-widget-container\">\n\t\t\t\t\t\t\t<div class=\"elementor-shortcode\"><table class=\"custom-related-articles-table\" style=\"border-radius: 16px; border: 1px solid #ffffff1a;\"><tr><td style=\"border: solid #ffffff1a; border-width: 0 1px 1px 0; color: #7a7a7a;\">2013.03.29<\/td><td style=\"border-bottom: solid #ffffff1a; border-width: 0 0 1px 0;\"><a href=\"https:\/\/convergen-ce.com\/hu\/berbeadassal-indult-a-2013-as-ev-a-convergence-altal-kezelt-city-point-9-ben\">B\u00e9rbead\u00e1ssal indult a 2013-as \u00e9v a ConvergenCE \u00e1ltal kezelt City Point 9-ben<\/a><\/td><\/tr><tr><td style=\"border: solid #ffffff1a; border-width: 0 1px 1px 0; color: #7a7a7a;\">2012.06.08<\/td><td style=\"border-bottom: solid #ffffff1a; border-width: 0 0 1px 0;\"><a href=\"https:\/\/convergen-ce.com\/hu\/a-convergence-erositi-ingatlankezelesi-uzletagat\">A ConvergenCE er\u0151s\u00edti ingatlankezel\u00e9si \u00fczlet\u00e1g\u00e1t<\/a><\/td><\/tr><tr><td style=\"border: solid #ffffff1a; border-width: 0 1px 1px 0; color: #7a7a7a;\">2012.01.30<\/td><td style=\"border-bottom: solid #ffffff1a; border-width: 0 0 1px 0;\"><a href=\"https:\/\/convergen-ce.com\/hu\/uj-berlo-a-citypoint-9-uzleti-parkban\">\u00daj b\u00e9rl\u0151 a CityPoint 9 \u00dczleti Parkban<\/a><\/td><\/tr><tr><td style=\"border: solid #ffffff1a; border-width: 0 1px 1px 0; color: #7a7a7a;\">2011.03.09<\/td><td style=\"border-bottom: solid #ffffff1a; border-width: 0 0 1px 0;\"><a href=\"https:\/\/convergen-ce.com\/hu\/a-citypoint-9-be-koltozott-a-sprinter-futarszolgalat\">A Citypoint 9-be k\u00f6lt\u00f6z\u00f6tt a Sprinter Fut\u00e1rszolg\u00e1lat<\/a><\/td><\/tr><\/table><\/div>\n\t\t\t\t\t\t<\/div>\n\t\t\t\t<\/div>\n\t\t<div class=\"elementor-element elementor-element-b08aa8b e-flex e-con-boxed e-con e-child\" data-id=\"b08aa8b\" data-element_type=\"container\" data-e-type=\"container\">\n\t\t\t\t\t<div class=\"e-con-inner\">\n\t\t\t\t<div class=\"elementor-element elementor-element-8183fa9 elementor-widget__width-auto narancssarga-gomb-balra-nyillal elementor-widget elementor-widget-button\" data-id=\"8183fa9\" data-element_type=\"widget\" data-e-type=\"widget\" data-widget_type=\"button.default\">\n\t\t\t\t<div class=\"elementor-widget-container\">\n\t\t\t\t\t\t\t\t\t<div class=\"elementor-button-wrapper\">\n\t\t\t\t\t<a class=\"elementor-button elementor-button-link elementor-size-sm\" href=\"https:\/\/convergen-ce.com\/hu\/jp-morgan-portfolio\">\n\t\t\t\t\t\t<span class=\"elementor-button-content-wrapper\">\n\t\t\t\t\t\t\t\t\t<span class=\"elementor-button-text\">El\u0151z\u0151 projekt<\/span>\n\t\t\t\t\t<\/span>\n\t\t\t\t\t<\/a>\n\t\t\t\t<\/div>\n\t\t\t\t\t\t\t\t<\/div>\n\t\t\t\t<\/div>\n\t\t\t\t<div class=\"elementor-element elementor-element-b9b8511 elementor-widget__width-auto narancssarga-gomb-jobbra-nyillal elementor-widget elementor-widget-button\" data-id=\"b9b8511\" data-element_type=\"widget\" data-e-type=\"widget\" data-widget_type=\"button.default\">\n\t\t\t\t<div class=\"elementor-widget-container\">\n\t\t\t\t\t\t\t\t\t<div class=\"elementor-button-wrapper\">\n\t\t\t\t\t<a class=\"elementor-button elementor-button-link elementor-size-sm\" href=\"https:\/\/convergen-ce.com\/hu\/academia\">\n\t\t\t\t\t\t<span class=\"elementor-button-content-wrapper\">\n\t\t\t\t\t\t\t\t\t<span class=\"elementor-button-text\">K\u00f6vetkez\u0151 projekt<\/span>\n\t\t\t\t\t<\/span>\n\t\t\t\t\t<\/a>\n\t\t\t\t<\/div>\n\t\t\t\t\t\t\t\t<\/div>\n\t\t\t\t<\/div>\n\t\t\t\t\t<\/div>\n\t\t\t\t<\/div>\n\t\t\t\t<\/div>\n\t\t\t\t\t<\/div>\n\t\t\t\t<\/div>\n\t\t\t\t<\/div>\n\t\t","protected":false},"excerpt":{"rendered":"<p>CityPoint9 A Convergence fejlesztette, vagyon- \u00e9s ingatlan kezelte Budapest egyik els\u0151 v\u00e1rosi logisztikai k\u00f6zpontj\u00e1t. A CityPoint9 kimagasl\u00f3 min\u0151s\u00e9g\u0171 rakt\u00e1r-, \u00e9s k\u00f6nny\u0171ipari k\u00f6zpont fejleszt\u00e9s\u00e9t a Convergence v\u00e9gezte 2007 \u00e9s 2009 k\u00f6z\u00f6tt. Sikeress\u00e9g\u00e9t a kiv\u00e1l\u00f3 elhelyezked\u00e9s\u00e9nek \u00e9s t\u00f6megk\u00f6zleked\u00e9si kapcsolatainak k\u00f6sz\u00f6nheti. A CityPoint9 t\u00f6bb mint 20 000 m\u00b2 en k\u00edn\u00e1l rendk\u00edv\u00fcl rugalmas \u00e9s hat\u00e9kony rakt\u00e1r \u00e9s irodater\u00fcleteket. Kapcsol\u00f3d\u00f3 &#8230; <a title=\"CityPoint9\" class=\"read-more\" href=\"https:\/\/convergen-ce.com\/hu\/citypoint9\" aria-label=\"Read more about CityPoint9\">Olvasson tov\u00e1bb<\/a><\/p>\n","protected":false},"author":8,"featured_media":0,"parent":0,"menu_order":0,"comment_status":"closed","ping_status":"closed","template":"elementor_header_footer","meta":{"inline_featured_image":false,"footnotes":""},"class_list":["post-3535","page","type-page","status-publish"],"_links":{"self":[{"href":"https:\/\/convergen-ce.com\/hu\/wp-json\/wp\/v2\/pages\/3535","targetHints":{"allow":["GET"]}}],"collection":[{"href":"https:\/\/convergen-ce.com\/hu\/wp-json\/wp\/v2\/pages"}],"about":[{"href":"https:\/\/convergen-ce.com\/hu\/wp-json\/wp\/v2\/types\/page"}],"author":[{"embeddable":true,"href":"https:\/\/convergen-ce.com\/hu\/wp-json\/wp\/v2\/users\/8"}],"replies":[{"embeddable":true,"href":"https:\/\/convergen-ce.com\/hu\/wp-json\/wp\/v2\/comments?post=3535"}],"version-history":[{"count":6,"href":"https:\/\/convergen-ce.com\/hu\/wp-json\/wp\/v2\/pages\/3535\/revisions"}],"predecessor-version":[{"id":8307,"href":"https:\/\/convergen-ce.com\/hu\/wp-json\/wp\/v2\/pages\/3535\/revisions\/8307"}],"wp:attachment":[{"href":"https:\/\/convergen-ce.com\/hu\/wp-json\/wp\/v2\/media?parent=3535"}],"curies":[{"name":"wp","href":"https:\/\/api.w.org\/{rel}","templated":true}]}}