{"id":3549,"date":"2024-03-22T10:40:36","date_gmt":"2024-03-22T09:40:36","guid":{"rendered":"https:\/\/convergen-ce.com\/jp-morgan-portfolio"},"modified":"2026-04-07T14:22:46","modified_gmt":"2026-04-07T12:22:46","slug":"jp-morgan-portfolio","status":"publish","type":"page","link":"https:\/\/convergen-ce.com\/hu\/jp-morgan-portfolio","title":{"rendered":"JP Morgan Portf\u00f3li\u00f3"},"content":{"rendered":"\t\t<div data-elementor-type=\"wp-page\" data-elementor-id=\"3549\" class=\"elementor elementor-3549 elementor-3385\" data-elementor-post-type=\"page\">\n\t\t\t\t<div class=\"elementor-element elementor-element-e86ecb0 e-flex e-con-boxed e-con e-parent\" data-id=\"e86ecb0\" data-element_type=\"container\" data-e-type=\"container\" data-settings=\"{&quot;background_background&quot;:&quot;classic&quot;}\">\n\t\t\t\t\t<div class=\"e-con-inner\">\n\t\t\t\t<div class=\"elementor-element elementor-element-3164b0e custom-page-title elementor-widget elementor-widget-heading\" data-id=\"3164b0e\" data-element_type=\"widget\" data-e-type=\"widget\" data-widget_type=\"heading.default\">\n\t\t\t\t<div class=\"elementor-widget-container\">\n\t\t\t\t\t<h2 class=\"elementor-heading-title elementor-size-default\">Terrapark Next A&amp;B<\/h2>\t\t\t\t<\/div>\n\t\t\t\t<\/div>\n\t\t\t\t\t<\/div>\n\t\t\t\t<\/div>\n\t\t<div class=\"elementor-element elementor-element-c8305fa e-flex e-con-boxed e-con e-parent\" data-id=\"c8305fa\" data-element_type=\"container\" data-e-type=\"container\">\n\t\t\t\t\t<div class=\"e-con-inner\">\n\t\t<div class=\"elementor-element elementor-element-4d0a87e e-con-full e-flex e-con e-child\" data-id=\"4d0a87e\" data-element_type=\"container\" data-e-type=\"container\">\n\t\t<div class=\"elementor-element elementor-element-1f6fe75 e-con-full e-flex e-con e-child\" data-id=\"1f6fe75\" data-element_type=\"container\" data-e-type=\"container\" data-settings=\"{&quot;background_background&quot;:&quot;classic&quot;}\">\n\t\t\t\t<div class=\"elementor-element elementor-element-2b7398b service-header elementor-widget elementor-widget-heading\" data-id=\"2b7398b\" data-element_type=\"widget\" data-e-type=\"widget\" data-widget_type=\"heading.default\">\n\t\t\t\t<div class=\"elementor-widget-container\">\n\t\t\t\t\t<h2 class=\"elementor-heading-title elementor-size-default\">A Convergence vagyonkezel\u00e9si szolg\u00e1ltat\u00e1st ny\u00fajtott a JP Morgannek a magyarorsz\u00e1gi ingatlanportfoli\u00f3juk kapcs\u00e1n 2008-t\u00f3l az \u00e9p\u00fcletek 2017-ben t\u00f6rt\u00e9nt \u00e9rt\u00e9kes\u00edt\u00e9s\u00e9ig.\n<\/h2>\t\t\t\t<\/div>\n\t\t\t\t<\/div>\n\t\t\t\t<div class=\"elementor-element elementor-element-25e2180 elementor-widget elementor-widget-text-editor\" data-id=\"25e2180\" data-element_type=\"widget\" data-e-type=\"widget\" data-widget_type=\"text-editor.default\">\n\t\t\t\t<div class=\"elementor-widget-container\">\n\t\t\t\t\t\t\t\t\t<p>A 19. sz\u00e1zadi v\u00f6r\u00f6s t\u00e9gl\u00e1k \u00e9s a legmodernebb \u00e9p\u00edt\u0151 \u00e9s burkol\u00f3 anyagok egy\u00fcttese hat\u00e1rozza meg a <strong>Margit Palace<\/strong> irodah\u00e1z k\u00fcl\u00f6nleges hangulat\u00e1t. Az eredetileg kocsisz\u00ednk\u00e9nt funkcion\u00e1l\u00f3 \u00e9p\u00fclethez \u00fajonnan hozz\u00e1illesztett \u00e9p\u00fcletsz\u00e1rnyak tervez\u00e9se \u00e9s \u00e9p\u00edt\u00e9se sor\u00e1n szigor\u00faan megtartottuk az eredeti \u00e9p\u00fclet ar\u00e1nyait. \u00cdgy alkottunk olyan irodah\u00e1zat, mely minden tekintetben megfelel a legmagasabb elv\u00e1r\u00e1soknak.<\/p><p>A <strong>buda\u00f6rsi Terrapark Next A \u00e9s B<\/strong> ide\u00e1lis sz\u00e9khelye azoknak a v\u00e1llalatoknak, melyek sz\u00e1m\u00e1ra az irodah\u00e1zak professzion\u00e1lis felszerelts\u00e9g\u00e9n \u00e9s l\u00e9gk\u00f6r\u00e9n k\u00edv\u00fcl a csendes, forgalommentes k\u00f6rnyezet \u00e9s a term\u00e9szet k\u00f6zels\u00e9ge is fontos. Az M1-es \u00e9s M7-es aut\u00f3p\u00e1ly\u00e1r\u00f3l k\u00f6zvetlen lehajt\u00e1s k\u00f6nny\u00edti a k\u00f6zleked\u00e9st.<\/p>\t\t\t\t\t\t\t\t<\/div>\n\t\t\t\t<\/div>\n\t\t\t\t<\/div>\n\t\t\t\t<div class=\"elementor-element elementor-element-a3160b5 custom-radius-iframe elementor-widget elementor-widget-html\" data-id=\"a3160b5\" data-element_type=\"widget\" data-e-type=\"widget\" data-widget_type=\"html.default\">\n\t\t\t\t<div class=\"elementor-widget-container\">\n\t\t\t\t\t<iframe src=\"https:\/\/www.google.com\/maps\/embed?pb=!1m14!1m8!1m3!1d5389.567757212975!2d19.036536!3d47.5136!3m2!1i1024!2i768!4f13.1!3m3!1m2!1s0x4741dc031166e421%3A0x1ad3d3720e4a363d!2sOffice%20Bistro!5e0!3m2!1shu!2sus!4v1711100642431!5m2!1shu!2sus\" width=\"100%\" height=\"350\" style=\"border:0;\" allowfullscreen=\"\" loading=\"lazy\" referrerpolicy=\"no-referrer-when-downgrade\"><\/iframe>\t\t\t\t<\/div>\n\t\t\t\t<\/div>\n\t\t\t\t<div class=\"elementor-element elementor-element-f37b910 custom-radius-iframe elementor-widget elementor-widget-html\" data-id=\"f37b910\" data-element_type=\"widget\" data-e-type=\"widget\" data-widget_type=\"html.default\">\n\t\t\t\t<div class=\"elementor-widget-container\">\n\t\t\t\t\t<iframe src=\"https:\/\/www.google.com\/maps\/embed?pb=!1m14!1m8!1m3!1d5395.455314913397!2d18.937526!3d47.456248!3m2!1i1024!2i768!4f13.1!3m3!1m2!1s0x4741e081ca15a56d%3A0xdaf0e7fdd0622435!2sTerrapark%20Next%20A%26B%20Office%20Buildings!5e0!3m2!1shu!2sus!4v1711100670421!5m2!1shu!2sus\" width=\"100%\" height=\"350\" style=\"border:0;\" allowfullscreen=\"\" loading=\"lazy\" referrerpolicy=\"no-referrer-when-downgrade\"><\/iframe>\t\t\t\t<\/div>\n\t\t\t\t<\/div>\n\t\t\t\t<\/div>\n\t\t\t\t\t<\/div>\n\t\t\t\t<\/div>\n\t\t<div class=\"elementor-element elementor-element-585f56e e-flex e-con-boxed e-con e-parent\" data-id=\"585f56e\" data-element_type=\"container\" data-e-type=\"container\">\n\t\t\t\t\t<div class=\"e-con-inner\">\n\t\t<div class=\"elementor-element elementor-element-c195250 e-con-full e-flex e-con e-child\" data-id=\"c195250\" data-element_type=\"container\" data-e-type=\"container\">\n\t\t\t\t<div class=\"elementor-element elementor-element-eec3cae elementor-widget elementor-widget-heading\" data-id=\"eec3cae\" data-element_type=\"widget\" data-e-type=\"widget\" data-widget_type=\"heading.default\">\n\t\t\t\t<div class=\"elementor-widget-container\">\n\t\t\t\t\t<h4 class=\"elementor-heading-title elementor-size-default\">Kapcsol\u00f3d\u00f3 H\u00edrek<\/h4>\t\t\t\t<\/div>\n\t\t\t\t<\/div>\n\t\t\t\t<div class=\"elementor-element elementor-element-139bda7 elementor-widget elementor-widget-shortcode\" data-id=\"139bda7\" data-element_type=\"widget\" data-e-type=\"widget\" data-widget_type=\"shortcode.default\">\n\t\t\t\t<div class=\"elementor-widget-container\">\n\t\t\t\t\t\t\t<div class=\"elementor-shortcode\"><table class=\"custom-related-articles-table\" style=\"border-radius: 16px; border: 1px solid #ffffff1a;\"><tr><td style=\"border: solid #ffffff1a; border-width: 0 1px 1px 0; color: #7a7a7a;\">2015.03.26<\/td><td style=\"border-bottom: solid #ffffff1a; border-width: 0 0 1px 0;\"><a href=\"https:\/\/convergen-ce.com\/hu\/2000-m2-irodaterulet-kiepitese-a-margit-palace-irodahazban\">2.000 m&sup2; irodater\u00fclet ki\u00e9p\u00edt\u00e9se a Margit Palace irodah\u00e1zban<\/a><\/td><\/tr><tr><td style=\"border: solid #ffffff1a; border-width: 0 1px 1px 0; color: #7a7a7a;\">2013.02.26<\/td><td style=\"border-bottom: solid #ffffff1a; border-width: 0 0 1px 0;\"><a href=\"https:\/\/convergen-ce.com\/hu\/megujult-a-terrapark-next\">Meg\u00fajult a Terrapark Next!<\/a><\/td><\/tr><tr><td style=\"border: solid #ffffff1a; border-width: 0 1px 1px 0; color: #7a7a7a;\">2012.06.08<\/td><td style=\"border-bottom: solid #ffffff1a; border-width: 0 0 1px 0;\"><a href=\"https:\/\/convergen-ce.com\/hu\/a-convergence-erositi-ingatlankezelesi-uzletagat\">A ConvergenCE er\u0151s\u00edti ingatlankezel\u00e9si \u00fczlet\u00e1g\u00e1t<\/a><\/td><\/tr><\/table><\/div>\n\t\t\t\t\t\t<\/div>\n\t\t\t\t<\/div>\n\t\t<div class=\"elementor-element elementor-element-1ef1a30 e-flex e-con-boxed e-con e-child\" data-id=\"1ef1a30\" data-element_type=\"container\" data-e-type=\"container\">\n\t\t\t\t\t<div class=\"e-con-inner\">\n\t\t\t\t<div class=\"elementor-element elementor-element-72611fc elementor-widget__width-auto narancssarga-gomb-balra-nyillal elementor-widget elementor-widget-button\" data-id=\"72611fc\" data-element_type=\"widget\" data-e-type=\"widget\" data-widget_type=\"button.default\">\n\t\t\t\t<div class=\"elementor-widget-container\">\n\t\t\t\t\t\t\t\t\t<div class=\"elementor-button-wrapper\">\n\t\t\t\t\t<a class=\"elementor-button elementor-button-link elementor-size-sm\" href=\"https:\/\/convergen-ce.com\/hu\/park-one\">\n\t\t\t\t\t\t<span class=\"elementor-button-content-wrapper\">\n\t\t\t\t\t\t\t\t\t<span class=\"elementor-button-text\">El\u0151z\u0151 projekt<\/span>\n\t\t\t\t\t<\/span>\n\t\t\t\t\t<\/a>\n\t\t\t\t<\/div>\n\t\t\t\t\t\t\t\t<\/div>\n\t\t\t\t<\/div>\n\t\t\t\t<div class=\"elementor-element elementor-element-11b9d2f elementor-widget__width-auto narancssarga-gomb-jobbra-nyillal elementor-widget elementor-widget-button\" data-id=\"11b9d2f\" data-element_type=\"widget\" data-e-type=\"widget\" data-widget_type=\"button.default\">\n\t\t\t\t<div class=\"elementor-widget-container\">\n\t\t\t\t\t\t\t\t\t<div class=\"elementor-button-wrapper\">\n\t\t\t\t\t<a class=\"elementor-button elementor-button-link elementor-size-sm\" href=\"https:\/\/convergen-ce.com\/hu\/citypoint9\">\n\t\t\t\t\t\t<span class=\"elementor-button-content-wrapper\">\n\t\t\t\t\t\t\t\t\t<span class=\"elementor-button-text\">K\u00f6vetkez\u0151 projekt<\/span>\n\t\t\t\t\t<\/span>\n\t\t\t\t\t<\/a>\n\t\t\t\t<\/div>\n\t\t\t\t\t\t\t\t<\/div>\n\t\t\t\t<\/div>\n\t\t\t\t\t<\/div>\n\t\t\t\t<\/div>\n\t\t\t\t<\/div>\n\t\t\t\t\t<\/div>\n\t\t\t\t<\/div>\n\t\t\t\t<\/div>\n\t\t","protected":false},"excerpt":{"rendered":"<p>Terrapark Next A&amp;B A Convergence vagyonkezel\u00e9si szolg\u00e1ltat\u00e1st ny\u00fajtott a JP Morgannek a magyarorsz\u00e1gi ingatlanportfoli\u00f3juk kapcs\u00e1n 2008-t\u00f3l az \u00e9p\u00fcletek 2017-ben t\u00f6rt\u00e9nt \u00e9rt\u00e9kes\u00edt\u00e9s\u00e9ig. A 19. sz\u00e1zadi v\u00f6r\u00f6s t\u00e9gl\u00e1k \u00e9s a legmodernebb \u00e9p\u00edt\u0151 \u00e9s burkol\u00f3 anyagok egy\u00fcttese hat\u00e1rozza meg a Margit Palace irodah\u00e1z k\u00fcl\u00f6nleges hangulat\u00e1t. Az eredetileg kocsisz\u00ednk\u00e9nt funkcion\u00e1l\u00f3 \u00e9p\u00fclethez \u00fajonnan hozz\u00e1illesztett \u00e9p\u00fcletsz\u00e1rnyak tervez\u00e9se \u00e9s \u00e9p\u00edt\u00e9se sor\u00e1n szigor\u00faan &#8230; <a title=\"JP Morgan Portf\u00f3li\u00f3\" class=\"read-more\" href=\"https:\/\/convergen-ce.com\/hu\/jp-morgan-portfolio\" aria-label=\"Read more about JP Morgan Portf\u00f3li\u00f3\">Olvasson tov\u00e1bb<\/a><\/p>\n","protected":false},"author":8,"featured_media":0,"parent":0,"menu_order":0,"comment_status":"closed","ping_status":"closed","template":"elementor_header_footer","meta":{"inline_featured_image":false,"footnotes":""},"class_list":["post-3549","page","type-page","status-publish"],"_links":{"self":[{"href":"https:\/\/convergen-ce.com\/hu\/wp-json\/wp\/v2\/pages\/3549","targetHints":{"allow":["GET"]}}],"collection":[{"href":"https:\/\/convergen-ce.com\/hu\/wp-json\/wp\/v2\/pages"}],"about":[{"href":"https:\/\/convergen-ce.com\/hu\/wp-json\/wp\/v2\/types\/page"}],"author":[{"embeddable":true,"href":"https:\/\/convergen-ce.com\/hu\/wp-json\/wp\/v2\/users\/8"}],"replies":[{"embeddable":true,"href":"https:\/\/convergen-ce.com\/hu\/wp-json\/wp\/v2\/comments?post=3549"}],"version-history":[{"count":6,"href":"https:\/\/convergen-ce.com\/hu\/wp-json\/wp\/v2\/pages\/3549\/revisions"}],"predecessor-version":[{"id":8304,"href":"https:\/\/convergen-ce.com\/hu\/wp-json\/wp\/v2\/pages\/3549\/revisions\/8304"}],"wp:attachment":[{"href":"https:\/\/convergen-ce.com\/hu\/wp-json\/wp\/v2\/media?parent=3549"}],"curies":[{"name":"wp","href":"https:\/\/api.w.org\/{rel}","templated":true}]}}