{"id":3556,"date":"2024-03-22T10:21:53","date_gmt":"2024-03-22T09:21:53","guid":{"rendered":"https:\/\/convergen-ce.com\/kpmg-headquarters-vision-towers"},"modified":"2026-04-07T14:18:22","modified_gmt":"2026-04-07T12:18:22","slug":"kpmg-headquarters-vision-towers","status":"publish","type":"page","link":"https:\/\/convergen-ce.com\/hu\/kpmg-headquarters-vision-towers","title":{"rendered":"KPMG Headquarters &#8211; Vision Towers"},"content":{"rendered":"\t\t<div data-elementor-type=\"wp-page\" data-elementor-id=\"3556\" class=\"elementor elementor-3556 elementor-3372\" data-elementor-post-type=\"page\">\n\t\t\t\t<div class=\"elementor-element elementor-element-909a327 e-flex e-con-boxed e-con e-parent\" data-id=\"909a327\" data-element_type=\"container\" data-e-type=\"container\" data-settings=\"{&quot;background_background&quot;:&quot;classic&quot;}\">\n\t\t\t\t\t<div class=\"e-con-inner\">\n\t\t\t\t<div class=\"elementor-element elementor-element-3b06846 custom-page-title elementor-widget elementor-widget-heading\" data-id=\"3b06846\" data-element_type=\"widget\" data-e-type=\"widget\" data-widget_type=\"heading.default\">\n\t\t\t\t<div class=\"elementor-widget-container\">\n\t\t\t\t\t<h2 class=\"elementor-heading-title elementor-size-default\">Vision Towers<\/h2>\t\t\t\t<\/div>\n\t\t\t\t<\/div>\n\t\t\t\t\t<\/div>\n\t\t\t\t<\/div>\n\t\t<div class=\"elementor-element elementor-element-f441600 e-flex e-con-boxed e-con e-parent\" data-id=\"f441600\" data-element_type=\"container\" data-e-type=\"container\">\n\t\t\t\t\t<div class=\"e-con-inner\">\n\t\t<div class=\"elementor-element elementor-element-e5d214c e-con-full e-flex e-con e-child\" data-id=\"e5d214c\" data-element_type=\"container\" data-e-type=\"container\">\n\t\t<div class=\"elementor-element elementor-element-e945d60 e-con-full e-flex e-con e-child\" data-id=\"e945d60\" data-element_type=\"container\" data-e-type=\"container\" data-settings=\"{&quot;background_background&quot;:&quot;classic&quot;}\">\n\t\t\t\t<div class=\"elementor-element elementor-element-6ab1b83 service-header elementor-widget elementor-widget-heading\" data-id=\"6ab1b83\" data-element_type=\"widget\" data-e-type=\"widget\" data-widget_type=\"heading.default\">\n\t\t\t\t<div class=\"elementor-widget-container\">\n\t\t\t\t\t<h2 class=\"elementor-heading-title elementor-size-default\">A Convergence fejleszt\u00e9si \u00e9s befektet\u00e9si tan\u00e1csad\u00f3k\u00e9nt m\u0171k\u00f6d\u00f6tt k\u00f6zre, valamint projekt- \u00e9s ingatlankezel\u00e9si szolg\u00e1ltat\u00e1sokat ny\u00fajtott a KPMG \u00faj k\u00f6zpontj\u00e1ban, a Vision Towers-ben.\n<\/h2>\t\t\t\t<\/div>\n\t\t\t\t<\/div>\n\t\t\t\t<div class=\"elementor-element elementor-element-205b4e7 elementor-widget elementor-widget-text-editor\" data-id=\"205b4e7\" data-element_type=\"widget\" data-e-type=\"widget\" data-widget_type=\"text-editor.default\">\n\t\t\t\t<div class=\"elementor-widget-container\">\n\t\t\t\t\t\t\t\t\t<p>Tan\u00e1csad\u00e1st \u00e9s projekt fel\u00fcgyeletet ny\u00fajtottunk a KPMG r\u00e9sz\u00e9re az eg\u00e9sz \u00e9p\u00fclet megval\u00f3sul\u00e1sa sor\u00e1n, t\u00f6bbek k\u00f6z\u00f6tt a tervez\u00e9s, megval\u00f3s\u00edt\u00e1s \u00e9s \u00e1tad\u00e1s kapcs\u00e1n. Munk\u00e1nk eredm\u00e9nye egy pr\u00e9mium irodah\u00e1z, amely a KPMG ig\u00e9nyeinek megfelel\u0151en val\u00f3sult meg 8 emeleten, 2 m\u00e9lygar\u00e1zsi szinttel \u00f6sszesen mintegy 11.000 m\u00b2 hasznos alapter\u00fcleten .<\/p>\t\t\t\t\t\t\t\t<\/div>\n\t\t\t\t<\/div>\n\t\t\t\t<\/div>\n\t\t\t\t<div class=\"elementor-element elementor-element-216a7de custom-radius-iframe elementor-widget elementor-widget-html\" data-id=\"216a7de\" data-element_type=\"widget\" data-e-type=\"widget\" data-widget_type=\"html.default\">\n\t\t\t\t<div class=\"elementor-widget-container\">\n\t\t\t\t\t<iframe src=\"https:\/\/www.google.com\/maps\/embed?pb=!1m14!1m8!1m3!1d5388.459694892352!2d19.064412!3d47.52438800000001!3m2!1i1024!2i768!4f13.1!3m3!1m2!1s0x4741dbf3ae3902c3%3A0x6a75b2d7ba2a6885!2sVision%20Towers!5e0!3m2!1shu!2sus!4v1711100062240!5m2!1shu!2sus\" width=\"100%\" height=\"350\" style=\"border:0;\" allowfullscreen=\"\" loading=\"lazy\" referrerpolicy=\"no-referrer-when-downgrade\"><\/iframe>\t\t\t\t<\/div>\n\t\t\t\t<\/div>\n\t\t\t\t<\/div>\n\t\t\t\t\t<\/div>\n\t\t\t\t<\/div>\n\t\t<div class=\"elementor-element elementor-element-904f214 e-flex e-con-boxed e-con e-parent\" data-id=\"904f214\" data-element_type=\"container\" data-e-type=\"container\">\n\t\t\t\t\t<div class=\"e-con-inner\">\n\t\t<div class=\"elementor-element elementor-element-652c1e4 e-con-full e-flex e-con e-child\" data-id=\"652c1e4\" data-element_type=\"container\" data-e-type=\"container\">\n\t\t\t\t<div class=\"elementor-element elementor-element-832d64e elementor-widget elementor-widget-heading\" data-id=\"832d64e\" data-element_type=\"widget\" data-e-type=\"widget\" data-widget_type=\"heading.default\">\n\t\t\t\t<div class=\"elementor-widget-container\">\n\t\t\t\t\t<h4 class=\"elementor-heading-title elementor-size-default\">Kapcsol\u00f3d\u00f3 H\u00edrek<\/h4>\t\t\t\t<\/div>\n\t\t\t\t<\/div>\n\t\t\t\t<div class=\"elementor-element elementor-element-9e3192f elementor-widget elementor-widget-shortcode\" data-id=\"9e3192f\" data-element_type=\"widget\" data-e-type=\"widget\" data-widget_type=\"shortcode.default\">\n\t\t\t\t<div class=\"elementor-widget-container\">\n\t\t\t\t\t\t\t<div class=\"elementor-shortcode\"><table class=\"custom-related-articles-table\" style=\"border-radius: 16px; border: 1px solid #ffffff1a;\"><tr><td style=\"border: solid #ffffff1a; border-width: 0 1px 1px 0; color: #7a7a7a;\">2018.03.28<\/td><td style=\"border-bottom: solid #ffffff1a; border-width: 0 0 1px 0;\"><a href=\"https:\/\/convergen-ce.com\/hu\/a-kpmg-global-services-6200-m2-es-uj-irodat-berelt-a-convergence-kozremukodesevel\">A KPMG Global Services 6200&nbsp;m&sup2;-es \u00faj irod\u00e1t b\u00e9relt a ConvergenCE k\u00f6zrem\u0171k\u00f6d\u00e9s\u00e9vel<\/a><\/td><\/tr><tr><td style=\"border: solid #ffffff1a; border-width: 0 1px 1px 0; color: #7a7a7a;\">2014.09.29<\/td><td style=\"border-bottom: solid #ffffff1a; border-width: 0 0 1px 0;\"><a href=\"https:\/\/convergen-ce.com\/hu\/a-convergence-ujabb-nagy-sikere\">A ConvergenCE \u00fajabb nagy sikere<\/a><\/td><\/tr><tr><td style=\"border: solid #ffffff1a; border-width: 0 1px 1px 0; color: #7a7a7a;\">2014.04.14<\/td><td style=\"border-bottom: solid #ffffff1a; border-width: 0 0 1px 0;\"><a href=\"https:\/\/convergen-ce.com\/hu\/a-convergence-a-kpmg-uj-szekhazanak-ingatlankezeloje\">A ConvergenCE a KPMG \u00faj sz\u00e9kh\u00e1z\u00e1nak ingatlankezel\u0151je<\/a><\/td><\/tr><tr><td style=\"border: solid #ffffff1a; border-width: 0 1px 1px 0; color: #7a7a7a;\">2012.06.08<\/td><td style=\"border-bottom: solid #ffffff1a; border-width: 0 0 1px 0;\"><a href=\"https:\/\/convergen-ce.com\/hu\/a-convergence-erositi-ingatlankezelesi-uzletagat\">A ConvergenCE er\u0151s\u00edti ingatlankezel\u00e9si \u00fczlet\u00e1g\u00e1t<\/a><\/td><\/tr><\/table><\/div>\n\t\t\t\t\t\t<\/div>\n\t\t\t\t<\/div>\n\t\t<div class=\"elementor-element elementor-element-d7e51d9 e-flex e-con-boxed e-con e-child\" data-id=\"d7e51d9\" data-element_type=\"container\" data-e-type=\"container\">\n\t\t\t\t\t<div class=\"e-con-inner\">\n\t\t\t\t<div class=\"elementor-element elementor-element-2459d8d elementor-widget__width-auto narancssarga-gomb-balra-nyillal elementor-widget elementor-widget-button\" data-id=\"2459d8d\" data-element_type=\"widget\" data-e-type=\"widget\" data-widget_type=\"button.default\">\n\t\t\t\t<div class=\"elementor-widget-container\">\n\t\t\t\t\t\t\t\t\t<div class=\"elementor-button-wrapper\">\n\t\t\t\t\t<a class=\"elementor-button elementor-button-link elementor-size-sm\" href=\"https:\/\/convergen-ce.com\/hu\/eiffel-ter\">\n\t\t\t\t\t\t<span class=\"elementor-button-content-wrapper\">\n\t\t\t\t\t\t\t\t\t<span class=\"elementor-button-text\">El\u0151z\u0151 projekt<\/span>\n\t\t\t\t\t<\/span>\n\t\t\t\t\t<\/a>\n\t\t\t\t<\/div>\n\t\t\t\t\t\t\t\t<\/div>\n\t\t\t\t<\/div>\n\t\t\t\t<div class=\"elementor-element elementor-element-261277a elementor-widget__width-auto narancssarga-gomb-jobbra-nyillal elementor-widget elementor-widget-button\" data-id=\"261277a\" data-element_type=\"widget\" data-e-type=\"widget\" data-widget_type=\"button.default\">\n\t\t\t\t<div class=\"elementor-widget-container\">\n\t\t\t\t\t\t\t\t\t<div class=\"elementor-button-wrapper\">\n\t\t\t\t\t<a class=\"elementor-button elementor-button-link elementor-size-sm\" href=\"https:\/\/convergen-ce.com\/hu\/park-one\">\n\t\t\t\t\t\t<span class=\"elementor-button-content-wrapper\">\n\t\t\t\t\t\t\t\t\t<span class=\"elementor-button-text\">K\u00f6vetkez\u0151 projekt<\/span>\n\t\t\t\t\t<\/span>\n\t\t\t\t\t<\/a>\n\t\t\t\t<\/div>\n\t\t\t\t\t\t\t\t<\/div>\n\t\t\t\t<\/div>\n\t\t\t\t\t<\/div>\n\t\t\t\t<\/div>\n\t\t\t\t<\/div>\n\t\t\t\t\t<\/div>\n\t\t\t\t<\/div>\n\t\t\t\t<\/div>\n\t\t","protected":false},"excerpt":{"rendered":"<p>Vision Towers A Convergence fejleszt\u00e9si \u00e9s befektet\u00e9si tan\u00e1csad\u00f3k\u00e9nt m\u0171k\u00f6d\u00f6tt k\u00f6zre, valamint projekt- \u00e9s ingatlankezel\u00e9si szolg\u00e1ltat\u00e1sokat ny\u00fajtott a KPMG \u00faj k\u00f6zpontj\u00e1ban, a Vision Towers-ben. Tan\u00e1csad\u00e1st \u00e9s projekt fel\u00fcgyeletet ny\u00fajtottunk a KPMG r\u00e9sz\u00e9re az eg\u00e9sz \u00e9p\u00fclet megval\u00f3sul\u00e1sa sor\u00e1n, t\u00f6bbek k\u00f6z\u00f6tt a tervez\u00e9s, megval\u00f3s\u00edt\u00e1s \u00e9s \u00e1tad\u00e1s kapcs\u00e1n. Munk\u00e1nk eredm\u00e9nye egy pr\u00e9mium irodah\u00e1z, amely a KPMG ig\u00e9nyeinek megfelel\u0151en val\u00f3sult &#8230; <a title=\"KPMG Headquarters &#8211; Vision Towers\" class=\"read-more\" href=\"https:\/\/convergen-ce.com\/hu\/kpmg-headquarters-vision-towers\" aria-label=\"Read more about KPMG Headquarters &#8211; Vision Towers\">Olvasson tov\u00e1bb<\/a><\/p>\n","protected":false},"author":8,"featured_media":0,"parent":0,"menu_order":0,"comment_status":"closed","ping_status":"closed","template":"elementor_header_footer","meta":{"inline_featured_image":false,"footnotes":""},"class_list":["post-3556","page","type-page","status-publish"],"_links":{"self":[{"href":"https:\/\/convergen-ce.com\/hu\/wp-json\/wp\/v2\/pages\/3556","targetHints":{"allow":["GET"]}}],"collection":[{"href":"https:\/\/convergen-ce.com\/hu\/wp-json\/wp\/v2\/pages"}],"about":[{"href":"https:\/\/convergen-ce.com\/hu\/wp-json\/wp\/v2\/types\/page"}],"author":[{"embeddable":true,"href":"https:\/\/convergen-ce.com\/hu\/wp-json\/wp\/v2\/users\/8"}],"replies":[{"embeddable":true,"href":"https:\/\/convergen-ce.com\/hu\/wp-json\/wp\/v2\/comments?post=3556"}],"version-history":[{"count":6,"href":"https:\/\/convergen-ce.com\/hu\/wp-json\/wp\/v2\/pages\/3556\/revisions"}],"predecessor-version":[{"id":8293,"href":"https:\/\/convergen-ce.com\/hu\/wp-json\/wp\/v2\/pages\/3556\/revisions\/8293"}],"wp:attachment":[{"href":"https:\/\/convergen-ce.com\/hu\/wp-json\/wp\/v2\/media?parent=3556"}],"curies":[{"name":"wp","href":"https:\/\/api.w.org\/{rel}","templated":true}]}}