{"id":561,"date":"2018-02-02T12:15:32","date_gmt":"2018-02-02T11:15:32","guid":{"rendered":"https:\/\/convergen-ce.com\/cce2018\/history-awards"},"modified":"2026-04-07T13:10:32","modified_gmt":"2026-04-07T11:10:32","slug":"tortenetunk-es-dijaink","status":"publish","type":"page","link":"https:\/\/convergen-ce.com\/hu\/tortenetunk-es-dijaink","title":{"rendered":"T\u00f6rt\u00e9net\u00fcnk \u00e9s D\u00edjaink"},"content":{"rendered":"\t\t<div data-elementor-type=\"wp-page\" data-elementor-id=\"561\" class=\"elementor elementor-561 elementor-36\" data-elementor-post-type=\"page\">\n\t\t\t\t<div class=\"elementor-element elementor-element-7d69089 e-flex e-con-boxed e-con e-parent\" data-id=\"7d69089\" data-element_type=\"container\" data-e-type=\"container\" data-settings=\"{&quot;background_background&quot;:&quot;classic&quot;}\">\n\t\t\t\t\t<div class=\"e-con-inner\">\n\t\t\t\t<div class=\"elementor-element elementor-element-42d985d custom-page-title elementor-widget elementor-widget-heading\" data-id=\"42d985d\" data-element_type=\"widget\" data-e-type=\"widget\" data-widget_type=\"heading.default\">\n\t\t\t\t<div class=\"elementor-widget-container\">\n\t\t\t\t\t<h2 class=\"elementor-heading-title elementor-size-default\">Convergence - Ingatlan. Szak\u00e9rtelem. Bizalom.<\/h2>\t\t\t\t<\/div>\n\t\t\t\t<\/div>\n\t\t\t\t\t<\/div>\n\t\t\t\t<\/div>\n\t\t<div class=\"elementor-element elementor-element-6138000 e-flex e-con-boxed e-con e-parent\" data-id=\"6138000\" data-element_type=\"container\" data-e-type=\"container\">\n\t\t\t\t\t<div class=\"e-con-inner\">\n\t\t<div class=\"elementor-element elementor-element-3017267 e-con-full e-flex e-con e-child\" data-id=\"3017267\" data-element_type=\"container\" data-e-type=\"container\">\n\t\t<div class=\"elementor-element elementor-element-6892765 e-con-full e-flex e-con e-child\" data-id=\"6892765\" data-element_type=\"container\" data-e-type=\"container\" data-settings=\"{&quot;background_background&quot;:&quot;classic&quot;}\">\n\t\t<div class=\"elementor-element elementor-element-ec7f393 e-con-full e-flex e-con e-child\" data-id=\"ec7f393\" data-element_type=\"container\" data-e-type=\"container\">\n\t\t\t\t<div class=\"elementor-element elementor-element-3c51faa elementor-widget elementor-widget-image\" data-id=\"3c51faa\" data-element_type=\"widget\" data-e-type=\"widget\" data-widget_type=\"image.default\">\n\t\t\t\t<div class=\"elementor-widget-container\">\n\t\t\t\t\t\t\t\t\t\t\t\t\t\t\t<img loading=\"lazy\" decoding=\"async\" width=\"23\" height=\"23\" src=\"https:\/\/convergen-ce.com\/wp-content\/uploads\/2026\/03\/target.svg\" class=\"attachment-full size-full wp-image-7248\" alt=\"\" \/>\t\t\t\t\t\t\t\t\t\t\t\t\t\t\t<\/div>\n\t\t\t\t<\/div>\n\t\t\t\t<div class=\"elementor-element elementor-element-f4246af elementor-widget elementor-widget-heading\" data-id=\"f4246af\" data-element_type=\"widget\" data-e-type=\"widget\" data-widget_type=\"heading.default\">\n\t\t\t\t<div class=\"elementor-widget-container\">\n\t\t\t\t\t<h4 class=\"elementor-heading-title elementor-size-default\">C\u00e9lunk:<\/h4>\t\t\t\t<\/div>\n\t\t\t\t<\/div>\n\t\t\t\t<\/div>\n\t\t\t\t<div class=\"elementor-element elementor-element-3847c26 elementor-widget elementor-widget-heading\" data-id=\"3847c26\" data-element_type=\"widget\" data-e-type=\"widget\" data-widget_type=\"heading.default\">\n\t\t\t\t<div class=\"elementor-widget-container\">\n\t\t\t\t\t<p class=\"elementor-heading-title elementor-size-default\">Tapasztalt ingatlanszak\u00e9rt\u0151k\u00e9nt seg\u00edtu\u0308nk befektet\u0151inknek a sikeres kereskedelmi ingatlanok felkutat\u00e1s\u00e1ban \u00e9s a befektet\u00e9s megt\u00e9ru\u0308l\u00e9s\u00e9nek maximaliz\u00e1l\u00e1s\u00e1ban.<\/p>\t\t\t\t<\/div>\n\t\t\t\t<\/div>\n\t\t\t\t<\/div>\n\t\t<div class=\"elementor-element elementor-element-35e214e e-con-full e-flex e-con e-child\" data-id=\"35e214e\" data-element_type=\"container\" data-e-type=\"container\" data-settings=\"{&quot;background_background&quot;:&quot;classic&quot;}\">\n\t\t<div class=\"elementor-element elementor-element-ecd6fb5 e-con-full e-flex e-con e-child\" data-id=\"ecd6fb5\" data-element_type=\"container\" data-e-type=\"container\">\n\t\t\t\t<div class=\"elementor-element elementor-element-b8205c0 elementor-widget elementor-widget-image\" data-id=\"b8205c0\" data-element_type=\"widget\" data-e-type=\"widget\" data-widget_type=\"image.default\">\n\t\t\t\t<div class=\"elementor-widget-container\">\n\t\t\t\t\t\t\t\t\t\t\t\t\t\t\t<img loading=\"lazy\" decoding=\"async\" width=\"23\" height=\"23\" src=\"https:\/\/convergen-ce.com\/wp-content\/uploads\/2026\/03\/checkmark.svg\" class=\"attachment-full size-full wp-image-7246\" alt=\"\" \/>\t\t\t\t\t\t\t\t\t\t\t\t\t\t\t<\/div>\n\t\t\t\t<\/div>\n\t\t\t\t<div class=\"elementor-element elementor-element-e9603dc elementor-widget elementor-widget-heading\" data-id=\"e9603dc\" data-element_type=\"widget\" data-e-type=\"widget\" data-widget_type=\"heading.default\">\n\t\t\t\t<div class=\"elementor-widget-container\">\n\t\t\t\t\t<h4 class=\"elementor-heading-title elementor-size-default\">C\u00e9lkit\u0171z\u00e9s\u00fcnk:<\/h4>\t\t\t\t<\/div>\n\t\t\t\t<\/div>\n\t\t\t\t<\/div>\n\t\t\t\t<div class=\"elementor-element elementor-element-9f6faf6 elementor-widget elementor-widget-heading\" data-id=\"9f6faf6\" data-element_type=\"widget\" data-e-type=\"widget\" data-widget_type=\"heading.default\">\n\t\t\t\t<div class=\"elementor-widget-container\">\n\t\t\t\t\t<p class=\"elementor-heading-title elementor-size-default\">K\u00fcldet\u00e9s\u00fcnk, hogy Magyarorsz\u00e1g legkiemelked\u0151bb, \u00e9rt\u00e9kteremt\u0151 kereskedelmi ingatlanbefektet\u00e9si tan\u00e1csad\u00f3jak\u00e9nt \u00e9s vagyonkezel\u0151jek\u00e9nt folyamatosan er\u0151s\u00edts\u00fck piacvezet\u0151 szerep\u00fcnket.<\/p>\t\t\t\t<\/div>\n\t\t\t\t<\/div>\n\t\t\t\t<\/div>\n\t\t<div class=\"elementor-element elementor-element-0e1cbb4 e-con-full e-flex e-con e-child\" data-id=\"0e1cbb4\" data-element_type=\"container\" data-e-type=\"container\" data-settings=\"{&quot;background_background&quot;:&quot;classic&quot;}\">\n\t\t<div class=\"elementor-element elementor-element-bec3548 e-con-full e-flex e-con e-child\" data-id=\"bec3548\" data-element_type=\"container\" data-e-type=\"container\">\n\t\t\t\t<div class=\"elementor-element elementor-element-d3ff53a elementor-widget elementor-widget-image\" data-id=\"d3ff53a\" data-element_type=\"widget\" data-e-type=\"widget\" data-widget_type=\"image.default\">\n\t\t\t\t<div class=\"elementor-widget-container\">\n\t\t\t\t\t\t\t\t\t\t\t\t\t\t\t<img loading=\"lazy\" decoding=\"async\" width=\"23\" height=\"21\" src=\"https:\/\/convergen-ce.com\/wp-content\/uploads\/2026\/03\/diamond.svg\" class=\"attachment-full size-full wp-image-7244\" alt=\"\" \/>\t\t\t\t\t\t\t\t\t\t\t\t\t\t\t<\/div>\n\t\t\t\t<\/div>\n\t\t\t\t<div class=\"elementor-element elementor-element-d065af6 elementor-widget elementor-widget-heading\" data-id=\"d065af6\" data-element_type=\"widget\" data-e-type=\"widget\" data-widget_type=\"heading.default\">\n\t\t\t\t<div class=\"elementor-widget-container\">\n\t\t\t\t\t<h4 class=\"elementor-heading-title elementor-size-default\">\u00c9rt\u00e9keink:<\/h4>\t\t\t\t<\/div>\n\t\t\t\t<\/div>\n\t\t\t\t<\/div>\n\t\t\t\t<div class=\"elementor-element elementor-element-d598198 elementor-widget elementor-widget-heading\" data-id=\"d598198\" data-element_type=\"widget\" data-e-type=\"widget\" data-widget_type=\"heading.default\">\n\t\t\t\t<div class=\"elementor-widget-container\">\n\t\t\t\t\t<p class=\"elementor-heading-title elementor-size-default\">KIV\u00c1L\u00d3S\u00c1G \u2013 RUGALMASS\u00c1G \u2013 MEGB\u00cdZHAT\u00d3S\u00c1G\u2013 \u00c9RT\u00c9KTEREMT\u00c9S \u2013 SZAK\u00c9RTELEM \u2013 CSAPATSZELLEM<\/p>\t\t\t\t<\/div>\n\t\t\t\t<\/div>\n\t\t\t\t<\/div>\n\t\t\t\t<\/div>\n\t\t<div class=\"elementor-element elementor-element-4f5e523 e-con-full e-flex e-con e-child\" data-id=\"4f5e523\" data-element_type=\"container\" data-e-type=\"container\">\n\t\t<div class=\"elementor-element elementor-element-8bbf58d e-con-full custom-highlight-sidebar e-flex e-con e-child\" data-id=\"8bbf58d\" data-element_type=\"container\" data-e-type=\"container\" data-settings=\"{&quot;background_background&quot;:&quot;classic&quot;}\">\n\t\t\t\t<div class=\"elementor-element elementor-element-e1d8967 elementor-widget elementor-widget-heading\" data-id=\"e1d8967\" data-element_type=\"widget\" data-e-type=\"widget\" data-widget_type=\"heading.default\">\n\t\t\t\t<div class=\"elementor-widget-container\">\n\t\t\t\t\t<h5 class=\"elementor-heading-title elementor-size-default\">Bros\u00fara let\u00f6lt\u00e9se<\/h5>\t\t\t\t<\/div>\n\t\t\t\t<\/div>\n\t\t\t\t<div class=\"elementor-element elementor-element-0c16d0c elementor-widget elementor-widget-text-editor\" data-id=\"0c16d0c\" data-element_type=\"widget\" data-e-type=\"widget\" data-widget_type=\"text-editor.default\">\n\t\t\t\t<div class=\"elementor-widget-container\">\n\t\t\t\t\t\t\t\t\t<p>Tov\u00e1bbi inform\u00e1ci\u00f3k\u00e9rt t\u00f6ltsd le bros\u00far\u00e1nkat, vagy l\u00e9pj vel\u00fcnk k\u00f6zvetlen\u00fcl kapcsolatba.<\/p>\t\t\t\t\t\t\t\t<\/div>\n\t\t\t\t<\/div>\n\t\t\t\t<div class=\"elementor-element elementor-element-487a9b4 narancssarga-gomb-jobbra-nyillal elementor-widget elementor-widget-button\" data-id=\"487a9b4\" data-element_type=\"widget\" data-e-type=\"widget\" data-widget_type=\"button.default\">\n\t\t\t\t<div class=\"elementor-widget-container\">\n\t\t\t\t\t\t\t\t\t<div class=\"elementor-button-wrapper\">\n\t\t\t\t\t<a class=\"elementor-button elementor-button-link elementor-size-sm\" href=\"https:\/\/convergen-ce.com\/wp-content\/uploads\/2026\/04\/CCE_bemutatkozo_2026.pdf\">\n\t\t\t\t\t\t<span class=\"elementor-button-content-wrapper\">\n\t\t\t\t\t\t<span class=\"elementor-button-icon\">\n\t\t\t\t<svg aria-hidden=\"true\" class=\"e-font-icon-svg e-fas-download\" viewBox=\"0 0 512 512\" xmlns=\"http:\/\/www.w3.org\/2000\/svg\"><path d=\"M216 0h80c13.3 0 24 10.7 24 24v168h87.7c17.8 0 26.7 21.5 14.1 34.1L269.7 378.3c-7.5 7.5-19.8 7.5-27.3 0L90.1 226.1c-12.6-12.6-3.7-34.1 14.1-34.1H192V24c0-13.3 10.7-24 24-24zm296 376v112c0 13.3-10.7 24-24 24H24c-13.3 0-24-10.7-24-24V376c0-13.3 10.7-24 24-24h146.7l49 49c20.1 20.1 52.5 20.1 72.6 0l49-49H488c13.3 0 24 10.7 24 24zm-124 88c0-11-9-20-20-20s-20 9-20 20 9 20 20 20 20-9 20-20zm64 0c0-11-9-20-20-20s-20 9-20 20 9 20 20 20 20-9 20-20z\"><\/path><\/svg>\t\t\t<\/span>\n\t\t\t\t\t\t\t\t\t<span class=\"elementor-button-text\">Marketing Bros\u00fara <\/span>\n\t\t\t\t\t<\/span>\n\t\t\t\t\t<\/a>\n\t\t\t\t<\/div>\n\t\t\t\t\t\t\t\t<\/div>\n\t\t\t\t<\/div>\n\t\t\t\t<div class=\"elementor-element elementor-element-ef14442 elementor-position-left elementor-vertical-align-middle custom-sidebar-contact elementor-widget elementor-widget-image-box\" data-id=\"ef14442\" data-element_type=\"widget\" data-e-type=\"widget\" data-widget_type=\"image-box.default\">\n\t\t\t\t<div class=\"elementor-widget-container\">\n\t\t\t\t\t<div class=\"elementor-image-box-wrapper\"><figure class=\"elementor-image-box-img\"><img loading=\"lazy\" decoding=\"async\" width=\"1500\" height=\"1500\" src=\"https:\/\/convergen-ce.com\/wp-content\/uploads\/2026\/03\/Csaba-Zeley.png\" class=\"attachment-full size-full wp-image-7291\" alt=\"\" srcset=\"https:\/\/convergen-ce.com\/wp-content\/uploads\/2026\/03\/Csaba-Zeley.png 1500w, https:\/\/convergen-ce.com\/wp-content\/uploads\/2026\/03\/Csaba-Zeley-300x300.png 300w, https:\/\/convergen-ce.com\/wp-content\/uploads\/2026\/03\/Csaba-Zeley-1024x1024.png 1024w, https:\/\/convergen-ce.com\/wp-content\/uploads\/2026\/03\/Csaba-Zeley-150x150.png 150w, https:\/\/convergen-ce.com\/wp-content\/uploads\/2026\/03\/Csaba-Zeley-768x768.png 768w\" sizes=\"auto, (max-width: 1500px) 100vw, 1500px\" \/><\/figure><div class=\"elementor-image-box-content\"><p class=\"elementor-image-box-description\"><span style=\"color: #142D5A\">\n\nCsaba Zeley <\/span><br>\u00dcgyvezet\u0151 igazgat\u00f3<br><a href=\"mailto:%20office@convergen-ce.com\" style=\"color: #142D5A\">office@convergen-ce.com<\/a><\/p><\/div><\/div>\t\t\t\t<\/div>\n\t\t\t\t<\/div>\n\t\t\t\t<\/div>\n\t\t\t\t<\/div>\n\t\t\t\t\t<\/div>\n\t\t\t\t<\/div>\n\t\t<div class=\"elementor-element elementor-element-45c3cd6 e-flex e-con-boxed e-con e-parent\" data-id=\"45c3cd6\" data-element_type=\"container\" data-e-type=\"container\">\n\t\t\t\t\t<div class=\"e-con-inner\">\n\t\t<div class=\"elementor-element elementor-element-7023f67 e-con-full e-flex e-con e-child\" data-id=\"7023f67\" data-element_type=\"container\" data-e-type=\"container\" data-settings=\"{&quot;background_background&quot;:&quot;classic&quot;}\">\n\t\t\t\t<div class=\"elementor-element elementor-element-ef48f86 sarga-cimsor-2 elementor-widget elementor-widget-heading\" data-id=\"ef48f86\" data-element_type=\"widget\" data-e-type=\"widget\" data-widget_type=\"heading.default\">\n\t\t\t\t<div class=\"elementor-widget-container\">\n\t\t\t\t\t<h2 class=\"elementor-heading-title elementor-size-default\">T\u00f6rt\u00e9net\u00fcnk \u00e9s D\u00edjaink<\/h2>\t\t\t\t<\/div>\n\t\t\t\t<\/div>\n\t\t<div class=\"elementor-element elementor-element-db83041 e-con-full e-flex e-con e-child\" data-id=\"db83041\" data-element_type=\"container\" data-e-type=\"container\">\n\t\t\t\t<div class=\"elementor-element elementor-element-d282734 elementor-widget elementor-widget-image\" data-id=\"d282734\" data-element_type=\"widget\" data-e-type=\"widget\" data-widget_type=\"image.default\">\n\t\t\t\t<div class=\"elementor-widget-container\">\n\t\t\t\t\t\t\t\t\t\t\t\t\t\t\t<img loading=\"lazy\" decoding=\"async\" width=\"1600\" height=\"786\" src=\"https:\/\/convergen-ce.com\/wp-content\/uploads\/2026\/03\/timeline-hu-1.png\" class=\"attachment-full size-full wp-image-7925\" alt=\"\" srcset=\"https:\/\/convergen-ce.com\/wp-content\/uploads\/2026\/03\/timeline-hu-1.png 1600w, https:\/\/convergen-ce.com\/wp-content\/uploads\/2026\/03\/timeline-hu-1-300x147.png 300w, https:\/\/convergen-ce.com\/wp-content\/uploads\/2026\/03\/timeline-hu-1-1024x503.png 1024w, https:\/\/convergen-ce.com\/wp-content\/uploads\/2026\/03\/timeline-hu-1-768x377.png 768w, https:\/\/convergen-ce.com\/wp-content\/uploads\/2026\/03\/timeline-hu-1-1536x755.png 1536w\" sizes=\"auto, (max-width: 1600px) 100vw, 1600px\" \/>\t\t\t\t\t\t\t\t\t\t\t\t\t\t\t<\/div>\n\t\t\t\t<\/div>\n\t\t\t\t<\/div>\n\t\t\t\t<\/div>\n\t\t\t\t\t<\/div>\n\t\t\t\t<\/div>\n\t\t\t\t<\/div>\n\t\t","protected":false},"excerpt":{"rendered":"<p>Convergence &#8211; Ingatlan. Szak\u00e9rtelem. Bizalom. C\u00e9lunk: Tapasztalt ingatlanszak\u00e9rt\u0151k\u00e9nt seg\u00edtu\u0308nk befektet\u0151inknek a sikeres kereskedelmi ingatlanok felkutat\u00e1s\u00e1ban \u00e9s a befektet\u00e9s megt\u00e9ru\u0308l\u00e9s\u00e9nek maximaliz\u00e1l\u00e1s\u00e1ban. C\u00e9lkit\u0171z\u00e9s\u00fcnk: K\u00fcldet\u00e9s\u00fcnk, hogy Magyarorsz\u00e1g legkiemelked\u0151bb, \u00e9rt\u00e9kteremt\u0151 kereskedelmi ingatlanbefektet\u00e9si tan\u00e1csad\u00f3jak\u00e9nt \u00e9s vagyonkezel\u0151jek\u00e9nt folyamatosan er\u0151s\u00edts\u00fck piacvezet\u0151 szerep\u00fcnket. \u00c9rt\u00e9keink: KIV\u00c1L\u00d3S\u00c1G \u2013 RUGALMASS\u00c1G \u2013 MEGB\u00cdZHAT\u00d3S\u00c1G\u2013 \u00c9RT\u00c9KTEREMT\u00c9S \u2013 SZAK\u00c9RTELEM \u2013 CSAPATSZELLEM Bros\u00fara let\u00f6lt\u00e9se Tov\u00e1bbi inform\u00e1ci\u00f3k\u00e9rt t\u00f6ltsd le bros\u00far\u00e1nkat, vagy l\u00e9pj &#8230; <a title=\"T\u00f6rt\u00e9net\u00fcnk \u00e9s D\u00edjaink\" class=\"read-more\" href=\"https:\/\/convergen-ce.com\/hu\/tortenetunk-es-dijaink\" aria-label=\"Read more about T\u00f6rt\u00e9net\u00fcnk \u00e9s D\u00edjaink\">Olvasson tov\u00e1bb<\/a><\/p>\n","protected":false},"author":6,"featured_media":0,"parent":0,"menu_order":0,"comment_status":"closed","ping_status":"closed","template":"elementor_header_footer","meta":{"inline_featured_image":false,"footnotes":""},"class_list":["post-561","page","type-page","status-publish"],"_links":{"self":[{"href":"https:\/\/convergen-ce.com\/hu\/wp-json\/wp\/v2\/pages\/561","targetHints":{"allow":["GET"]}}],"collection":[{"href":"https:\/\/convergen-ce.com\/hu\/wp-json\/wp\/v2\/pages"}],"about":[{"href":"https:\/\/convergen-ce.com\/hu\/wp-json\/wp\/v2\/types\/page"}],"author":[{"embeddable":true,"href":"https:\/\/convergen-ce.com\/hu\/wp-json\/wp\/v2\/users\/6"}],"replies":[{"embeddable":true,"href":"https:\/\/convergen-ce.com\/hu\/wp-json\/wp\/v2\/comments?post=561"}],"version-history":[{"count":6,"href":"https:\/\/convergen-ce.com\/hu\/wp-json\/wp\/v2\/pages\/561\/revisions"}],"predecessor-version":[{"id":8232,"href":"https:\/\/convergen-ce.com\/hu\/wp-json\/wp\/v2\/pages\/561\/revisions\/8232"}],"wp:attachment":[{"href":"https:\/\/convergen-ce.com\/hu\/wp-json\/wp\/v2\/media?parent=561"}],"curies":[{"name":"wp","href":"https:\/\/api.w.org\/{rel}","templated":true}]}}